{"id":23639,"date":"2022-06-19T11:58:59","date_gmt":"2022-06-19T11:58:59","guid":{"rendered":"https:\/\/cosafe.com\/varaa-esittely\/"},"modified":"2025-07-03T11:05:14","modified_gmt":"2025-07-03T11:05:14","slug":"varaa-esittely","status":"publish","type":"page","link":"https:\/\/cosafe.com\/fi\/varaa-esittely\/","title":{"rendered":"Varaa esittely"},"content":{"rendered":"\t\t<div data-elementor-type=\"wp-page\" data-elementor-id=\"23639\" class=\"elementor elementor-23639 elementor-8710\" data-elementor-post-type=\"page\">\n\t\t\t\t\t\t<section class=\"elementor-section elementor-top-section elementor-element elementor-element-5f9a032 elementor-section-boxed elementor-section-height-default elementor-section-height-default\" data-id=\"5f9a032\" data-element_type=\"section\" data-e-type=\"section\" data-settings=\"{&quot;background_background&quot;:&quot;classic&quot;}\">\n\t\t\t\t\t\t<div class=\"elementor-container elementor-column-gap-default\">\n\t\t\t\t\t<div class=\"elementor-column elementor-col-50 elementor-top-column elementor-element elementor-element-824b6d2\" data-id=\"824b6d2\" data-element_type=\"column\" data-e-type=\"column\" data-settings=\"{&quot;animation&quot;:&quot;none&quot;}\">\n\t\t\t<div class=\"elementor-widget-wrap elementor-element-populated\">\n\t\t\t\t\t\t<div class=\"elementor-element elementor-element-ed0b206 elementor-widget elementor-widget-heading\" data-id=\"ed0b206\" data-element_type=\"widget\" data-e-type=\"widget\" data-widget_type=\"heading.default\">\n\t\t\t\t<div class=\"elementor-widget-container\">\n\t\t\t\t\t<h1 class=\"elementor-heading-title elementor-size-default\">Varaa esittely asiantuntijamme kanssa<\/h1>\t\t\t\t<\/div>\n\t\t\t\t<\/div>\n\t\t\t\t<div class=\"elementor-element elementor-element-53ab5e7 elementor-widget elementor-widget-text-editor\" data-id=\"53ab5e7\" data-element_type=\"widget\" data-e-type=\"widget\" data-widget_type=\"text-editor.default\">\n\t\t\t\t<div class=\"elementor-widget-container\">\n\t\t\t\t\t\t\t\t\tHaluamme tiet\u00e4\u00e4 lis\u00e4\u00e4 haasteistasi ja siit\u00e4, miten voimme auttaa sinua parantamaan valmiuttasi ja viestint\u00e4\u00e4si kriittisiss\u00e4 tilanteissa.\n\nKerromme, miten sadat muut asiakkaat k\u00e4ytt\u00e4v\u00e4t alustaa h\u00e4lytyksiin, h\u00e4iri\u00f6iden hallintaan ja ennaltaehk\u00e4isyyn.\t\t\t\t\t\t\t\t<\/div>\n\t\t\t\t<\/div>\n\t\t\t\t<section class=\"elementor-section elementor-inner-section elementor-element elementor-element-65ee99b elementor-section-full_width elementor-section-content-space-between elementor-section-height-default elementor-section-height-default\" data-id=\"65ee99b\" data-element_type=\"section\" data-e-type=\"section\">\n\t\t\t\t\t\t<div class=\"elementor-container elementor-column-gap-narrow\">\n\t\t\t\t\t<div class=\"elementor-column elementor-col-100 elementor-inner-column elementor-element elementor-element-6944eeb\" data-id=\"6944eeb\" data-element_type=\"column\" data-e-type=\"column\">\n\t\t\t<div class=\"elementor-widget-wrap elementor-element-populated\">\n\t\t\t\t\t\t<div class=\"elementor-element elementor-element-ea0c77c elementor-align-center elementor-widget__width-auto elementor-widget-tablet__width-initial elementor-tablet-align-left elementor-mobile-align-left elementor-widget elementor-widget-button\" data-id=\"ea0c77c\" data-element_type=\"widget\" data-e-type=\"widget\" data-widget_type=\"button.default\">\n\t\t\t\t<div class=\"elementor-widget-container\">\n\t\t\t\t\t\t\t\t\t<div class=\"elementor-button-wrapper\">\n\t\t\t\t\t<a class=\"elementor-button elementor-button-link elementor-size-sm elementor-animation-grow\" href=\"#varaa-tapaaminen\">\n\t\t\t\t\t\t<span class=\"elementor-button-content-wrapper\">\n\t\t\t\t\t\t\t\t\t<span class=\"elementor-button-text\">Varaa tapaaminen<\/span>\n\t\t\t\t\t<\/span>\n\t\t\t\t\t<\/a>\n\t\t\t\t<\/div>\n\t\t\t\t\t\t\t\t<\/div>\n\t\t\t\t<\/div>\n\t\t\t\t\t<\/div>\n\t\t<\/div>\n\t\t\t\t\t<\/div>\n\t\t<\/section>\n\t\t\t\t<section class=\"elementor-section elementor-inner-section elementor-element elementor-element-5d5fd9b elementor-section-boxed elementor-section-height-default elementor-section-height-default\" data-id=\"5d5fd9b\" data-element_type=\"section\" data-e-type=\"section\">\n\t\t\t\t\t\t<div class=\"elementor-container elementor-column-gap-default\">\n\t\t\t\t\t<div class=\"elementor-column elementor-col-100 elementor-inner-column elementor-element elementor-element-df0fbad\" data-id=\"df0fbad\" data-element_type=\"column\" data-e-type=\"column\">\n\t\t\t<div class=\"elementor-widget-wrap elementor-element-populated\">\n\t\t\t\t\t\t<div class=\"elementor-element elementor-element-590c87b elementor-widget elementor-widget-text-editor\" data-id=\"590c87b\" data-element_type=\"widget\" data-e-type=\"widget\" data-widget_type=\"text-editor.default\">\n\t\t\t\t<div class=\"elementor-widget-container\">\n\t\t\t\t\t\t\t\t\t<p>Voit my\u00f6s varata konsultaation soittamalla numeroon <a href=\"tel:+46840940020\">+46 8 409 400 20<\/a> tai l\u00e4hett\u00e4m\u00e4ll\u00e4 s\u00e4hk\u00f6postia osoitteeseen <a href=\"mailto:info@cosafe.com\">info@cosafe.com<\/a>.<\/p>\t\t\t\t\t\t\t\t<\/div>\n\t\t\t\t<\/div>\n\t\t\t\t\t<\/div>\n\t\t<\/div>\n\t\t\t\t\t<\/div>\n\t\t<\/section>\n\t\t\t\t\t<\/div>\n\t\t<\/div>\n\t\t\t\t<div class=\"elementor-column elementor-col-50 elementor-top-column elementor-element elementor-element-976ad82\" data-id=\"976ad82\" data-element_type=\"column\" data-e-type=\"column\">\n\t\t\t<div class=\"elementor-widget-wrap elementor-element-populated\">\n\t\t\t\t\t\t<div class=\"elementor-element elementor-element-93ea80b animated-slow elementor-invisible elementor-widget elementor-widget-image\" data-id=\"93ea80b\" data-element_type=\"widget\" data-e-type=\"widget\" data-settings=\"{&quot;_animation&quot;:&quot;fadeIn&quot;}\" data-widget_type=\"image.default\">\n\t\t\t\t<div class=\"elementor-widget-container\">\n\t\t\t\t\t\t\t\t\t\t\t\t\t\t\t<img loading=\"lazy\" loading=\"lazy\" decoding=\"async\" width=\"2560\" height=\"1710\" data-src=\"https:\/\/cosafe.com\/wp-content\/uploads\/2025\/02\/alexis-nicou-medarbetare-cosafe-1-1.webp\" class=\"attachment-full size-full wp-image-33472 lazyload\" alt=\"\" data-srcset=\"https:\/\/cosafe.com\/wp-content\/uploads\/2025\/02\/alexis-nicou-medarbetare-cosafe-1-1.webp 2560w, https:\/\/cosafe.com\/wp-content\/uploads\/2025\/02\/alexis-nicou-medarbetare-cosafe-1-1-300x200.webp 300w, https:\/\/cosafe.com\/wp-content\/uploads\/2025\/02\/alexis-nicou-medarbetare-cosafe-1-1-1024x684.webp 1024w, https:\/\/cosafe.com\/wp-content\/uploads\/2025\/02\/alexis-nicou-medarbetare-cosafe-1-1-768x513.webp 768w, https:\/\/cosafe.com\/wp-content\/uploads\/2025\/02\/alexis-nicou-medarbetare-cosafe-1-1-1536x1026.webp 1536w, https:\/\/cosafe.com\/wp-content\/uploads\/2025\/02\/alexis-nicou-medarbetare-cosafe-1-1-2048x1368.webp 2048w\" data-sizes=\"auto, (max-width: 2560px) 100vw, 2560px\" src=\"data:image\/gif;base64,R0lGODlhAQABAAAAACH5BAEKAAEALAAAAAABAAEAAAICTAEAOw==\" style=\"--smush-placeholder-width: 2560px; --smush-placeholder-aspect-ratio: 2560\/1710;\" \/><noscript><img loading=\"lazy\" loading=\"lazy\" decoding=\"async\" width=\"2560\" height=\"1710\" src=\"https:\/\/cosafe.com\/wp-content\/uploads\/2025\/02\/alexis-nicou-medarbetare-cosafe-1-1.webp\" class=\"attachment-full size-full wp-image-33472\" alt=\"\" srcset=\"https:\/\/cosafe.com\/wp-content\/uploads\/2025\/02\/alexis-nicou-medarbetare-cosafe-1-1.webp 2560w, https:\/\/cosafe.com\/wp-content\/uploads\/2025\/02\/alexis-nicou-medarbetare-cosafe-1-1-300x200.webp 300w, https:\/\/cosafe.com\/wp-content\/uploads\/2025\/02\/alexis-nicou-medarbetare-cosafe-1-1-1024x684.webp 1024w, https:\/\/cosafe.com\/wp-content\/uploads\/2025\/02\/alexis-nicou-medarbetare-cosafe-1-1-768x513.webp 768w, https:\/\/cosafe.com\/wp-content\/uploads\/2025\/02\/alexis-nicou-medarbetare-cosafe-1-1-1536x1026.webp 1536w, https:\/\/cosafe.com\/wp-content\/uploads\/2025\/02\/alexis-nicou-medarbetare-cosafe-1-1-2048x1368.webp 2048w\" sizes=\"auto, (max-width: 2560px) 100vw, 2560px\" \/><\/noscript>\t\t\t\t\t\t\t\t\t\t\t\t\t\t\t<\/div>\n\t\t\t\t<\/div>\n\t\t\t\t\t<\/div>\n\t\t<\/div>\n\t\t\t\t\t<\/div>\n\t\t<\/section>\n\t\t\t\t<section class=\"elementor-section elementor-top-section elementor-element elementor-element-ec6308d elementor-section-boxed elementor-section-height-default elementor-section-height-default\" data-id=\"ec6308d\" data-element_type=\"section\" data-e-type=\"section\" id=\"varaa-tapaaminen\" data-settings=\"{&quot;background_background&quot;:&quot;classic&quot;}\">\n\t\t\t\t\t\t<div class=\"elementor-container elementor-column-gap-default\">\n\t\t\t\t\t<div class=\"elementor-column elementor-col-100 elementor-top-column elementor-element elementor-element-13d43ae\" data-id=\"13d43ae\" data-element_type=\"column\" data-e-type=\"column\">\n\t\t\t<div class=\"elementor-widget-wrap elementor-element-populated\">\n\t\t\t\t\t\t<section class=\"elementor-section elementor-inner-section elementor-element elementor-element-3782a79 elementor-section-boxed elementor-section-height-default elementor-section-height-default\" data-id=\"3782a79\" data-element_type=\"section\" data-e-type=\"section\">\n\t\t\t\t\t\t<div class=\"elementor-container elementor-column-gap-default\">\n\t\t\t\t\t<div class=\"elementor-column elementor-col-100 elementor-inner-column elementor-element elementor-element-1e5c107\" data-id=\"1e5c107\" data-element_type=\"column\" data-e-type=\"column\">\n\t\t\t<div class=\"elementor-widget-wrap elementor-element-populated\">\n\t\t\t\t\t\t<div class=\"elementor-element elementor-element-95f8d77 elementor-widget elementor-widget-heading\" data-id=\"95f8d77\" data-element_type=\"widget\" data-e-type=\"widget\" data-widget_type=\"heading.default\">\n\t\t\t\t<div class=\"elementor-widget-container\">\n\t\t\t\t\t<h2 class=\"elementor-heading-title elementor-size-default\">Valitse sinulle sopiva aika<\/h2>\t\t\t\t<\/div>\n\t\t\t\t<\/div>\n\t\t\t\t\t<\/div>\n\t\t<\/div>\n\t\t\t\t\t<\/div>\n\t\t<\/section>\n\t\t\t\t<div class=\"elementor-element elementor-element-434f0d9 elementor-widget elementor-widget-html\" data-id=\"434f0d9\" data-element_type=\"widget\" data-e-type=\"widget\" data-widget_type=\"html.default\">\n\t\t\t\t<div class=\"elementor-widget-container\">\n\t\t\t\t\t<!-- Start of Meetings Embed Script -->\n    <div class=\"meetings-iframe-container\" data-src=\"https:\/\/meetings-eu1.hubspot.com\/info-cosafe\/55-min-demo-web-meeting?embed=true\"><\/div>\n    <script type=\"text\/javascript\" src=\"https:\/\/static.hsappstatic.net\/MeetingsEmbed\/ex\/MeetingsEmbedCode.js\"><\/script>\n  <!-- End of Meetings Embed Script -->\t\t\t\t<\/div>\n\t\t\t\t<\/div>\n\t\t\t\t\t<\/div>\n\t\t<\/div>\n\t\t\t\t\t<\/div>\n\t\t<\/section>\n\t\t\t\t<\/div>\n\t\t","protected":false},"excerpt":{"rendered":"<p>Varaa esittely asiantuntijamme kanssa Haluamme tiet\u00e4\u00e4 lis\u00e4\u00e4 haasteistasi ja siit\u00e4, miten voimme auttaa sinua parantamaan valmiuttasi ja viestint\u00e4\u00e4si kriittisiss\u00e4 tilanteissa. Kerromme, miten sadat muut asiakkaat k\u00e4ytt\u00e4v\u00e4t alustaa h\u00e4lytyksiin, h\u00e4iri\u00f6iden hallintaan ja ennaltaehk\u00e4isyyn. Varaa tapaaminen Voit my\u00f6s varata konsultaation soittamalla numeroon +46 8 409 400 20 tai l\u00e4hett\u00e4m\u00e4ll\u00e4 s\u00e4hk\u00f6postia osoitteeseen info@cosafe.com. Valitse sinulle sopiva aika<\/p>\n","protected":false},"author":1,"featured_media":0,"parent":0,"menu_order":0,"comment_status":"closed","ping_status":"closed","template":"","meta":{"_acf_changed":false,"content-type":"","site-sidebar-layout":"no-sidebar","site-content-layout":"page-builder","ast-site-content-layout":"full-width-container","site-content-style":"unboxed","site-sidebar-style":"unboxed","ast-global-header-display":"","ast-banner-title-visibility":"","ast-main-header-display":"","ast-hfb-above-header-display":"","ast-hfb-below-header-display":"","ast-hfb-mobile-header-display":"","site-post-title":"disabled","ast-breadcrumbs-content":"","ast-featured-img":"disabled","footer-sml-layout":"","theme-transparent-header-meta":"default","adv-header-id-meta":"","stick-header-meta":"default","header-above-stick-meta":"","header-main-stick-meta":"","header-below-stick-meta":"","astra-migrate-meta-layouts":"default","ast-page-background-enabled":"default","ast-page-background-meta":{"desktop":{"background-color":"var(--ast-global-color-4)","background-image":"","background-repeat":"repeat","background-position":"center center","background-size":"auto","background-attachment":"scroll","background-type":"","background-media":"","overlay-type":"","overlay-color":"","overlay-opacity":"","overlay-gradient":""},"tablet":{"background-color":"","background-image":"","background-repeat":"repeat","background-position":"center center","background-size":"auto","background-attachment":"scroll","background-type":"","background-media":"","overlay-type":"","overlay-color":"","overlay-opacity":"","overlay-gradient":""},"mobile":{"background-color":"","background-image":"","background-repeat":"repeat","background-position":"center center","background-size":"auto","background-attachment":"scroll","background-type":"","background-media":"","overlay-type":"","overlay-color":"","overlay-opacity":"","overlay-gradient":""}},"ast-content-background-meta":{"desktop":{"background-color":"var(--ast-global-color-5)","background-image":"","background-repeat":"repeat","background-position":"center center","background-size":"auto","background-attachment":"scroll","background-type":"","background-media":"","overlay-type":"","overlay-color":"","overlay-opacity":"","overlay-gradient":""},"tablet":{"background-color":"var(--ast-global-color-5)","background-image":"","background-repeat":"repeat","background-position":"center center","background-size":"auto","background-attachment":"scroll","background-type":"","background-media":"","overlay-type":"","overlay-color":"","overlay-opacity":"","overlay-gradient":""},"mobile":{"background-color":"var(--ast-global-color-5)","background-image":"","background-repeat":"repeat","background-position":"center center","background-size":"auto","background-attachment":"scroll","background-type":"","background-media":"","overlay-type":"","overlay-color":"","overlay-opacity":"","overlay-gradient":""}},"footnotes":""},"class_list":["post-23639","page","type-page","status-publish","hentry"],"acf":[],"yoast_head":"<!-- This site is optimized with the Yoast SEO plugin v27.4 - https:\/\/yoast.com\/product\/yoast-seo-wordpress\/ -->\n<title>Cosafe | Keskustele asiantuntijoidemme kanssa<\/title>\n<meta name=\"description\" content=\"Paranna valmiuttasi ja viestint\u00e4\u00e4si kriittisten tapahtumien ja vaaratilanteiden varalta. Ota ensimm\u00e4inen askel ja varaa esittely kanssamme!\" \/>\n<meta name=\"robots\" content=\"index, follow, max-snippet:-1, max-image-preview:large, max-video-preview:-1\" \/>\n<link rel=\"canonical\" href=\"https:\/\/cosafe.com\/fi\/varaa-esittely\/\" \/>\n<meta property=\"og:locale\" content=\"fi_FI\" \/>\n<meta property=\"og:type\" content=\"article\" \/>\n<meta property=\"og:title\" content=\"Cosafe | Keskustele asiantuntijoidemme kanssa\" \/>\n<meta property=\"og:description\" content=\"Paranna valmiuttasi ja viestint\u00e4\u00e4si kriittisten tapahtumien ja vaaratilanteiden varalta. Ota ensimm\u00e4inen askel ja varaa esittely kanssamme!\" \/>\n<meta property=\"og:url\" content=\"https:\/\/cosafe.com\/fi\/varaa-esittely\/\" \/>\n<meta property=\"og:site_name\" content=\"Cosafe\" \/>\n<meta property=\"article:publisher\" content=\"https:\/\/www.facebook.com\/cosafe.technology\/\" \/>\n<meta property=\"article:modified_time\" content=\"2025-07-03T11:05:14+00:00\" \/>\n<meta property=\"og:image\" content=\"https:\/\/cosafe.com\/wp-content\/uploads\/2025\/02\/alexis-nicou-medarbetare-cosafe-1-1.webp\" \/>\n\t<meta property=\"og:image:width\" content=\"2560\" \/>\n\t<meta property=\"og:image:height\" content=\"1710\" \/>\n\t<meta property=\"og:image:type\" content=\"image\/webp\" \/>\n<meta name=\"twitter:card\" content=\"summary_large_image\" \/>\n<script type=\"application\/ld+json\" class=\"yoast-schema-graph\">{\"@context\":\"https:\\\/\\\/schema.org\",\"@graph\":[{\"@type\":\"WebPage\",\"@id\":\"https:\\\/\\\/cosafe.com\\\/fi\\\/varaa-esittely\\\/\",\"url\":\"https:\\\/\\\/cosafe.com\\\/fi\\\/varaa-esittely\\\/\",\"name\":\"Cosafe | Keskustele asiantuntijoidemme kanssa\",\"isPartOf\":{\"@id\":\"https:\\\/\\\/cosafe.com\\\/fi\\\/#website\"},\"primaryImageOfPage\":{\"@id\":\"https:\\\/\\\/cosafe.com\\\/fi\\\/varaa-esittely\\\/#primaryimage\"},\"image\":{\"@id\":\"https:\\\/\\\/cosafe.com\\\/fi\\\/varaa-esittely\\\/#primaryimage\"},\"thumbnailUrl\":\"https:\\\/\\\/cosafe.com\\\/wp-content\\\/uploads\\\/2025\\\/02\\\/alexis-nicou-medarbetare-cosafe-1-1.webp\",\"datePublished\":\"2022-06-19T11:58:59+00:00\",\"dateModified\":\"2025-07-03T11:05:14+00:00\",\"description\":\"Paranna valmiuttasi ja viestint\u00e4\u00e4si kriittisten tapahtumien ja vaaratilanteiden varalta. Ota ensimm\u00e4inen askel ja varaa esittely kanssamme!\",\"breadcrumb\":{\"@id\":\"https:\\\/\\\/cosafe.com\\\/fi\\\/varaa-esittely\\\/#breadcrumb\"},\"inLanguage\":\"fi\",\"potentialAction\":[{\"@type\":\"ReadAction\",\"target\":[\"https:\\\/\\\/cosafe.com\\\/fi\\\/varaa-esittely\\\/\"]}]},{\"@type\":\"ImageObject\",\"inLanguage\":\"fi\",\"@id\":\"https:\\\/\\\/cosafe.com\\\/fi\\\/varaa-esittely\\\/#primaryimage\",\"url\":\"https:\\\/\\\/cosafe.com\\\/wp-content\\\/uploads\\\/2025\\\/02\\\/alexis-nicou-medarbetare-cosafe-1-1.webp\",\"contentUrl\":\"https:\\\/\\\/cosafe.com\\\/wp-content\\\/uploads\\\/2025\\\/02\\\/alexis-nicou-medarbetare-cosafe-1-1.webp\"},{\"@type\":\"BreadcrumbList\",\"@id\":\"https:\\\/\\\/cosafe.com\\\/fi\\\/varaa-esittely\\\/#breadcrumb\",\"itemListElement\":[{\"@type\":\"ListItem\",\"position\":1,\"name\":\"Home\",\"item\":\"https:\\\/\\\/cosafe.com\\\/fi\\\/\"},{\"@type\":\"ListItem\",\"position\":2,\"name\":\"Varaa esittely\"}]},{\"@type\":\"WebSite\",\"@id\":\"https:\\\/\\\/cosafe.com\\\/fi\\\/#website\",\"url\":\"https:\\\/\\\/cosafe.com\\\/fi\\\/\",\"name\":\"Cosafe\",\"description\":\"Alarms, Incident Management &amp; Smart Communication\",\"publisher\":{\"@id\":\"https:\\\/\\\/cosafe.com\\\/fi\\\/#organization\"},\"potentialAction\":[{\"@type\":\"SearchAction\",\"target\":{\"@type\":\"EntryPoint\",\"urlTemplate\":\"https:\\\/\\\/cosafe.com\\\/fi\\\/?s={search_term_string}\"},\"query-input\":{\"@type\":\"PropertyValueSpecification\",\"valueRequired\":true,\"valueName\":\"search_term_string\"}}],\"inLanguage\":\"fi\"},{\"@type\":\"Organization\",\"@id\":\"https:\\\/\\\/cosafe.com\\\/fi\\\/#organization\",\"name\":\"Cosafe\",\"url\":\"https:\\\/\\\/cosafe.com\\\/fi\\\/\",\"logo\":{\"@type\":\"ImageObject\",\"inLanguage\":\"fi\",\"@id\":\"https:\\\/\\\/cosafe.com\\\/fi\\\/#\\\/schema\\\/logo\\\/image\\\/\",\"url\":\"https:\\\/\\\/cosafe.com\\\/wp-content\\\/uploads\\\/2021\\\/10\\\/cosafe-admin-logo2.png\",\"contentUrl\":\"https:\\\/\\\/cosafe.com\\\/wp-content\\\/uploads\\\/2021\\\/10\\\/cosafe-admin-logo2.png\",\"width\":250,\"height\":61,\"caption\":\"Cosafe\"},\"image\":{\"@id\":\"https:\\\/\\\/cosafe.com\\\/fi\\\/#\\\/schema\\\/logo\\\/image\\\/\"},\"sameAs\":[\"https:\\\/\\\/www.facebook.com\\\/cosafe.technology\\\/\",\"https:\\\/\\\/se.linkedin.com\\\/company\\\/cosafe\"]}]}<\/script>\n<!-- \/ Yoast SEO plugin. -->","yoast_head_json":{"title":"Cosafe | Keskustele asiantuntijoidemme kanssa","description":"Paranna valmiuttasi ja viestint\u00e4\u00e4si kriittisten tapahtumien ja vaaratilanteiden varalta. Ota ensimm\u00e4inen askel ja varaa esittely kanssamme!","robots":{"index":"index","follow":"follow","max-snippet":"max-snippet:-1","max-image-preview":"max-image-preview:large","max-video-preview":"max-video-preview:-1"},"canonical":"https:\/\/cosafe.com\/fi\/varaa-esittely\/","og_locale":"fi_FI","og_type":"article","og_title":"Cosafe | Keskustele asiantuntijoidemme kanssa","og_description":"Paranna valmiuttasi ja viestint\u00e4\u00e4si kriittisten tapahtumien ja vaaratilanteiden varalta. Ota ensimm\u00e4inen askel ja varaa esittely kanssamme!","og_url":"https:\/\/cosafe.com\/fi\/varaa-esittely\/","og_site_name":"Cosafe","article_publisher":"https:\/\/www.facebook.com\/cosafe.technology\/","article_modified_time":"2025-07-03T11:05:14+00:00","og_image":[{"width":2560,"height":1710,"url":"https:\/\/cosafe.com\/wp-content\/uploads\/2025\/02\/alexis-nicou-medarbetare-cosafe-1-1.webp","type":"image\/webp"}],"twitter_card":"summary_large_image","schema":{"@context":"https:\/\/schema.org","@graph":[{"@type":"WebPage","@id":"https:\/\/cosafe.com\/fi\/varaa-esittely\/","url":"https:\/\/cosafe.com\/fi\/varaa-esittely\/","name":"Cosafe | Keskustele asiantuntijoidemme kanssa","isPartOf":{"@id":"https:\/\/cosafe.com\/fi\/#website"},"primaryImageOfPage":{"@id":"https:\/\/cosafe.com\/fi\/varaa-esittely\/#primaryimage"},"image":{"@id":"https:\/\/cosafe.com\/fi\/varaa-esittely\/#primaryimage"},"thumbnailUrl":"https:\/\/cosafe.com\/wp-content\/uploads\/2025\/02\/alexis-nicou-medarbetare-cosafe-1-1.webp","datePublished":"2022-06-19T11:58:59+00:00","dateModified":"2025-07-03T11:05:14+00:00","description":"Paranna valmiuttasi ja viestint\u00e4\u00e4si kriittisten tapahtumien ja vaaratilanteiden varalta. Ota ensimm\u00e4inen askel ja varaa esittely kanssamme!","breadcrumb":{"@id":"https:\/\/cosafe.com\/fi\/varaa-esittely\/#breadcrumb"},"inLanguage":"fi","potentialAction":[{"@type":"ReadAction","target":["https:\/\/cosafe.com\/fi\/varaa-esittely\/"]}]},{"@type":"ImageObject","inLanguage":"fi","@id":"https:\/\/cosafe.com\/fi\/varaa-esittely\/#primaryimage","url":"https:\/\/cosafe.com\/wp-content\/uploads\/2025\/02\/alexis-nicou-medarbetare-cosafe-1-1.webp","contentUrl":"https:\/\/cosafe.com\/wp-content\/uploads\/2025\/02\/alexis-nicou-medarbetare-cosafe-1-1.webp"},{"@type":"BreadcrumbList","@id":"https:\/\/cosafe.com\/fi\/varaa-esittely\/#breadcrumb","itemListElement":[{"@type":"ListItem","position":1,"name":"Home","item":"https:\/\/cosafe.com\/fi\/"},{"@type":"ListItem","position":2,"name":"Varaa esittely"}]},{"@type":"WebSite","@id":"https:\/\/cosafe.com\/fi\/#website","url":"https:\/\/cosafe.com\/fi\/","name":"Cosafe","description":"Alarms, Incident Management &amp; Smart Communication","publisher":{"@id":"https:\/\/cosafe.com\/fi\/#organization"},"potentialAction":[{"@type":"SearchAction","target":{"@type":"EntryPoint","urlTemplate":"https:\/\/cosafe.com\/fi\/?s={search_term_string}"},"query-input":{"@type":"PropertyValueSpecification","valueRequired":true,"valueName":"search_term_string"}}],"inLanguage":"fi"},{"@type":"Organization","@id":"https:\/\/cosafe.com\/fi\/#organization","name":"Cosafe","url":"https:\/\/cosafe.com\/fi\/","logo":{"@type":"ImageObject","inLanguage":"fi","@id":"https:\/\/cosafe.com\/fi\/#\/schema\/logo\/image\/","url":"https:\/\/cosafe.com\/wp-content\/uploads\/2021\/10\/cosafe-admin-logo2.png","contentUrl":"https:\/\/cosafe.com\/wp-content\/uploads\/2021\/10\/cosafe-admin-logo2.png","width":250,"height":61,"caption":"Cosafe"},"image":{"@id":"https:\/\/cosafe.com\/fi\/#\/schema\/logo\/image\/"},"sameAs":["https:\/\/www.facebook.com\/cosafe.technology\/","https:\/\/se.linkedin.com\/company\/cosafe"]}]}},"_links":{"self":[{"href":"https:\/\/cosafe.com\/fi\/wp-json\/wp\/v2\/pages\/23639","targetHints":{"allow":["GET"]}}],"collection":[{"href":"https:\/\/cosafe.com\/fi\/wp-json\/wp\/v2\/pages"}],"about":[{"href":"https:\/\/cosafe.com\/fi\/wp-json\/wp\/v2\/types\/page"}],"author":[{"embeddable":true,"href":"https:\/\/cosafe.com\/fi\/wp-json\/wp\/v2\/users\/1"}],"replies":[{"embeddable":true,"href":"https:\/\/cosafe.com\/fi\/wp-json\/wp\/v2\/comments?post=23639"}],"version-history":[{"count":0,"href":"https:\/\/cosafe.com\/fi\/wp-json\/wp\/v2\/pages\/23639\/revisions"}],"wp:attachment":[{"href":"https:\/\/cosafe.com\/fi\/wp-json\/wp\/v2\/media?parent=23639"}],"curies":[{"name":"wp","href":"https:\/\/api.w.org\/{rel}","templated":true}]}}