{"id":23647,"date":"2022-06-03T13:19:34","date_gmt":"2022-06-03T13:19:34","guid":{"rendered":"https:\/\/cosafe.com\/tietosuojakaytanto\/"},"modified":"2024-06-25T08:13:47","modified_gmt":"2024-06-25T08:13:47","slug":"tietosuojakaytanto","status":"publish","type":"page","link":"https:\/\/cosafe.com\/fi\/tietosuojakaytanto\/","title":{"rendered":"Tietosuojak\u00e4yt\u00e4nt\u00f6"},"content":{"rendered":"\t\t<div data-elementor-type=\"wp-page\" data-elementor-id=\"23647\" class=\"elementor elementor-23647 elementor-7861\" data-elementor-post-type=\"page\">\n\t\t\t\t\t\t<section class=\"elementor-section elementor-top-section elementor-element elementor-element-1727a0a elementor-hidden-desktop elementor-hidden-tablet elementor-section-boxed elementor-section-height-default elementor-section-height-default\" data-id=\"1727a0a\" data-element_type=\"section\" data-e-type=\"section\" data-settings=\"{&quot;background_background&quot;:&quot;classic&quot;}\">\n\t\t\t\t\t\t<div class=\"elementor-container elementor-column-gap-default\">\n\t\t\t\t\t<div class=\"elementor-column elementor-col-100 elementor-top-column elementor-element elementor-element-877a6df\" data-id=\"877a6df\" data-element_type=\"column\" data-e-type=\"column\">\n\t\t\t<div class=\"elementor-widget-wrap elementor-element-populated\">\n\t\t\t\t\t\t<div class=\"elementor-element elementor-element-88295a3 elementor-widget elementor-widget-spacer\" data-id=\"88295a3\" data-element_type=\"widget\" data-e-type=\"widget\" data-widget_type=\"spacer.default\">\n\t\t\t\t<div class=\"elementor-widget-container\">\n\t\t\t\t\t\t\t<div class=\"elementor-spacer\">\n\t\t\t<div class=\"elementor-spacer-inner\"><\/div>\n\t\t<\/div>\n\t\t\t\t\t\t<\/div>\n\t\t\t\t<\/div>\n\t\t\t\t\t<\/div>\n\t\t<\/div>\n\t\t\t\t\t<\/div>\n\t\t<\/section>\n\t\t\t\t<section class=\"elementor-section elementor-top-section elementor-element elementor-element-de839a1 elementor-section-boxed elementor-section-height-default elementor-section-height-default\" data-id=\"de839a1\" data-element_type=\"section\" data-e-type=\"section\">\n\t\t\t\t\t\t<div class=\"elementor-container elementor-column-gap-default\">\n\t\t\t\t\t<div class=\"elementor-column elementor-col-100 elementor-top-column elementor-element elementor-element-f788d7e\" data-id=\"f788d7e\" data-element_type=\"column\" data-e-type=\"column\">\n\t\t\t<div class=\"elementor-widget-wrap elementor-element-populated\">\n\t\t\t\t\t\t<div class=\"elementor-element elementor-element-0a80884 elementor-widget elementor-widget-heading\" data-id=\"0a80884\" data-element_type=\"widget\" data-e-type=\"widget\" data-widget_type=\"heading.default\">\n\t\t\t\t<div class=\"elementor-widget-container\">\n\t\t\t\t\t<h2 class=\"elementor-heading-title elementor-size-default\">Tietosuojak\u00e4yt\u00e4nt\u00f6<\/h2>\t\t\t\t<\/div>\n\t\t\t\t<\/div>\n\t\t\t\t<div class=\"elementor-element elementor-element-4dfeed8 elementor-widget__width-initial elementor-widget elementor-widget-text-editor\" data-id=\"4dfeed8\" data-element_type=\"widget\" data-e-type=\"widget\" data-widget_type=\"text-editor.default\">\n\t\t\t\t<div class=\"elementor-widget-container\">\n\t\t\t\t\t\t\t\t\t<p dir=\"ltr\">P\u00c4IVITETTY 5. joulukuuta 2023<\/p>\n<div>\n<p><strong>1. YLEIST\u00c4<br><\/strong>Cosafe Technology AB (yritysnumero 556987-4539) (j\u00e4ljemp\u00e4n\u00e4 &#8221;Cosafe&#8221;, &#8221;me&#8221; tai &#8221;meid\u00e4t&#8221;) huolehtii yksityisyytesi suojaamisesta. Siksi olemme laatineet t\u00e4m\u00e4n tietosuojak\u00e4yt\u00e4nn\u00f6n (j\u00e4ljemp\u00e4n\u00e4 &#8221;tietosuojak\u00e4yt\u00e4nt\u00f6&#8221;), jossa kuvataan, miten ker\u00e4\u00e4mme, k\u00e4yt\u00e4mme, jaamme, siirr\u00e4mme ja s\u00e4ilyt\u00e4mme tietoja, mukaan lukien henkil\u00f6tietosi, kun k\u00e4yt\u00e4t verkkosivustojamme cosafe.se, app.cosafe.se, admin.cosafe.se (j\u00e4ljemp\u00e4n\u00e4 &#8221;verkkosivusto&#8221;) ja palveluitamme Cosafe-mobiilisovellus, Cosafe-ty\u00f6p\u00f6yt\u00e4sovellus ja Cosafe-varoitusj\u00e4rjestelm\u00e4 (Cosafe Warning System, CWS) viestint\u00e4\u00e4 varten (j\u00e4ljemp\u00e4n\u00e4 yhteisesti &#8221;palvelut&#8221;). Palveluja tarjotaan muun muassa mobiilisovellustemme (&#8221;Sovellukset&#8221;) kautta. Henkil\u00f6tiedoilla tarkoitetaan kaikenlaisia tietoja, jotka voidaan suoraan tai v\u00e4lillisesti yhdist\u00e4\u00e4 elossa olevaan luonnolliseen henkil\u00f6\u00f6n. Cosafe on vastuussa henkil\u00f6tietojesi k\u00e4sittelyst\u00e4 t\u00e4m\u00e4n tietosuojak\u00e4yt\u00e4nn\u00f6n mukaisesti, ellei toisin sovita organisaation kanssa, johon kuulut.<\/p>\n<p><strong>2. SUOSTUMUS HENKIL\u00d6KOHTAISTEN TIETOJEN K\u00c4SITTELYYN<br><\/strong>Luomalla salasanan Cosafe-sivustolle annat nimenomaisen suostumuksesi henkil\u00f6tietojesi k\u00e4sittelyyn sek\u00e4 ev\u00e4steiden ja vastaavien tekniikoiden k\u00e4ytt\u00f6\u00f6n j\u00e4ljemp\u00e4n\u00e4 esitetyll\u00e4 tavalla.<\/p>\n<p><strong>3. MIT\u00c4 HENKIL\u00d6TIETOJA JA MUITA TIETOJA KER\u00c4\u00c4MME<br><\/strong><\/p>\n<p><b>K\u00e4ytt\u00e4j\u00e4tilin rekister\u00f6innin yhteydess\u00e4<br><\/b>K\u00e4ytt\u00e4j\u00e4tilin rekister\u00f6innin yhteydess\u00e4 palveluidemme k\u00e4ytt\u00f6\u00e4 varten ker\u00e4\u00e4mme tietoja nimest\u00e4si, s\u00e4hk\u00f6postiosoitteestasi, ty\u00f6nimest\u00e4si ja puhelinnumerostasi.<\/p>\n<p><strong>Kun k\u00e4yt\u00e4t palveluita<br><\/strong>Tallennamme tiettyj\u00e4 tietoja, kun k\u00e4yt\u00e4t palveluitamme, kun rekister\u00f6idyt tapahtumia tai kommunikoit muiden k\u00e4ytt\u00e4jien kanssa. Ker\u00e4\u00e4mme tietoja siit\u00e4, milloin ja kenelle viesti on l\u00e4hetetty, sek\u00e4 tietoja maantieteellisest\u00e4 sijainnistasi viestin l\u00e4hett\u00e4misen yhteydess\u00e4 h\u00e4lytys-, henkil\u00f6kohtainen h\u00e4lytys-, p\u00e4ivystysh\u00e4lytys- ja &#8221;Olen kunnossa&#8221; -toimintojen kautta, jos sallit t\u00e4m\u00e4n laitteessasi. Emme koskaan seuraa jatkuvasti maantieteellist\u00e4 sijaintiasi.<\/p>\n<p><strong>Tietoja laitteestasi<br><\/strong>Ker\u00e4\u00e4mme my\u00f6s tiettyj\u00e4 tietoja k\u00e4ytt\u00e4m\u00e4st\u00e4si tietokoneesta tai mobiililaitteesta, kuten IP-osoitteesi, erityiset laitetunnisteet, k\u00e4ytt\u00e4m\u00e4si selain ja k\u00e4ytt\u00f6j\u00e4rjestelm\u00e4, laitteen kieli ja aikavy\u00f6hyke sek\u00e4 k\u00e4ytt\u00e4m\u00e4si sovelluksen versio. K\u00e4yt\u00e4mme my\u00f6s ev\u00e4steit\u00e4 ja muita vastaavia tekniikoita n\u00e4iden tietojen ker\u00e4\u00e4miseen, katso kohta 8 alla.<\/p>\n<p><strong>Markkinatutkimus<br><\/strong>Jos osallistut markkinatutkimukseen tai vastaavaan, jonka teemme puolestamme, saatamme ker\u00e4t\u00e4 lis\u00e4tietoja t\u00e4ss\u00e4 tietosuojak\u00e4yt\u00e4nn\u00f6ss\u00e4 mainittujen tietojen lis\u00e4ksi. N\u00e4m\u00e4 tiedot voidaan yhdist\u00e4\u00e4 muihin meille antamiisi tietoihin sek\u00e4 julkisista l\u00e4hteist\u00e4 saatuihin tietoihin. Ker\u00e4\u00e4m\u00e4mme tiedot ilmoitetaan markkinatutkimuksen yhteydess\u00e4, ja sin\u00e4 hyv\u00e4ksyt ne kussakin yksitt\u00e4istapauksessa.<\/p>\n<p><strong>4. KUINKA K\u00c4YTT\u00c4MME KER\u00c4\u00c4MI\u00c4 TIETOJA<br><\/strong>Ker\u00e4\u00e4mi\u00e4mme tietoja, mukaan lukien henkil\u00f6tietoja, k\u00e4sittelemme tarjotaksemme verkkosivustomme ja palvelumme, varmistaaksemme, ett\u00e4 verkkosivustomme ja palvelumme toimivat tyydytt\u00e4v\u00e4sti, sek\u00e4 kehitt\u00e4\u00e4ksemme ja parantaaksemme verkkosivustoamme ja palveluitamme. Lis\u00e4ksi voimme k\u00e4ytt\u00e4\u00e4 n\u00e4it\u00e4 tietoja viestitt\u00e4\u00e4ksemme sinulle palveluitamme koskevista asioista.<\/p>\n<p>Saatamme my\u00f6s k\u00e4sitell\u00e4 henkil\u00f6tietojasi asiakasanalyysien tekemiseen, jotta voimme parantaa palveluitamme.<\/p>\n<p>K\u00e4yt\u00e4mme ker\u00e4\u00e4mi\u00e4mme tietoja my\u00f6s suojellaksemme k\u00e4ytt\u00e4ji\u00e4mme ja palveluitamme.<\/p>\n<p>Lis\u00e4ksi voimme k\u00e4sitell\u00e4 henkil\u00f6tietojasi, jos se on tarpeen sovellettavien lakien ja asetusten noudattamiseksi, valvontaviranomaisten tai toimivaltaisten tuomioistuinten pyynt\u00f6jen tai m\u00e4\u00e4r\u00e4ysten noudattamiseksi tai oikeuksiemme, omaisuutemme tai etujemme suojaamiseksi ja puolustamiseksi.<\/p>\n<p><strong>5. TURVALLISUUS<br><\/strong>Pid\u00e4mme huolta henkil\u00f6tietojesi suojaamisesta. T\u00e4m\u00e4n vuoksi toteutamme asianmukaiset tekniset ja organisatoriset turvatoimenpiteet yleisen tietosuoja-asetuksen s\u00e4\u00e4nn\u00f6sten mukaisesti suojellaksemme henkil\u00f6tietojasi siten, ett\u00e4 niit\u00e4 ei menetet\u00e4, varasteta, k\u00e4ytet\u00e4 luvattomasti, muuteta tai tuhota luvattomasti.<\/p>\n<p>Palveluiden k\u00e4ytt\u00e4mist\u00e4 varten valitsemasi salasana suojaa k\u00e4ytt\u00e4j\u00e4tili\u00e4si. Valitse siksi yksil\u00f6llinen ja vahva salasana ja varmista, ett\u00e4 kirjaudut ulos palveluista, kun et en\u00e4\u00e4 k\u00e4yt\u00e4 niit\u00e4. Jos ep\u00e4ilet, ett\u00e4 joku luvaton henkil\u00f6 on saanut tietoja salasanastasi tai p\u00e4\u00e4syst\u00e4 k\u00e4ytt\u00e4j\u00e4tilillesi, sinun on ilmoitettava meille v\u00e4litt\u00f6m\u00e4sti ja vaihdettava salasanasi.<\/p>\n<p><strong>6. TIETOJEN JAKAMINEN<\/strong><\/p>\n<p><strong>Ihmiset, joiden kanssa jaat ja kommunikoit<br><\/strong>Kun k\u00e4yt\u00e4t Palveluita kommunikoidaksesi muiden k\u00e4ytt\u00e4jien kanssa, voit valita, ketk\u00e4 muut k\u00e4ytt\u00e4j\u00e4t n\u00e4kev\u00e4t viestisi. Emme osallistu ryhmiss\u00e4si l\u00e4hett\u00e4miisi viesteihin, valokuviin tai asiakirjoihin.<\/p>\n<p><strong>Palveluntarjoajat<br><\/strong>Voidaksemme tarjota palveluja voimme luovuttaa henkil\u00f6tietojasi eri palveluntarjoajille, jotka k\u00e4sittelev\u00e4t henkil\u00f6tietojasi puolestamme.<\/p>\n<p>Edell\u00e4 mainituilla palveluntarjoajilla on p\u00e4\u00e4sy vain sellaisiin henkil\u00f6tietoihin, jotka ovat v\u00e4ltt\u00e4m\u00e4tt\u00f6mi\u00e4, jotta ne voivat t\u00e4ytt\u00e4\u00e4 velvollisuutensa meit\u00e4 kohtaan, ja ne voivat k\u00e4sitell\u00e4 henkil\u00f6tietojasi vain yleisen tietosuoja-asetuksen mukaisesti. Ne ovat my\u00f6s velvollisia toteuttamaan teknisi\u00e4 ja organisatorisia turvatoimia henkil\u00f6tietojesi suojaamiseksi samassa m\u00e4\u00e4rin kuin me.<\/p>\n<p><strong>7. MINORS<br><\/strong>Emme tietoisesti ker\u00e4\u00e4 henkil\u00f6tietoja alle 18-vuotiailta henkil\u00f6ilt\u00e4. Jos olet alle 18-vuotias, sinulla on oltava vanhempasi tai huoltajasi suostumus voidaksesi k\u00e4ytt\u00e4\u00e4 Palveluita. Jos saamme selville, ett\u00e4 olemme ker\u00e4nneet henkil\u00f6tietoja alle 18-vuotiailta henkil\u00f6ilt\u00e4 ilman vanhemman tai huoltajan suostumusta, ryhdymme toimiin tietojen poistamiseksi.<\/p>\n<p><strong>8. EV\u00c4STEIDEN JA VASTAAVIEN TEKNIIKOIDEN K\u00c4YTT\u00d6<\/strong><\/p>\n<p><strong>Mit\u00e4 ev\u00e4steet ovat?<br><\/strong>K\u00e4yt\u00e4mme verkkosivustollamme ja palveluissamme niin sanottuja ev\u00e4steit\u00e4. Ev\u00e4ste on tekstitiedosto, joka l\u00e4hetet\u00e4\u00e4n palvelimelta selaimeesi ja tallennetaan tietokoneellesi, matkapuhelimeesi tai tablettiisi, kun vierailet verkkosivustolla. Ev\u00e4steit\u00e4 k\u00e4ytet\u00e4\u00e4n esimerkiksi r\u00e4\u00e4t\u00e4l\u00f6ityjen verkkosivujen n\u00e4ytt\u00e4miseen k\u00e4vij\u00f6ille tai k\u00e4vij\u00e4tilastojen ker\u00e4\u00e4miseen. Jos selaimesi on asetettu hyv\u00e4ksym\u00e4\u00e4n ev\u00e4steet, laitteesi tiedot tallennetaan kullekin ev\u00e4steelle m\u00e4\u00e4ritettyyn p\u00e4\u00e4ttymisp\u00e4iv\u00e4\u00e4n asti.<\/p>\n<p>K\u00e4yt\u00e4mme todennusev\u00e4steen avulla, kun k\u00e4ytt\u00e4j\u00e4 on kirjautunut sis\u00e4\u00e4n, jotta voimme m\u00e4\u00e4ritt\u00e4\u00e4, milloin k\u00e4ytt\u00e4j\u00e4 on kirjautunut sis\u00e4\u00e4n, ja optimoida palvelun.<\/p>\n<p><strong>Muut vastaavat tekniikat<br><\/strong>Lis\u00e4ksi voimme k\u00e4ytt\u00e4\u00e4 verkkosivulla, palveluissa ja s\u00e4hk\u00f6postiviesteiss\u00e4 l\u00e4pin\u00e4kyvi\u00e4 kuvia (ns. clear GIF tai web beacons) tilastojen ker\u00e4\u00e4miseen sek\u00e4 verkkosivumme ja palveluidemme parantamiseen ja kehitt\u00e4miseen.<\/p>\n<p><strong>Suostumus ev\u00e4steiden ja vastaavien tekniikoiden k\u00e4ytt\u00f6\u00f6n<br><\/strong>Hyv\u00e4ksym\u00e4ll\u00e4 tietosuojak\u00e4yt\u00e4nt\u00f6mme hyv\u00e4ksyt ev\u00e4steiden ja vastaavien tekniikoiden k\u00e4yt\u00f6n edell\u00e4 mainittuihin tarkoituksiin. Jos et halua ev\u00e4steiden tallentuvan tietokoneellesi tai mobiililaitteellesi, voit muuttaa selaimesi asetuksia ev\u00e4steiden est\u00e4miseksi. Huomaa kuitenkin, ett\u00e4 jos p\u00e4\u00e4t\u00e4t est\u00e4\u00e4 ev\u00e4steiden k\u00e4yt\u00f6n, se voi tarkoittaa, ett\u00e4 tietyt verkkosivuston ja\/tai palveluiden osat eiv\u00e4t toimi oikein tai lainkaan.<\/p>\n<p><strong>9. HENKIL\u00d6KOHTAISTEN TIETOJEN SAATAVUUS JA S\u00c4ILYTYS<br><\/strong>S\u00e4ilyt\u00e4mme henkil\u00f6tietojasi yhteisymm\u00e4rryksess\u00e4 sen organisaation kanssa, johon kuulut, tietoja, joita tarvitaan lakis\u00e4\u00e4teisten tai s\u00e4\u00e4ntelyvaatimusten, valvontaviranomaisen pyynt\u00f6jen tai toimivaltaisten tuomioistuinten antamien kieltojen noudattamiseksi.<\/p>\n<p>Yleisen tietosuoja-asetuksen mukaan sinulla on oikeus pyyt\u00e4\u00e4 maksutta tietoja siit\u00e4, mit\u00e4 henkil\u00f6tietoja k\u00e4sittelemme, sek\u00e4 oikeus muuttaa, korjata tai est\u00e4\u00e4 henkil\u00f6tietoja.<\/p>\n<p>Jos sinulla on pyynt\u00f6j\u00e4, voit ottaa meihin yhteytt\u00e4 osoitteeseen info@cosafe.se. Hakemus on l\u00e4hetett\u00e4v\u00e4 samasta s\u00e4hk\u00f6postiosoitteesta, joka on rekister\u00f6ityneell\u00e4 k\u00e4ytt\u00e4j\u00e4ll\u00e4si Cosafessa (k\u00e4ytt\u00e4j\u00e4nimesi Cosafessa).<\/p>\n<p><strong>10. T\u00c4H\u00c4N TIETOSUOJAPOLITIIKKAAN TEHT\u00c4V\u00c4T LIS\u00c4YKSET JA MUUTOKSET<br><\/strong>Voimme aika ajoin tehd\u00e4 lis\u00e4yksi\u00e4 tai muutoksia t\u00e4h\u00e4n tietosuojak\u00e4yt\u00e4nt\u00f6\u00f6n. Sinulle ilmoitetaan, jos tietosuojak\u00e4yt\u00e4nt\u00f6\u00f6n tehd\u00e4\u00e4n merkitt\u00e4vi\u00e4 muutoksia.<\/p>\n<p><strong>11. YHTEYSTIEDOT<br><\/strong>Jos sinulla on kysytt\u00e4v\u00e4\u00e4 tai kommentoitavaa henkil\u00f6tietojesi k\u00e4sittelyst\u00e4 tai t\u00e4st\u00e4 tietosuojak\u00e4yt\u00e4nn\u00f6st\u00e4, ota meihin yhteytt\u00e4 seuraavaan s\u00e4hk\u00f6postiosoitteeseen:<\/p>\n<p>info@cosafe.se<\/p>\n<p>CoSafe Technology AB<br>Torstenssonsgatan 12<br>114 56 Tukholma<\/p>\n<\/div>\t\t\t\t\t\t\t\t<\/div>\n\t\t\t\t<\/div>\n\t\t\t\t\t<\/div>\n\t\t<\/div>\n\t\t\t\t\t<\/div>\n\t\t<\/section>\n\t\t\t\t<\/div>\n\t\t","protected":false},"excerpt":{"rendered":"<p>Tietosuojak\u00e4yt\u00e4nt\u00f6 P\u00c4IVITETTY 5. joulukuuta 2023 1. YLEIST\u00c4Cosafe Technology AB (yritysnumero 556987-4539) (j\u00e4ljemp\u00e4n\u00e4 &#8221;Cosafe&#8221;, &#8221;me&#8221; tai &#8221;meid\u00e4t&#8221;) huolehtii yksityisyytesi suojaamisesta. Siksi olemme laatineet t\u00e4m\u00e4n tietosuojak\u00e4yt\u00e4nn\u00f6n (j\u00e4ljemp\u00e4n\u00e4 &#8221;tietosuojak\u00e4yt\u00e4nt\u00f6&#8221;), jossa kuvataan, miten ker\u00e4\u00e4mme, k\u00e4yt\u00e4mme, jaamme, siirr\u00e4mme ja s\u00e4ilyt\u00e4mme tietoja, mukaan lukien henkil\u00f6tietosi, kun k\u00e4yt\u00e4t verkkosivustojamme cosafe.se, app.cosafe.se, admin.cosafe.se (j\u00e4ljemp\u00e4n\u00e4 &#8221;verkkosivusto&#8221;) ja palveluitamme Cosafe-mobiilisovellus, Cosafe-ty\u00f6p\u00f6yt\u00e4sovellus ja Cosafe-varoitusj\u00e4rjestelm\u00e4 (Cosafe Warning [&hellip;]<\/p>\n","protected":false},"author":12,"featured_media":0,"parent":0,"menu_order":0,"comment_status":"closed","ping_status":"closed","template":"","meta":{"_acf_changed":false,"content-type":"","site-sidebar-layout":"no-sidebar","site-content-layout":"page-builder","ast-site-content-layout":"full-width-container","site-content-style":"unboxed","site-sidebar-style":"unboxed","ast-global-header-display":"","ast-banner-title-visibility":"","ast-main-header-display":"","ast-hfb-above-header-display":"","ast-hfb-below-header-display":"","ast-hfb-mobile-header-display":"","site-post-title":"disabled","ast-breadcrumbs-content":"","ast-featured-img":"disabled","footer-sml-layout":"","theme-transparent-header-meta":"default","adv-header-id-meta":"","stick-header-meta":"default","header-above-stick-meta":"","header-main-stick-meta":"","header-below-stick-meta":"","astra-migrate-meta-layouts":"default","ast-page-background-enabled":"default","ast-page-background-meta":{"desktop":{"background-color":"var(--ast-global-color-4)","background-image":"","background-repeat":"repeat","background-position":"center center","background-size":"auto","background-attachment":"scroll","background-type":"","background-media":"","overlay-type":"","overlay-color":"","overlay-opacity":"","overlay-gradient":""},"tablet":{"background-color":"","background-image":"","background-repeat":"repeat","background-position":"center center","background-size":"auto","background-attachment":"scroll","background-type":"","background-media":"","overlay-type":"","overlay-color":"","overlay-opacity":"","overlay-gradient":""},"mobile":{"background-color":"","background-image":"","background-repeat":"repeat","background-position":"center center","background-size":"auto","background-attachment":"scroll","background-type":"","background-media":"","overlay-type":"","overlay-color":"","overlay-opacity":"","overlay-gradient":""}},"ast-content-background-meta":{"desktop":{"background-color":"var(--ast-global-color-5)","background-image":"","background-repeat":"repeat","background-position":"center center","background-size":"auto","background-attachment":"scroll","background-type":"","background-media":"","overlay-type":"","overlay-color":"","overlay-opacity":"","overlay-gradient":""},"tablet":{"background-color":"var(--ast-global-color-5)","background-image":"","background-repeat":"repeat","background-position":"center center","background-size":"auto","background-attachment":"scroll","background-type":"","background-media":"","overlay-type":"","overlay-color":"","overlay-opacity":"","overlay-gradient":""},"mobile":{"background-color":"var(--ast-global-color-5)","background-image":"","background-repeat":"repeat","background-position":"center center","background-size":"auto","background-attachment":"scroll","background-type":"","background-media":"","overlay-type":"","overlay-color":"","overlay-opacity":"","overlay-gradient":""}},"footnotes":""},"class_list":["post-23647","page","type-page","status-publish","hentry"],"acf":[],"yoast_head":"<!-- This site is optimized with the Yoast SEO plugin v27.4 - https:\/\/yoast.com\/product\/yoast-seo-wordpress\/ -->\n<title>Cosafe Integritets -politiikka<\/title>\n<meta name=\"description\" content=\"Tietosuojak\u00e4yt\u00e4nn\u00f6ss\u00e4mme kuvataan, miten ker\u00e4\u00e4mme, k\u00e4yt\u00e4mme, jaamme, siirr\u00e4mme ja s\u00e4ilyt\u00e4mme henkil\u00f6tietojasi verkkosivustoamme k\u00e4ytt\u00e4ess\u00e4si.\" \/>\n<meta name=\"robots\" content=\"index, follow, max-snippet:-1, max-image-preview:large, max-video-preview:-1\" \/>\n<link rel=\"canonical\" href=\"https:\/\/cosafe.com\/fi\/tietosuojakaytanto\/\" \/>\n<meta property=\"og:locale\" content=\"fi_FI\" \/>\n<meta property=\"og:type\" content=\"article\" \/>\n<meta property=\"og:title\" content=\"Cosafe Integritets -politiikka\" \/>\n<meta property=\"og:description\" content=\"Tietosuojak\u00e4yt\u00e4nn\u00f6ss\u00e4mme kuvataan, miten ker\u00e4\u00e4mme, k\u00e4yt\u00e4mme, jaamme, siirr\u00e4mme ja s\u00e4ilyt\u00e4mme henkil\u00f6tietojasi verkkosivustoamme k\u00e4ytt\u00e4ess\u00e4si.\" \/>\n<meta property=\"og:url\" content=\"https:\/\/cosafe.com\/fi\/tietosuojakaytanto\/\" \/>\n<meta property=\"og:site_name\" content=\"Cosafe\" \/>\n<meta property=\"article:publisher\" content=\"https:\/\/www.facebook.com\/cosafe.technology\/\" \/>\n<meta property=\"article:modified_time\" content=\"2024-06-25T08:13:47+00:00\" \/>\n<meta property=\"og:image\" content=\"https:\/\/cosafe.com\/wp-content\/uploads\/2025\/12\/cosafe-sharing-2.png\" \/>\n\t<meta property=\"og:image:width\" content=\"1200\" \/>\n\t<meta property=\"og:image:height\" content=\"675\" \/>\n\t<meta property=\"og:image:type\" content=\"image\/png\" \/>\n<meta name=\"twitter:card\" content=\"summary_large_image\" \/>\n<meta name=\"twitter:label1\" content=\"Arvioitu lukuaika\" \/>\n\t<meta name=\"twitter:data1\" content=\"6 minuuttia\" \/>\n<script type=\"application\/ld+json\" class=\"yoast-schema-graph\">{\"@context\":\"https:\\\/\\\/schema.org\",\"@graph\":[{\"@type\":\"WebPage\",\"@id\":\"https:\\\/\\\/cosafe.com\\\/fi\\\/tietosuojakaytanto\\\/\",\"url\":\"https:\\\/\\\/cosafe.com\\\/fi\\\/tietosuojakaytanto\\\/\",\"name\":\"Cosafe Integritets -politiikka\",\"isPartOf\":{\"@id\":\"https:\\\/\\\/cosafe.com\\\/fi\\\/#website\"},\"datePublished\":\"2022-06-03T13:19:34+00:00\",\"dateModified\":\"2024-06-25T08:13:47+00:00\",\"description\":\"Tietosuojak\u00e4yt\u00e4nn\u00f6ss\u00e4mme kuvataan, miten ker\u00e4\u00e4mme, k\u00e4yt\u00e4mme, jaamme, siirr\u00e4mme ja s\u00e4ilyt\u00e4mme henkil\u00f6tietojasi verkkosivustoamme k\u00e4ytt\u00e4ess\u00e4si.\",\"breadcrumb\":{\"@id\":\"https:\\\/\\\/cosafe.com\\\/fi\\\/tietosuojakaytanto\\\/#breadcrumb\"},\"inLanguage\":\"fi\",\"potentialAction\":[{\"@type\":\"ReadAction\",\"target\":[\"https:\\\/\\\/cosafe.com\\\/fi\\\/tietosuojakaytanto\\\/\"]}]},{\"@type\":\"BreadcrumbList\",\"@id\":\"https:\\\/\\\/cosafe.com\\\/fi\\\/tietosuojakaytanto\\\/#breadcrumb\",\"itemListElement\":[{\"@type\":\"ListItem\",\"position\":1,\"name\":\"Home\",\"item\":\"https:\\\/\\\/cosafe.com\\\/fi\\\/\"},{\"@type\":\"ListItem\",\"position\":2,\"name\":\"Tietosuojak\u00e4yt\u00e4nt\u00f6\"}]},{\"@type\":\"WebSite\",\"@id\":\"https:\\\/\\\/cosafe.com\\\/fi\\\/#website\",\"url\":\"https:\\\/\\\/cosafe.com\\\/fi\\\/\",\"name\":\"Cosafe\",\"description\":\"Alarms, Incident Management &amp; Smart Communication\",\"publisher\":{\"@id\":\"https:\\\/\\\/cosafe.com\\\/fi\\\/#organization\"},\"potentialAction\":[{\"@type\":\"SearchAction\",\"target\":{\"@type\":\"EntryPoint\",\"urlTemplate\":\"https:\\\/\\\/cosafe.com\\\/fi\\\/?s={search_term_string}\"},\"query-input\":{\"@type\":\"PropertyValueSpecification\",\"valueRequired\":true,\"valueName\":\"search_term_string\"}}],\"inLanguage\":\"fi\"},{\"@type\":\"Organization\",\"@id\":\"https:\\\/\\\/cosafe.com\\\/fi\\\/#organization\",\"name\":\"Cosafe\",\"url\":\"https:\\\/\\\/cosafe.com\\\/fi\\\/\",\"logo\":{\"@type\":\"ImageObject\",\"inLanguage\":\"fi\",\"@id\":\"https:\\\/\\\/cosafe.com\\\/fi\\\/#\\\/schema\\\/logo\\\/image\\\/\",\"url\":\"https:\\\/\\\/cosafe.com\\\/wp-content\\\/uploads\\\/2021\\\/10\\\/cosafe-admin-logo2.png\",\"contentUrl\":\"https:\\\/\\\/cosafe.com\\\/wp-content\\\/uploads\\\/2021\\\/10\\\/cosafe-admin-logo2.png\",\"width\":250,\"height\":61,\"caption\":\"Cosafe\"},\"image\":{\"@id\":\"https:\\\/\\\/cosafe.com\\\/fi\\\/#\\\/schema\\\/logo\\\/image\\\/\"},\"sameAs\":[\"https:\\\/\\\/www.facebook.com\\\/cosafe.technology\\\/\",\"https:\\\/\\\/se.linkedin.com\\\/company\\\/cosafe\"]}]}<\/script>\n<!-- \/ Yoast SEO plugin. -->","yoast_head_json":{"title":"Cosafe Integritets -politiikka","description":"Tietosuojak\u00e4yt\u00e4nn\u00f6ss\u00e4mme kuvataan, miten ker\u00e4\u00e4mme, k\u00e4yt\u00e4mme, jaamme, siirr\u00e4mme ja s\u00e4ilyt\u00e4mme henkil\u00f6tietojasi verkkosivustoamme k\u00e4ytt\u00e4ess\u00e4si.","robots":{"index":"index","follow":"follow","max-snippet":"max-snippet:-1","max-image-preview":"max-image-preview:large","max-video-preview":"max-video-preview:-1"},"canonical":"https:\/\/cosafe.com\/fi\/tietosuojakaytanto\/","og_locale":"fi_FI","og_type":"article","og_title":"Cosafe Integritets -politiikka","og_description":"Tietosuojak\u00e4yt\u00e4nn\u00f6ss\u00e4mme kuvataan, miten ker\u00e4\u00e4mme, k\u00e4yt\u00e4mme, jaamme, siirr\u00e4mme ja s\u00e4ilyt\u00e4mme henkil\u00f6tietojasi verkkosivustoamme k\u00e4ytt\u00e4ess\u00e4si.","og_url":"https:\/\/cosafe.com\/fi\/tietosuojakaytanto\/","og_site_name":"Cosafe","article_publisher":"https:\/\/www.facebook.com\/cosafe.technology\/","article_modified_time":"2024-06-25T08:13:47+00:00","og_image":[{"width":1200,"height":675,"url":"https:\/\/cosafe.com\/wp-content\/uploads\/2025\/12\/cosafe-sharing-2.png","type":"image\/png"}],"twitter_card":"summary_large_image","twitter_misc":{"Arvioitu lukuaika":"6 minuuttia"},"schema":{"@context":"https:\/\/schema.org","@graph":[{"@type":"WebPage","@id":"https:\/\/cosafe.com\/fi\/tietosuojakaytanto\/","url":"https:\/\/cosafe.com\/fi\/tietosuojakaytanto\/","name":"Cosafe Integritets -politiikka","isPartOf":{"@id":"https:\/\/cosafe.com\/fi\/#website"},"datePublished":"2022-06-03T13:19:34+00:00","dateModified":"2024-06-25T08:13:47+00:00","description":"Tietosuojak\u00e4yt\u00e4nn\u00f6ss\u00e4mme kuvataan, miten ker\u00e4\u00e4mme, k\u00e4yt\u00e4mme, jaamme, siirr\u00e4mme ja s\u00e4ilyt\u00e4mme henkil\u00f6tietojasi verkkosivustoamme k\u00e4ytt\u00e4ess\u00e4si.","breadcrumb":{"@id":"https:\/\/cosafe.com\/fi\/tietosuojakaytanto\/#breadcrumb"},"inLanguage":"fi","potentialAction":[{"@type":"ReadAction","target":["https:\/\/cosafe.com\/fi\/tietosuojakaytanto\/"]}]},{"@type":"BreadcrumbList","@id":"https:\/\/cosafe.com\/fi\/tietosuojakaytanto\/#breadcrumb","itemListElement":[{"@type":"ListItem","position":1,"name":"Home","item":"https:\/\/cosafe.com\/fi\/"},{"@type":"ListItem","position":2,"name":"Tietosuojak\u00e4yt\u00e4nt\u00f6"}]},{"@type":"WebSite","@id":"https:\/\/cosafe.com\/fi\/#website","url":"https:\/\/cosafe.com\/fi\/","name":"Cosafe","description":"Alarms, Incident Management &amp; Smart Communication","publisher":{"@id":"https:\/\/cosafe.com\/fi\/#organization"},"potentialAction":[{"@type":"SearchAction","target":{"@type":"EntryPoint","urlTemplate":"https:\/\/cosafe.com\/fi\/?s={search_term_string}"},"query-input":{"@type":"PropertyValueSpecification","valueRequired":true,"valueName":"search_term_string"}}],"inLanguage":"fi"},{"@type":"Organization","@id":"https:\/\/cosafe.com\/fi\/#organization","name":"Cosafe","url":"https:\/\/cosafe.com\/fi\/","logo":{"@type":"ImageObject","inLanguage":"fi","@id":"https:\/\/cosafe.com\/fi\/#\/schema\/logo\/image\/","url":"https:\/\/cosafe.com\/wp-content\/uploads\/2021\/10\/cosafe-admin-logo2.png","contentUrl":"https:\/\/cosafe.com\/wp-content\/uploads\/2021\/10\/cosafe-admin-logo2.png","width":250,"height":61,"caption":"Cosafe"},"image":{"@id":"https:\/\/cosafe.com\/fi\/#\/schema\/logo\/image\/"},"sameAs":["https:\/\/www.facebook.com\/cosafe.technology\/","https:\/\/se.linkedin.com\/company\/cosafe"]}]}},"_links":{"self":[{"href":"https:\/\/cosafe.com\/fi\/wp-json\/wp\/v2\/pages\/23647","targetHints":{"allow":["GET"]}}],"collection":[{"href":"https:\/\/cosafe.com\/fi\/wp-json\/wp\/v2\/pages"}],"about":[{"href":"https:\/\/cosafe.com\/fi\/wp-json\/wp\/v2\/types\/page"}],"author":[{"embeddable":true,"href":"https:\/\/cosafe.com\/fi\/wp-json\/wp\/v2\/users\/12"}],"replies":[{"embeddable":true,"href":"https:\/\/cosafe.com\/fi\/wp-json\/wp\/v2\/comments?post=23647"}],"version-history":[{"count":0,"href":"https:\/\/cosafe.com\/fi\/wp-json\/wp\/v2\/pages\/23647\/revisions"}],"wp:attachment":[{"href":"https:\/\/cosafe.com\/fi\/wp-json\/wp\/v2\/media?parent=23647"}],"curies":[{"name":"wp","href":"https:\/\/api.w.org\/{rel}","templated":true}]}}