{"id":19720,"date":"2022-06-19T11:58:59","date_gmt":"2022-06-19T11:58:59","guid":{"rendered":"https:\/\/cosafe.com\/reserver-une-demonstration\/"},"modified":"2026-02-02T12:58:50","modified_gmt":"2026-02-02T12:58:50","slug":"reserver-une-demonstration","status":"publish","type":"page","link":"https:\/\/cosafe.com\/fr\/reserver-une-demonstration\/","title":{"rendered":"R\u00e9server une d\u00e9monstration"},"content":{"rendered":"\t\t<div data-elementor-type=\"wp-page\" data-elementor-id=\"19720\" class=\"elementor elementor-19720 elementor-8710\" data-elementor-post-type=\"page\">\n\t\t\t\t\t\t<section class=\"elementor-section elementor-top-section elementor-element elementor-element-83cbe8c elementor-section-boxed elementor-section-height-default elementor-section-height-default\" data-id=\"83cbe8c\" data-element_type=\"section\" data-e-type=\"section\" data-settings=\"{&quot;background_background&quot;:&quot;classic&quot;}\">\n\t\t\t\t\t\t<div class=\"elementor-container elementor-column-gap-default\">\n\t\t\t\t\t<div class=\"elementor-column elementor-col-50 elementor-top-column elementor-element elementor-element-77b5fa7\" data-id=\"77b5fa7\" data-element_type=\"column\" data-e-type=\"column\" data-settings=\"{&quot;animation&quot;:&quot;none&quot;}\">\n\t\t\t<div class=\"elementor-widget-wrap elementor-element-populated\">\n\t\t\t\t\t\t<div class=\"elementor-element elementor-element-dd98005 elementor-widget elementor-widget-heading\" data-id=\"dd98005\" data-element_type=\"widget\" data-e-type=\"widget\" data-widget_type=\"heading.default\">\n\t\t\t\t<div class=\"elementor-widget-container\">\n\t\t\t\t\t<h1 class=\"elementor-heading-title elementor-size-default\">R\u00e9servez une d\u00e9monstration avec l'un de nos experts<\/h1>\t\t\t\t<\/div>\n\t\t\t\t<\/div>\n\t\t\t\t<div class=\"elementor-element elementor-element-fedfa2a elementor-widget elementor-widget-text-editor\" data-id=\"fedfa2a\" data-element_type=\"widget\" data-e-type=\"widget\" data-widget_type=\"text-editor.default\">\n\t\t\t\t<div class=\"elementor-widget-container\">\n\t\t\t\t\t\t\t\t\t<p>Nous voulons en savoir plus sur vos d\u00e9fis et sur la mani\u00e8re dont nous pouvons vous aider \u00e0 am\u00e9liorer votre pr\u00e9paration et votre communication en cas d&rsquo;incidents critiques.<\/p><p>Nous vous expliquons comment des centaines d&rsquo;autres clients utilisent notre plateforme pour alerter, g\u00e9rer et pr\u00e9venir les incidents.<\/p>\t\t\t\t\t\t\t\t<\/div>\n\t\t\t\t<\/div>\n\t\t\t\t<section class=\"elementor-section elementor-inner-section elementor-element elementor-element-c5bd7bc elementor-section-full_width elementor-section-content-space-between elementor-section-height-default elementor-section-height-default\" data-id=\"c5bd7bc\" data-element_type=\"section\" data-e-type=\"section\">\n\t\t\t\t\t\t<div class=\"elementor-container elementor-column-gap-narrow\">\n\t\t\t\t\t<div class=\"elementor-column elementor-col-100 elementor-inner-column elementor-element elementor-element-f65f579\" data-id=\"f65f579\" data-element_type=\"column\" data-e-type=\"column\">\n\t\t\t<div class=\"elementor-widget-wrap elementor-element-populated\">\n\t\t\t\t\t\t<div class=\"elementor-element elementor-element-0d5be27 elementor-align-center elementor-widget__width-auto elementor-widget-tablet__width-initial elementor-tablet-align-left elementor-mobile-align-left elementor-widget elementor-widget-button\" data-id=\"0d5be27\" data-element_type=\"widget\" data-e-type=\"widget\" data-widget_type=\"button.default\">\n\t\t\t\t<div class=\"elementor-widget-container\">\n\t\t\t\t\t\t\t\t\t<div class=\"elementor-button-wrapper\">\n\t\t\t\t\t<a class=\"elementor-button elementor-button-link elementor-size-sm elementor-animation-grow\" href=\"#planifier-un-rendez-vous\">\n\t\t\t\t\t\t<span class=\"elementor-button-content-wrapper\">\n\t\t\t\t\t\t\t\t\t<span class=\"elementor-button-text\">Planifier un rendez-vous<\/span>\n\t\t\t\t\t<\/span>\n\t\t\t\t\t<\/a>\n\t\t\t\t<\/div>\n\t\t\t\t\t\t\t\t<\/div>\n\t\t\t\t<\/div>\n\t\t\t\t\t<\/div>\n\t\t<\/div>\n\t\t\t\t\t<\/div>\n\t\t<\/section>\n\t\t\t\t<section class=\"elementor-section elementor-inner-section elementor-element elementor-element-648d693 elementor-section-boxed elementor-section-height-default elementor-section-height-default\" data-id=\"648d693\" data-element_type=\"section\" data-e-type=\"section\">\n\t\t\t\t\t\t<div class=\"elementor-container elementor-column-gap-default\">\n\t\t\t\t\t<div class=\"elementor-column elementor-col-100 elementor-inner-column elementor-element elementor-element-7e08c82\" data-id=\"7e08c82\" data-element_type=\"column\" data-e-type=\"column\">\n\t\t\t<div class=\"elementor-widget-wrap elementor-element-populated\">\n\t\t\t\t\t\t<div class=\"elementor-element elementor-element-62b070f elementor-widget elementor-widget-text-editor\" data-id=\"62b070f\" data-element_type=\"widget\" data-e-type=\"widget\" data-widget_type=\"text-editor.default\">\n\t\t\t\t<div class=\"elementor-widget-container\">\n\t\t\t\t\t\t\t\t\t<p>Vous pouvez \u00e9galement r\u00e9server une consultation en nous appelant au <a href=\"tel:+460840940020\">+46 08 409 400 20<\/a> ou en envoyant un e-mail \u00e0 <a href=\"mailto:info@cosafe.com\">info@cosafe.com<\/a>.<\/p>\t\t\t\t\t\t\t\t<\/div>\n\t\t\t\t<\/div>\n\t\t\t\t\t<\/div>\n\t\t<\/div>\n\t\t\t\t\t<\/div>\n\t\t<\/section>\n\t\t\t\t\t<\/div>\n\t\t<\/div>\n\t\t\t\t<div class=\"elementor-column elementor-col-50 elementor-top-column elementor-element elementor-element-ab36b56\" data-id=\"ab36b56\" data-element_type=\"column\" data-e-type=\"column\">\n\t\t\t<div class=\"elementor-widget-wrap elementor-element-populated\">\n\t\t\t\t\t\t<div class=\"elementor-element elementor-element-5d81352 animated-slow elementor-invisible elementor-widget elementor-widget-image\" data-id=\"5d81352\" data-element_type=\"widget\" data-e-type=\"widget\" data-settings=\"{&quot;_animation&quot;:&quot;fadeIn&quot;}\" data-widget_type=\"image.default\">\n\t\t\t\t<div class=\"elementor-widget-container\">\n\t\t\t\t\t\t\t\t\t\t\t\t\t\t\t<img loading=\"lazy\" loading=\"lazy\" decoding=\"async\" width=\"2560\" height=\"1710\" data-src=\"https:\/\/cosafe.com\/wp-content\/uploads\/2025\/02\/alexis-nicou-medarbetare-cosafe-1-1.webp\" class=\"attachment-full size-full wp-image-33473 lazyload\" alt=\"\" data-srcset=\"https:\/\/cosafe.com\/wp-content\/uploads\/2025\/02\/alexis-nicou-medarbetare-cosafe-1-1.webp 2560w, https:\/\/cosafe.com\/wp-content\/uploads\/2025\/02\/alexis-nicou-medarbetare-cosafe-1-1-300x200.webp 300w, https:\/\/cosafe.com\/wp-content\/uploads\/2025\/02\/alexis-nicou-medarbetare-cosafe-1-1-1024x684.webp 1024w, https:\/\/cosafe.com\/wp-content\/uploads\/2025\/02\/alexis-nicou-medarbetare-cosafe-1-1-768x513.webp 768w, https:\/\/cosafe.com\/wp-content\/uploads\/2025\/02\/alexis-nicou-medarbetare-cosafe-1-1-1536x1026.webp 1536w, https:\/\/cosafe.com\/wp-content\/uploads\/2025\/02\/alexis-nicou-medarbetare-cosafe-1-1-2048x1368.webp 2048w\" data-sizes=\"auto, (max-width: 2560px) 100vw, 2560px\" src=\"data:image\/gif;base64,R0lGODlhAQABAAAAACH5BAEKAAEALAAAAAABAAEAAAICTAEAOw==\" style=\"--smush-placeholder-width: 2560px; --smush-placeholder-aspect-ratio: 2560\/1710;\" \/><noscript><img loading=\"lazy\" loading=\"lazy\" decoding=\"async\" width=\"2560\" height=\"1710\" src=\"https:\/\/cosafe.com\/wp-content\/uploads\/2025\/02\/alexis-nicou-medarbetare-cosafe-1-1.webp\" class=\"attachment-full size-full wp-image-33473\" alt=\"\" srcset=\"https:\/\/cosafe.com\/wp-content\/uploads\/2025\/02\/alexis-nicou-medarbetare-cosafe-1-1.webp 2560w, https:\/\/cosafe.com\/wp-content\/uploads\/2025\/02\/alexis-nicou-medarbetare-cosafe-1-1-300x200.webp 300w, https:\/\/cosafe.com\/wp-content\/uploads\/2025\/02\/alexis-nicou-medarbetare-cosafe-1-1-1024x684.webp 1024w, https:\/\/cosafe.com\/wp-content\/uploads\/2025\/02\/alexis-nicou-medarbetare-cosafe-1-1-768x513.webp 768w, https:\/\/cosafe.com\/wp-content\/uploads\/2025\/02\/alexis-nicou-medarbetare-cosafe-1-1-1536x1026.webp 1536w, https:\/\/cosafe.com\/wp-content\/uploads\/2025\/02\/alexis-nicou-medarbetare-cosafe-1-1-2048x1368.webp 2048w\" sizes=\"auto, (max-width: 2560px) 100vw, 2560px\" \/><\/noscript>\t\t\t\t\t\t\t\t\t\t\t\t\t\t\t<\/div>\n\t\t\t\t<\/div>\n\t\t\t\t\t<\/div>\n\t\t<\/div>\n\t\t\t\t\t<\/div>\n\t\t<\/section>\n\t\t\t\t<section class=\"elementor-section elementor-top-section elementor-element elementor-element-584fb8a elementor-section-boxed elementor-section-height-default elementor-section-height-default\" data-id=\"584fb8a\" data-element_type=\"section\" data-e-type=\"section\" id=\"planifier-un-rendez-vous\" data-settings=\"{&quot;background_background&quot;:&quot;classic&quot;}\">\n\t\t\t\t\t\t<div class=\"elementor-container elementor-column-gap-default\">\n\t\t\t\t\t<div class=\"elementor-column elementor-col-100 elementor-top-column elementor-element elementor-element-86126ca\" data-id=\"86126ca\" data-element_type=\"column\" data-e-type=\"column\">\n\t\t\t<div class=\"elementor-widget-wrap elementor-element-populated\">\n\t\t\t\t\t\t<section class=\"elementor-section elementor-inner-section elementor-element elementor-element-d46f3e1 elementor-section-boxed elementor-section-height-default elementor-section-height-default\" data-id=\"d46f3e1\" data-element_type=\"section\" data-e-type=\"section\">\n\t\t\t\t\t\t<div class=\"elementor-container elementor-column-gap-default\">\n\t\t\t\t\t<div class=\"elementor-column elementor-col-100 elementor-inner-column elementor-element elementor-element-c029952\" data-id=\"c029952\" data-element_type=\"column\" data-e-type=\"column\">\n\t\t\t<div class=\"elementor-widget-wrap elementor-element-populated\">\n\t\t\t\t\t\t<div class=\"elementor-element elementor-element-67d530e elementor-widget elementor-widget-heading\" data-id=\"67d530e\" data-element_type=\"widget\" data-e-type=\"widget\" data-widget_type=\"heading.default\">\n\t\t\t\t<div class=\"elementor-widget-container\">\n\t\t\t\t\t<h2 class=\"elementor-heading-title elementor-size-default\">Choisissez un moment qui vous convient<\/h2>\t\t\t\t<\/div>\n\t\t\t\t<\/div>\n\t\t\t\t\t<\/div>\n\t\t<\/div>\n\t\t\t\t\t<\/div>\n\t\t<\/section>\n\t\t\t\t<div class=\"elementor-element elementor-element-95d8666 elementor-widget elementor-widget-html\" data-id=\"95d8666\" data-element_type=\"widget\" data-e-type=\"widget\" data-widget_type=\"html.default\">\n\t\t\t\t<div class=\"elementor-widget-container\">\n\t\t\t\t\t<!-- Start of Meetings Embed Script -->\n    <div class=\"meetings-iframe-container\" data-src=\"https:\/\/meetings-eu1.hubspot.com\/info-cosafe\/55-min-demo-web-meeting?embed=true\"><\/div>\n    <script type=\"text\/javascript\" src=\"https:\/\/static.hsappstatic.net\/MeetingsEmbed\/ex\/MeetingsEmbedCode.js\"><\/script>\n  <!-- End of Meetings Embed Script -->\t\t\t\t<\/div>\n\t\t\t\t<\/div>\n\t\t\t\t\t<\/div>\n\t\t<\/div>\n\t\t\t\t\t<\/div>\n\t\t<\/section>\n\t\t\t\t<\/div>\n\t\t","protected":false},"excerpt":{"rendered":"<p>R\u00e9servez une d\u00e9monstration avec l&rsquo;un de nos experts Nous voulons en savoir plus sur vos d\u00e9fis et sur la mani\u00e8re dont nous pouvons vous aider \u00e0 am\u00e9liorer votre pr\u00e9paration et votre communication en cas d&rsquo;incidents critiques. Nous vous expliquons comment des centaines d&rsquo;autres clients utilisent notre plateforme pour alerter, g\u00e9rer et pr\u00e9venir les incidents. Planifier [&hellip;]<\/p>\n","protected":false},"author":1,"featured_media":0,"parent":0,"menu_order":0,"comment_status":"closed","ping_status":"closed","template":"","meta":{"_acf_changed":false,"content-type":"","site-sidebar-layout":"no-sidebar","site-content-layout":"page-builder","ast-site-content-layout":"full-width-container","site-content-style":"unboxed","site-sidebar-style":"unboxed","ast-global-header-display":"","ast-banner-title-visibility":"","ast-main-header-display":"","ast-hfb-above-header-display":"","ast-hfb-below-header-display":"","ast-hfb-mobile-header-display":"","site-post-title":"disabled","ast-breadcrumbs-content":"","ast-featured-img":"disabled","footer-sml-layout":"","theme-transparent-header-meta":"default","adv-header-id-meta":"","stick-header-meta":"default","header-above-stick-meta":"","header-main-stick-meta":"","header-below-stick-meta":"","astra-migrate-meta-layouts":"default","ast-page-background-enabled":"default","ast-page-background-meta":{"desktop":{"background-color":"var(--ast-global-color-4)","background-image":"","background-repeat":"repeat","background-position":"center center","background-size":"auto","background-attachment":"scroll","background-type":"","background-media":"","overlay-type":"","overlay-color":"","overlay-opacity":"","overlay-gradient":""},"tablet":{"background-color":"","background-image":"","background-repeat":"repeat","background-position":"center center","background-size":"auto","background-attachment":"scroll","background-type":"","background-media":"","overlay-type":"","overlay-color":"","overlay-opacity":"","overlay-gradient":""},"mobile":{"background-color":"","background-image":"","background-repeat":"repeat","background-position":"center center","background-size":"auto","background-attachment":"scroll","background-type":"","background-media":"","overlay-type":"","overlay-color":"","overlay-opacity":"","overlay-gradient":""}},"ast-content-background-meta":{"desktop":{"background-color":"var(--ast-global-color-5)","background-image":"","background-repeat":"repeat","background-position":"center center","background-size":"auto","background-attachment":"scroll","background-type":"","background-media":"","overlay-type":"","overlay-color":"","overlay-opacity":"","overlay-gradient":""},"tablet":{"background-color":"var(--ast-global-color-5)","background-image":"","background-repeat":"repeat","background-position":"center center","background-size":"auto","background-attachment":"scroll","background-type":"","background-media":"","overlay-type":"","overlay-color":"","overlay-opacity":"","overlay-gradient":""},"mobile":{"background-color":"var(--ast-global-color-5)","background-image":"","background-repeat":"repeat","background-position":"center center","background-size":"auto","background-attachment":"scroll","background-type":"","background-media":"","overlay-type":"","overlay-color":"","overlay-opacity":"","overlay-gradient":""}},"footnotes":""},"class_list":["post-19720","page","type-page","status-publish","hentry"],"acf":[],"yoast_head":"<!-- This site is optimized with the Yoast SEO plugin v27.5 - https:\/\/yoast.com\/product\/yoast-seo-wordpress\/ -->\n<title>Cosafe | Prata avec l&#039;un de nos sp\u00e9cialistes<\/title>\n<meta name=\"description\" content=\"Nous vous aiderons \u00e0 am\u00e9liorer le travail et la communication en cas d&#039;incidents ou d&#039;accidents graves. Ta premi\u00e8re \u00e9tape et la meilleure d\u00e9monstration pour les enfants !\" \/>\n<meta name=\"robots\" content=\"index, follow, max-snippet:-1, max-image-preview:large, max-video-preview:-1\" \/>\n<link rel=\"canonical\" href=\"https:\/\/cosafe.com\/fr\/reserver-une-demonstration\/\" \/>\n<meta property=\"og:locale\" content=\"fr_FR\" \/>\n<meta property=\"og:type\" content=\"article\" \/>\n<meta property=\"og:title\" content=\"Cosafe | Prata avec l&#039;un de nos sp\u00e9cialistes\" \/>\n<meta property=\"og:description\" content=\"Nous vous aiderons \u00e0 am\u00e9liorer le travail et la communication en cas d&#039;incidents ou d&#039;accidents graves. Ta premi\u00e8re \u00e9tape et la meilleure d\u00e9monstration pour les enfants !\" \/>\n<meta property=\"og:url\" content=\"https:\/\/cosafe.com\/fr\/reserver-une-demonstration\/\" \/>\n<meta property=\"og:site_name\" content=\"Cosafe\" \/>\n<meta property=\"article:publisher\" content=\"https:\/\/www.facebook.com\/cosafe.technology\/\" \/>\n<meta property=\"article:modified_time\" content=\"2026-02-02T12:58:50+00:00\" \/>\n<meta property=\"og:image\" content=\"https:\/\/cosafe.com\/wp-content\/uploads\/2025\/02\/alexis-nicou-medarbetare-cosafe-1-1.webp\" \/>\n\t<meta property=\"og:image:width\" content=\"2560\" \/>\n\t<meta property=\"og:image:height\" content=\"1710\" \/>\n\t<meta property=\"og:image:type\" content=\"image\/webp\" \/>\n<meta name=\"twitter:card\" content=\"summary_large_image\" \/>\n<script type=\"application\/ld+json\" class=\"yoast-schema-graph\">{\"@context\":\"https:\\\/\\\/schema.org\",\"@graph\":[{\"@type\":\"WebPage\",\"@id\":\"https:\\\/\\\/cosafe.com\\\/fr\\\/reserver-une-demonstration\\\/\",\"url\":\"https:\\\/\\\/cosafe.com\\\/fr\\\/reserver-une-demonstration\\\/\",\"name\":\"Cosafe | Prata avec l'un de nos sp\u00e9cialistes\",\"isPartOf\":{\"@id\":\"https:\\\/\\\/cosafe.com\\\/fr\\\/#website\"},\"primaryImageOfPage\":{\"@id\":\"https:\\\/\\\/cosafe.com\\\/fr\\\/reserver-une-demonstration\\\/#primaryimage\"},\"image\":{\"@id\":\"https:\\\/\\\/cosafe.com\\\/fr\\\/reserver-une-demonstration\\\/#primaryimage\"},\"thumbnailUrl\":\"https:\\\/\\\/cosafe.com\\\/wp-content\\\/uploads\\\/2025\\\/02\\\/alexis-nicou-medarbetare-cosafe-1-1.webp\",\"datePublished\":\"2022-06-19T11:58:59+00:00\",\"dateModified\":\"2026-02-02T12:58:50+00:00\",\"description\":\"Nous vous aiderons \u00e0 am\u00e9liorer le travail et la communication en cas d'incidents ou d'accidents graves. Ta premi\u00e8re \u00e9tape et la meilleure d\u00e9monstration pour les enfants !\",\"breadcrumb\":{\"@id\":\"https:\\\/\\\/cosafe.com\\\/fr\\\/reserver-une-demonstration\\\/#breadcrumb\"},\"inLanguage\":\"fr-FR\",\"potentialAction\":[{\"@type\":\"ReadAction\",\"target\":[\"https:\\\/\\\/cosafe.com\\\/fr\\\/reserver-une-demonstration\\\/\"]}]},{\"@type\":\"ImageObject\",\"inLanguage\":\"fr-FR\",\"@id\":\"https:\\\/\\\/cosafe.com\\\/fr\\\/reserver-une-demonstration\\\/#primaryimage\",\"url\":\"https:\\\/\\\/cosafe.com\\\/wp-content\\\/uploads\\\/2025\\\/02\\\/alexis-nicou-medarbetare-cosafe-1-1.webp\",\"contentUrl\":\"https:\\\/\\\/cosafe.com\\\/wp-content\\\/uploads\\\/2025\\\/02\\\/alexis-nicou-medarbetare-cosafe-1-1.webp\"},{\"@type\":\"BreadcrumbList\",\"@id\":\"https:\\\/\\\/cosafe.com\\\/fr\\\/reserver-une-demonstration\\\/#breadcrumb\",\"itemListElement\":[{\"@type\":\"ListItem\",\"position\":1,\"name\":\"Home\",\"item\":\"https:\\\/\\\/cosafe.com\\\/fr\\\/\"},{\"@type\":\"ListItem\",\"position\":2,\"name\":\"R\u00e9server une d\u00e9monstration\"}]},{\"@type\":\"WebSite\",\"@id\":\"https:\\\/\\\/cosafe.com\\\/fr\\\/#website\",\"url\":\"https:\\\/\\\/cosafe.com\\\/fr\\\/\",\"name\":\"Cosafe\",\"description\":\"Alarms, Incident Management &amp; Smart Communication\",\"publisher\":{\"@id\":\"https:\\\/\\\/cosafe.com\\\/fr\\\/#organization\"},\"potentialAction\":[{\"@type\":\"SearchAction\",\"target\":{\"@type\":\"EntryPoint\",\"urlTemplate\":\"https:\\\/\\\/cosafe.com\\\/fr\\\/?s={search_term_string}\"},\"query-input\":{\"@type\":\"PropertyValueSpecification\",\"valueRequired\":true,\"valueName\":\"search_term_string\"}}],\"inLanguage\":\"fr-FR\"},{\"@type\":\"Organization\",\"@id\":\"https:\\\/\\\/cosafe.com\\\/fr\\\/#organization\",\"name\":\"Cosafe\",\"url\":\"https:\\\/\\\/cosafe.com\\\/fr\\\/\",\"logo\":{\"@type\":\"ImageObject\",\"inLanguage\":\"fr-FR\",\"@id\":\"https:\\\/\\\/cosafe.com\\\/fr\\\/#\\\/schema\\\/logo\\\/image\\\/\",\"url\":\"https:\\\/\\\/cosafe.com\\\/wp-content\\\/uploads\\\/2021\\\/10\\\/cosafe-admin-logo2.png\",\"contentUrl\":\"https:\\\/\\\/cosafe.com\\\/wp-content\\\/uploads\\\/2021\\\/10\\\/cosafe-admin-logo2.png\",\"width\":250,\"height\":61,\"caption\":\"Cosafe\"},\"image\":{\"@id\":\"https:\\\/\\\/cosafe.com\\\/fr\\\/#\\\/schema\\\/logo\\\/image\\\/\"},\"sameAs\":[\"https:\\\/\\\/www.facebook.com\\\/cosafe.technology\\\/\",\"https:\\\/\\\/se.linkedin.com\\\/company\\\/cosafe\"]}]}<\/script>\n<!-- \/ Yoast SEO plugin. -->","yoast_head_json":{"title":"Cosafe | Prata avec l'un de nos sp\u00e9cialistes","description":"Nous vous aiderons \u00e0 am\u00e9liorer le travail et la communication en cas d'incidents ou d'accidents graves. Ta premi\u00e8re \u00e9tape et la meilleure d\u00e9monstration pour les enfants !","robots":{"index":"index","follow":"follow","max-snippet":"max-snippet:-1","max-image-preview":"max-image-preview:large","max-video-preview":"max-video-preview:-1"},"canonical":"https:\/\/cosafe.com\/fr\/reserver-une-demonstration\/","og_locale":"fr_FR","og_type":"article","og_title":"Cosafe | Prata avec l'un de nos sp\u00e9cialistes","og_description":"Nous vous aiderons \u00e0 am\u00e9liorer le travail et la communication en cas d'incidents ou d'accidents graves. Ta premi\u00e8re \u00e9tape et la meilleure d\u00e9monstration pour les enfants !","og_url":"https:\/\/cosafe.com\/fr\/reserver-une-demonstration\/","og_site_name":"Cosafe","article_publisher":"https:\/\/www.facebook.com\/cosafe.technology\/","article_modified_time":"2026-02-02T12:58:50+00:00","og_image":[{"width":2560,"height":1710,"url":"https:\/\/cosafe.com\/wp-content\/uploads\/2025\/02\/alexis-nicou-medarbetare-cosafe-1-1.webp","type":"image\/webp"}],"twitter_card":"summary_large_image","schema":{"@context":"https:\/\/schema.org","@graph":[{"@type":"WebPage","@id":"https:\/\/cosafe.com\/fr\/reserver-une-demonstration\/","url":"https:\/\/cosafe.com\/fr\/reserver-une-demonstration\/","name":"Cosafe | Prata avec l'un de nos sp\u00e9cialistes","isPartOf":{"@id":"https:\/\/cosafe.com\/fr\/#website"},"primaryImageOfPage":{"@id":"https:\/\/cosafe.com\/fr\/reserver-une-demonstration\/#primaryimage"},"image":{"@id":"https:\/\/cosafe.com\/fr\/reserver-une-demonstration\/#primaryimage"},"thumbnailUrl":"https:\/\/cosafe.com\/wp-content\/uploads\/2025\/02\/alexis-nicou-medarbetare-cosafe-1-1.webp","datePublished":"2022-06-19T11:58:59+00:00","dateModified":"2026-02-02T12:58:50+00:00","description":"Nous vous aiderons \u00e0 am\u00e9liorer le travail et la communication en cas d'incidents ou d'accidents graves. Ta premi\u00e8re \u00e9tape et la meilleure d\u00e9monstration pour les enfants !","breadcrumb":{"@id":"https:\/\/cosafe.com\/fr\/reserver-une-demonstration\/#breadcrumb"},"inLanguage":"fr-FR","potentialAction":[{"@type":"ReadAction","target":["https:\/\/cosafe.com\/fr\/reserver-une-demonstration\/"]}]},{"@type":"ImageObject","inLanguage":"fr-FR","@id":"https:\/\/cosafe.com\/fr\/reserver-une-demonstration\/#primaryimage","url":"https:\/\/cosafe.com\/wp-content\/uploads\/2025\/02\/alexis-nicou-medarbetare-cosafe-1-1.webp","contentUrl":"https:\/\/cosafe.com\/wp-content\/uploads\/2025\/02\/alexis-nicou-medarbetare-cosafe-1-1.webp"},{"@type":"BreadcrumbList","@id":"https:\/\/cosafe.com\/fr\/reserver-une-demonstration\/#breadcrumb","itemListElement":[{"@type":"ListItem","position":1,"name":"Home","item":"https:\/\/cosafe.com\/fr\/"},{"@type":"ListItem","position":2,"name":"R\u00e9server une d\u00e9monstration"}]},{"@type":"WebSite","@id":"https:\/\/cosafe.com\/fr\/#website","url":"https:\/\/cosafe.com\/fr\/","name":"Cosafe","description":"Alarms, Incident Management &amp; Smart Communication","publisher":{"@id":"https:\/\/cosafe.com\/fr\/#organization"},"potentialAction":[{"@type":"SearchAction","target":{"@type":"EntryPoint","urlTemplate":"https:\/\/cosafe.com\/fr\/?s={search_term_string}"},"query-input":{"@type":"PropertyValueSpecification","valueRequired":true,"valueName":"search_term_string"}}],"inLanguage":"fr-FR"},{"@type":"Organization","@id":"https:\/\/cosafe.com\/fr\/#organization","name":"Cosafe","url":"https:\/\/cosafe.com\/fr\/","logo":{"@type":"ImageObject","inLanguage":"fr-FR","@id":"https:\/\/cosafe.com\/fr\/#\/schema\/logo\/image\/","url":"https:\/\/cosafe.com\/wp-content\/uploads\/2021\/10\/cosafe-admin-logo2.png","contentUrl":"https:\/\/cosafe.com\/wp-content\/uploads\/2021\/10\/cosafe-admin-logo2.png","width":250,"height":61,"caption":"Cosafe"},"image":{"@id":"https:\/\/cosafe.com\/fr\/#\/schema\/logo\/image\/"},"sameAs":["https:\/\/www.facebook.com\/cosafe.technology\/","https:\/\/se.linkedin.com\/company\/cosafe"]}]}},"_links":{"self":[{"href":"https:\/\/cosafe.com\/fr\/wp-json\/wp\/v2\/pages\/19720","targetHints":{"allow":["GET"]}}],"collection":[{"href":"https:\/\/cosafe.com\/fr\/wp-json\/wp\/v2\/pages"}],"about":[{"href":"https:\/\/cosafe.com\/fr\/wp-json\/wp\/v2\/types\/page"}],"author":[{"embeddable":true,"href":"https:\/\/cosafe.com\/fr\/wp-json\/wp\/v2\/users\/1"}],"replies":[{"embeddable":true,"href":"https:\/\/cosafe.com\/fr\/wp-json\/wp\/v2\/comments?post=19720"}],"version-history":[{"count":3,"href":"https:\/\/cosafe.com\/fr\/wp-json\/wp\/v2\/pages\/19720\/revisions"}],"predecessor-version":[{"id":36515,"href":"https:\/\/cosafe.com\/fr\/wp-json\/wp\/v2\/pages\/19720\/revisions\/36515"}],"wp:attachment":[{"href":"https:\/\/cosafe.com\/fr\/wp-json\/wp\/v2\/media?parent=19720"}],"curies":[{"name":"wp","href":"https:\/\/api.w.org\/{rel}","templated":true}]}}