{"id":19915,"date":"2023-06-08T14:37:27","date_gmt":"2023-06-08T14:37:27","guid":{"rendered":"https:\/\/cosafe.com\/politique-culinaire\/"},"modified":"2023-11-02T12:16:17","modified_gmt":"2023-11-02T12:16:17","slug":"politique-culinaire","status":"publish","type":"page","link":"https:\/\/cosafe.com\/fr\/politique-culinaire\/","title":{"rendered":"Politique culinaire"},"content":{"rendered":"\t\t<div data-elementor-type=\"wp-page\" data-elementor-id=\"19915\" class=\"elementor elementor-19915 elementor-19168\" data-elementor-post-type=\"page\">\n\t\t\t\t\t\t<section class=\"elementor-section elementor-top-section elementor-element elementor-element-1727a0a elementor-hidden-desktop elementor-hidden-tablet elementor-section-boxed elementor-section-height-default elementor-section-height-default\" data-id=\"1727a0a\" data-element_type=\"section\" data-e-type=\"section\" data-settings=\"{&quot;background_background&quot;:&quot;classic&quot;}\">\n\t\t\t\t\t\t<div class=\"elementor-container elementor-column-gap-default\">\n\t\t\t\t\t<div class=\"elementor-column elementor-col-100 elementor-top-column elementor-element elementor-element-877a6df\" data-id=\"877a6df\" data-element_type=\"column\" data-e-type=\"column\">\n\t\t\t<div class=\"elementor-widget-wrap elementor-element-populated\">\n\t\t\t\t\t\t<div class=\"elementor-element elementor-element-88295a3 elementor-widget elementor-widget-spacer\" data-id=\"88295a3\" data-element_type=\"widget\" data-e-type=\"widget\" data-widget_type=\"spacer.default\">\n\t\t\t\t<div class=\"elementor-widget-container\">\n\t\t\t\t\t\t\t<div class=\"elementor-spacer\">\n\t\t\t<div class=\"elementor-spacer-inner\"><\/div>\n\t\t<\/div>\n\t\t\t\t\t\t<\/div>\n\t\t\t\t<\/div>\n\t\t\t\t\t<\/div>\n\t\t<\/div>\n\t\t\t\t\t<\/div>\n\t\t<\/section>\n\t\t\t\t<section class=\"elementor-section elementor-top-section elementor-element elementor-element-de839a1 elementor-section-boxed elementor-section-height-default elementor-section-height-default\" data-id=\"de839a1\" data-element_type=\"section\" data-e-type=\"section\">\n\t\t\t\t\t\t<div class=\"elementor-container elementor-column-gap-default\">\n\t\t\t\t\t<div class=\"elementor-column elementor-col-100 elementor-top-column elementor-element elementor-element-f788d7e\" data-id=\"f788d7e\" data-element_type=\"column\" data-e-type=\"column\">\n\t\t\t<div class=\"elementor-widget-wrap elementor-element-populated\">\n\t\t\t\t\t\t<div class=\"elementor-element elementor-element-0a80884 elementor-widget elementor-widget-heading\" data-id=\"0a80884\" data-element_type=\"widget\" data-e-type=\"widget\" data-widget_type=\"heading.default\">\n\t\t\t\t<div class=\"elementor-widget-container\">\n\t\t\t\t\t<h2 class=\"elementor-heading-title elementor-size-default\">Politique en mati\u00e8re de cookies<\/h2>\t\t\t\t<\/div>\n\t\t\t\t<\/div>\n\t\t\t\t<div class=\"elementor-element elementor-element-4dfeed8 elementor-widget__width-initial elementor-widget elementor-widget-text-editor\" data-id=\"4dfeed8\" data-element_type=\"widget\" data-e-type=\"widget\" data-widget_type=\"text-editor.default\">\n\t\t\t\t<div class=\"elementor-widget-container\">\n\t\t\t\t\t\t\t\t\t<p>mise \u00e0 jour jusqu&rsquo;au 8 juin 2023<\/p>\n\t\t\t\t\t\t\t\t<\/div>\n\t\t\t\t<\/div>\n\t\t\t\t\t<\/div>\n\t\t<\/div>\n\t\t\t\t\t<\/div>\n\t\t<\/section>\n\t\t\t\t<section class=\"elementor-section elementor-top-section elementor-element elementor-element-895e72c elementor-section-boxed elementor-section-height-default elementor-section-height-default\" data-id=\"895e72c\" data-element_type=\"section\" data-e-type=\"section\">\n\t\t\t\t\t\t<div class=\"elementor-container elementor-column-gap-default\">\n\t\t\t\t\t<div class=\"elementor-column elementor-col-100 elementor-top-column elementor-element elementor-element-6030343\" data-id=\"6030343\" data-element_type=\"column\" data-e-type=\"column\">\n\t\t\t<div class=\"elementor-widget-wrap elementor-element-populated\">\n\t\t\t\t\t\t<div class=\"elementor-element elementor-element-2205f8d elementor-widget elementor-widget-text-editor\" data-id=\"2205f8d\" data-element_type=\"widget\" data-e-type=\"widget\" data-widget_type=\"text-editor.default\">\n\t\t\t\t<div class=\"elementor-widget-container\">\n\t\t\t\t\t\t\t\t\t<p style=\"font-size: 16px; font-style: normal; font-weight: 300; font-family: Sora, sans-serif;\"><b style=\"color: var(--ast-global-color-2); font-style: inherit; font-family: var( --e-global-typography-text-font-family ), Sans-serif;\">1. BUT<\/b><\/p>\n<p>L&rsquo;objectif de cette politique est de vous garantir la meilleure exp\u00e9rience possible sur le site web de Cosafe Technology. Nous respectons votre vie priv\u00e9e et prot\u00e9geons vos donn\u00e9es en agissant en tant que contr\u00f4leur de donn\u00e9es personnelles en vertu du r\u00e8glement g\u00e9n\u00e9ral sur la protection des donn\u00e9es (RGPD).<\/p>\n<p><span style=\"color: var(--ast-global-color-2); font-family: var( --e-global-typography-text-font-family ), Sans-serif; font-style: inherit;\"><b>2. CHAMP D&rsquo;APPLICATION<\/b><\/span><\/p>\n<p>Cette politique s&rsquo;applique au site web de Cosafe Technology. Nous utilisons de petits fichiers appel\u00e9s cookies qui sont stock\u00e9s sur votre appareil lorsque vous visitez notre site. Ces cookies nous aident \u00e0 m\u00e9moriser vos pr\u00e9f\u00e9rences et \u00e0 garantir le bon fonctionnement de notre site web. Nous ne stockons pas d&rsquo;informations personnelles sensibles, telles que des adresses ou des mots de passe, dans ces cookies.<\/p>\n<p style=\"font-size: 16px; font-style: normal; font-weight: 300;\"><span style=\"color: var(--ast-global-color-2); font-family: var( --e-global-typography-text-font-family ), Sans-serif; font-style: inherit;\"><span style=\"font-weight: bold;\">3. D\u00c9FINITIONS<\/span><\/span><\/p>\n<p style=\"font-size: 16px; font-style: normal; font-weight: 300;\"><span style=\"font-family: var( --e-global-typography-text-font-family ), Sans-serif; color: var(--ast-global-color-2);\">Dans cette politique, vous verrez des termes tels que \u00ab\u00a0cookies strictement n\u00e9cessaires\u00a0\u00bb et \u00ab\u00a0cookies pr\u00e9f\u00e9r\u00e9s\u00a0\u00bb. Voici ce qu&rsquo;ils veulent dire :<\/span><\/p>\n<p style=\"font-size: 16px; font-style: normal;\"><b>Cookies strictement n\u00e9cessaires :<\/b><span style=\"font-weight: 300;\">  Ils sont essentiels au bon fonctionnement de notre site web. Ils ne collectent pas d&rsquo;informations personnelles susceptibles d&rsquo;\u00eatre utilis\u00e9es \u00e0 des fins de marketing ou pour suivre vos activit\u00e9s sur Internet.<\/span><\/p>\n<p><b style=\"font-size: 16px; font-style: normal;\">Cookies de pr\u00e9f\u00e9rence :<\/b><span style=\"font-size: 16px; font-style: normal; font-weight: 300;\"> Ils m\u00e9morisent vos pr\u00e9f\u00e9rences (telles que votre langue ou votre r\u00e9gion) et rendent votre exp\u00e9rience plus fluide et plus personnalis\u00e9e.<\/span><\/p>\n<p><span style=\"color: var(--ast-global-color-2); font-family: var( --e-global-typography-text-font-family ), Sans-serif; font-style: inherit; font-weight: bold;\">4. POLITIQUE<\/span><\/p>\n<p style=\"font-size: 16px; font-style: normal; font-weight: 300;\">Cette politique d\u00e9crit les cookies sp\u00e9cifiques que nous utilisons sur le site web de Cosafe Technology et la raison pour laquelle nous les utilisons. Si vous avez des questions sur cette politique de cookies ou sur la confidentialit\u00e9 des donn\u00e9es, n&rsquo;h\u00e9sitez pas \u00e0 nous contacter.<\/p>\n<p style=\"font-size: 16px; font-style: normal; font-weight: 300;\"><span style=\"font-family: var( --e-global-typography-text-font-family ), Sans-serif; color: var(--ast-global-color-2);\">Vous trouverez ici un aper\u00e7u de tous les cookies que nous utilisons :<\/span><\/p>\n\t\t\t\t\t\t\t\t<\/div>\n\t\t\t\t<\/div>\n\t\t\t\t\t<\/div>\n\t\t<\/div>\n\t\t\t\t\t<\/div>\n\t\t<\/section>\n\t\t\t\t<section class=\"elementor-section elementor-top-section elementor-element elementor-element-c207ffa elementor-section-boxed elementor-section-height-default elementor-section-height-default\" data-id=\"c207ffa\" data-element_type=\"section\" data-e-type=\"section\">\n\t\t\t\t\t\t<div class=\"elementor-container elementor-column-gap-default\">\n\t\t\t\t\t<div class=\"elementor-column elementor-col-100 elementor-top-column elementor-element elementor-element-f47c678 elementor-hidden-desktop elementor-hidden-tablet\" data-id=\"f47c678\" data-element_type=\"column\" data-e-type=\"column\">\n\t\t\t<div class=\"elementor-widget-wrap\">\n\t\t\t\t\t\t\t<\/div>\n\t\t<\/div>\n\t\t\t\t\t<\/div>\n\t\t<\/section>\n\t\t\t\t<section class=\"elementor-section elementor-top-section elementor-element elementor-element-4fd304c elementor-section-boxed elementor-section-height-default elementor-section-height-default\" data-id=\"4fd304c\" data-element_type=\"section\" data-e-type=\"section\">\n\t\t\t\t\t\t<div class=\"elementor-container elementor-column-gap-default\">\n\t\t\t\t\t<div class=\"elementor-column elementor-col-100 elementor-top-column elementor-element elementor-element-5ae778e\" data-id=\"5ae778e\" data-element_type=\"column\" data-e-type=\"column\">\n\t\t\t<div class=\"elementor-widget-wrap\">\n\t\t\t\t\t\t\t<\/div>\n\t\t<\/div>\n\t\t\t\t\t<\/div>\n\t\t<\/section>\n\t\t\t\t<section class=\"elementor-section elementor-top-section elementor-element elementor-element-a3613b7 elementor-section-boxed elementor-section-height-default elementor-section-height-default\" data-id=\"a3613b7\" data-element_type=\"section\" data-e-type=\"section\">\n\t\t\t\t\t\t<div class=\"elementor-container elementor-column-gap-default\">\n\t\t\t\t\t<div class=\"elementor-column elementor-col-100 elementor-top-column elementor-element elementor-element-d404c3c\" data-id=\"d404c3c\" data-element_type=\"column\" data-e-type=\"column\">\n\t\t\t<div class=\"elementor-widget-wrap elementor-element-populated\">\n\t\t\t\t\t\t<div class=\"elementor-element elementor-element-3a31ecf elementor-widget elementor-widget-text-editor\" data-id=\"3a31ecf\" data-element_type=\"widget\" data-e-type=\"widget\" data-widget_type=\"text-editor.default\">\n\t\t\t\t<div class=\"elementor-widget-container\">\n\t\t\t\t\t\t\t\t\t<p style=\"font-size: 16px; font-style: normal; font-weight: 300;\"><span style=\"font-weight: bold; color: var(--ast-global-color-2);\">4.1 CONSENTEMENT<\/span><\/p>\n<p style=\"font-size: 16px; font-style: normal; font-weight: 300;\">Avant de placer sur votre appareil des cookies qui ne sont pas strictement n\u00e9cessaires, nous vous demandons votre consentement. Vous pouvez donner votre accord en cliquant sur le bouton correspondant dans la banni\u00e8re relative aux cookies qui appara\u00eet lors de votre premi\u00e8re visite sur notre site. Si vous ne souhaitez pas donner votre consentement ou si vous souhaitez le retirer \u00e0 tout moment, vous pouvez supprimer, bloquer ou d\u00e9sactiver les cookies via les param\u00e8tres de votre navigateur. Veuillez noter que la d\u00e9sactivation des cookies peut affecter la fonctionnalit\u00e9 du site web et vous emp\u00eacher d&rsquo;acc\u00e9der \u00e0 certaines fonctions de notre site.<\/p>\n<p><span style=\"font-weight: bold;\">4.2 SUPPRESSION ET BLOCAGE DES COOKIES<\/span><\/p>\n<p style=\"font-size: 16px; font-style: normal; font-weight: 300;\">Si vous souhaitez g\u00e9rer les cookies plac\u00e9s sur votre appareil, vous pouvez ajuster les param\u00e8tres de votre navigateur. Si vous bloquez tous les cookies, y compris les cookies strictement n\u00e9cessaires, il se peut que vous ne puissiez pas acc\u00e9der \u00e0 toutes les parties ou fonctionnalit\u00e9s du site web de Cosafe Technology. Si vous visitez notre site web et que vous n&rsquo;avez pas r\u00e9gl\u00e9 les param\u00e8tres de votre navigateur pour rejeter les cookies, notre syst\u00e8me \u00e9mettra des cookies. Vous pouvez modifier vos param\u00e8tres en mati\u00e8re de cookies en acc\u00e9dant au menu des options ou des pr\u00e9f\u00e9rences de votre navigateur Internet.<\/p>\n<p><span style=\"font-weight: bold;\">5.0 MODIFICATIONS DE LA PR\u00c9SENTE POLITIQUE<\/span><\/p>\n<p style=\"font-size: 16px; font-style: normal; font-weight: 300;\">Nous pouvons mettre \u00e0 jour notre politique en mati\u00e8re de cookies de temps \u00e0 autre. Si nous apportons des modifications, nous vous en informerons afin que vous soyez toujours au courant de ce que nous faisons avec les cookies.<\/p>\n<p style=\"font-size: 16px; font-style: normal; font-weight: 300;\"><span style=\"font-weight: bold; color: var(--ast-global-color-2);\">COORDONN\u00c9ES<\/span><\/p>\n<p style=\"font-size: 16px; font-style: normal; font-weight: 300;\">info@cosafe.com<\/p>\n<p style=\"font-size: 16px; font-style: normal; font-weight: 300;\">CoSafe Technologie AB<br>Torstenssonsgatan 12<br>114 56 Stockholm<\/p>\t\t\t\t\t\t\t\t<\/div>\n\t\t\t\t<\/div>\n\t\t\t\t\t<\/div>\n\t\t<\/div>\n\t\t\t\t\t<\/div>\n\t\t<\/section>\n\t\t\t\t<\/div>\n\t\t","protected":false},"excerpt":{"rendered":"<p>Politique en mati\u00e8re de cookies mise \u00e0 jour jusqu&rsquo;au 8 juin 2023 1. BUT L&rsquo;objectif de cette politique est de vous garantir la meilleure exp\u00e9rience possible sur le site web de Cosafe Technology. Nous respectons votre vie priv\u00e9e et prot\u00e9geons vos donn\u00e9es en agissant en tant que contr\u00f4leur de donn\u00e9es personnelles en vertu du r\u00e8glement [&hellip;]<\/p>\n","protected":false},"author":1,"featured_media":0,"parent":0,"menu_order":0,"comment_status":"closed","ping_status":"closed","template":"","meta":{"_acf_changed":false,"content-type":"","site-sidebar-layout":"no-sidebar","site-content-layout":"page-builder","ast-site-content-layout":"","site-content-style":"default","site-sidebar-style":"default","ast-global-header-display":"","ast-banner-title-visibility":"","ast-main-header-display":"","ast-hfb-above-header-display":"","ast-hfb-below-header-display":"","ast-hfb-mobile-header-display":"","site-post-title":"disabled","ast-breadcrumbs-content":"","ast-featured-img":"disabled","footer-sml-layout":"","theme-transparent-header-meta":"default","adv-header-id-meta":"","stick-header-meta":"default","header-above-stick-meta":"","header-main-stick-meta":"","header-below-stick-meta":"","astra-migrate-meta-layouts":"default","ast-page-background-enabled":"default","ast-page-background-meta":{"desktop":{"background-color":"var(--ast-global-color-4)","background-image":"","background-repeat":"repeat","background-position":"center center","background-size":"auto","background-attachment":"scroll","background-type":"","background-media":"","overlay-type":"","overlay-color":"","overlay-opacity":"","overlay-gradient":""},"tablet":{"background-color":"","background-image":"","background-repeat":"repeat","background-position":"center center","background-size":"auto","background-attachment":"scroll","background-type":"","background-media":"","overlay-type":"","overlay-color":"","overlay-opacity":"","overlay-gradient":""},"mobile":{"background-color":"","background-image":"","background-repeat":"repeat","background-position":"center center","background-size":"auto","background-attachment":"scroll","background-type":"","background-media":"","overlay-type":"","overlay-color":"","overlay-opacity":"","overlay-gradient":""}},"ast-content-background-meta":{"desktop":{"background-color":"var(--ast-global-color-5)","background-image":"","background-repeat":"repeat","background-position":"center center","background-size":"auto","background-attachment":"scroll","background-type":"","background-media":"","overlay-type":"","overlay-color":"","overlay-opacity":"","overlay-gradient":""},"tablet":{"background-color":"var(--ast-global-color-5)","background-image":"","background-repeat":"repeat","background-position":"center center","background-size":"auto","background-attachment":"scroll","background-type":"","background-media":"","overlay-type":"","overlay-color":"","overlay-opacity":"","overlay-gradient":""},"mobile":{"background-color":"var(--ast-global-color-5)","background-image":"","background-repeat":"repeat","background-position":"center center","background-size":"auto","background-attachment":"scroll","background-type":"","background-media":"","overlay-type":"","overlay-color":"","overlay-opacity":"","overlay-gradient":""}},"footnotes":""},"class_list":["post-19915","page","type-page","status-publish","hentry"],"acf":[],"yoast_head":"<!-- This site is optimized with the Yoast SEO plugin v27.4 - https:\/\/yoast.com\/product\/yoast-seo-wordpress\/ -->\n<title>Politique culinaire de Cosafe<\/title>\n<meta name=\"description\" content=\"Notre politique en mati\u00e8re de cookies d\u00e9crit la mani\u00e8re dont nous utilisons les cookies pour vous offrir une exp\u00e9rience web personnalis\u00e9e et s\u00e9curis\u00e9e, tout en garantissant le respect de votre vie priv\u00e9e sur notre site.\" \/>\n<meta name=\"robots\" content=\"index, follow, max-snippet:-1, max-image-preview:large, max-video-preview:-1\" \/>\n<link rel=\"canonical\" href=\"https:\/\/cosafe.com\/fr\/politique-culinaire\/\" \/>\n<meta property=\"og:locale\" content=\"fr_FR\" \/>\n<meta property=\"og:type\" content=\"article\" \/>\n<meta property=\"og:title\" content=\"Politique culinaire de Cosafe\" \/>\n<meta property=\"og:description\" content=\"Notre politique en mati\u00e8re de cookies d\u00e9crit la mani\u00e8re dont nous utilisons les cookies pour vous offrir une exp\u00e9rience web personnalis\u00e9e et s\u00e9curis\u00e9e, tout en garantissant le respect de votre vie priv\u00e9e sur notre site.\" \/>\n<meta property=\"og:url\" content=\"https:\/\/cosafe.com\/fr\/politique-culinaire\/\" \/>\n<meta property=\"og:site_name\" content=\"Cosafe\" \/>\n<meta property=\"article:publisher\" content=\"https:\/\/www.facebook.com\/cosafe.technology\/\" \/>\n<meta property=\"article:modified_time\" content=\"2023-11-02T12:16:17+00:00\" \/>\n<meta property=\"og:image\" content=\"https:\/\/cosafe.com\/wp-content\/uploads\/2025\/12\/cosafe-sharing-2.png\" \/>\n\t<meta property=\"og:image:width\" content=\"1200\" \/>\n\t<meta property=\"og:image:height\" content=\"675\" \/>\n\t<meta property=\"og:image:type\" content=\"image\/png\" \/>\n<meta name=\"twitter:card\" content=\"summary_large_image\" \/>\n<meta name=\"twitter:label1\" content=\"Dur\u00e9e de lecture estim\u00e9e\" \/>\n\t<meta name=\"twitter:data1\" content=\"4 minutes\" \/>\n<script type=\"application\/ld+json\" class=\"yoast-schema-graph\">{\"@context\":\"https:\\\/\\\/schema.org\",\"@graph\":[{\"@type\":\"WebPage\",\"@id\":\"https:\\\/\\\/cosafe.com\\\/fr\\\/politique-culinaire\\\/\",\"url\":\"https:\\\/\\\/cosafe.com\\\/fr\\\/politique-culinaire\\\/\",\"name\":\"Politique culinaire de Cosafe\",\"isPartOf\":{\"@id\":\"https:\\\/\\\/cosafe.com\\\/fr\\\/#website\"},\"datePublished\":\"2023-06-08T14:37:27+00:00\",\"dateModified\":\"2023-11-02T12:16:17+00:00\",\"description\":\"Notre politique en mati\u00e8re de cookies d\u00e9crit la mani\u00e8re dont nous utilisons les cookies pour vous offrir une exp\u00e9rience web personnalis\u00e9e et s\u00e9curis\u00e9e, tout en garantissant le respect de votre vie priv\u00e9e sur notre site.\",\"breadcrumb\":{\"@id\":\"https:\\\/\\\/cosafe.com\\\/fr\\\/politique-culinaire\\\/#breadcrumb\"},\"inLanguage\":\"fr-FR\",\"potentialAction\":[{\"@type\":\"ReadAction\",\"target\":[\"https:\\\/\\\/cosafe.com\\\/fr\\\/politique-culinaire\\\/\"]}]},{\"@type\":\"BreadcrumbList\",\"@id\":\"https:\\\/\\\/cosafe.com\\\/fr\\\/politique-culinaire\\\/#breadcrumb\",\"itemListElement\":[{\"@type\":\"ListItem\",\"position\":1,\"name\":\"Home\",\"item\":\"https:\\\/\\\/cosafe.com\\\/fr\\\/\"},{\"@type\":\"ListItem\",\"position\":2,\"name\":\"Politique culinaire\"}]},{\"@type\":\"WebSite\",\"@id\":\"https:\\\/\\\/cosafe.com\\\/fr\\\/#website\",\"url\":\"https:\\\/\\\/cosafe.com\\\/fr\\\/\",\"name\":\"Cosafe\",\"description\":\"Alarms, Incident Management &amp; Smart Communication\",\"publisher\":{\"@id\":\"https:\\\/\\\/cosafe.com\\\/fr\\\/#organization\"},\"potentialAction\":[{\"@type\":\"SearchAction\",\"target\":{\"@type\":\"EntryPoint\",\"urlTemplate\":\"https:\\\/\\\/cosafe.com\\\/fr\\\/?s={search_term_string}\"},\"query-input\":{\"@type\":\"PropertyValueSpecification\",\"valueRequired\":true,\"valueName\":\"search_term_string\"}}],\"inLanguage\":\"fr-FR\"},{\"@type\":\"Organization\",\"@id\":\"https:\\\/\\\/cosafe.com\\\/fr\\\/#organization\",\"name\":\"Cosafe\",\"url\":\"https:\\\/\\\/cosafe.com\\\/fr\\\/\",\"logo\":{\"@type\":\"ImageObject\",\"inLanguage\":\"fr-FR\",\"@id\":\"https:\\\/\\\/cosafe.com\\\/fr\\\/#\\\/schema\\\/logo\\\/image\\\/\",\"url\":\"https:\\\/\\\/cosafe.com\\\/wp-content\\\/uploads\\\/2021\\\/10\\\/cosafe-admin-logo2.png\",\"contentUrl\":\"https:\\\/\\\/cosafe.com\\\/wp-content\\\/uploads\\\/2021\\\/10\\\/cosafe-admin-logo2.png\",\"width\":250,\"height\":61,\"caption\":\"Cosafe\"},\"image\":{\"@id\":\"https:\\\/\\\/cosafe.com\\\/fr\\\/#\\\/schema\\\/logo\\\/image\\\/\"},\"sameAs\":[\"https:\\\/\\\/www.facebook.com\\\/cosafe.technology\\\/\",\"https:\\\/\\\/se.linkedin.com\\\/company\\\/cosafe\"]}]}<\/script>\n<!-- \/ Yoast SEO plugin. -->","yoast_head_json":{"title":"Politique culinaire de Cosafe","description":"Notre politique en mati\u00e8re de cookies d\u00e9crit la mani\u00e8re dont nous utilisons les cookies pour vous offrir une exp\u00e9rience web personnalis\u00e9e et s\u00e9curis\u00e9e, tout en garantissant le respect de votre vie priv\u00e9e sur notre site.","robots":{"index":"index","follow":"follow","max-snippet":"max-snippet:-1","max-image-preview":"max-image-preview:large","max-video-preview":"max-video-preview:-1"},"canonical":"https:\/\/cosafe.com\/fr\/politique-culinaire\/","og_locale":"fr_FR","og_type":"article","og_title":"Politique culinaire de Cosafe","og_description":"Notre politique en mati\u00e8re de cookies d\u00e9crit la mani\u00e8re dont nous utilisons les cookies pour vous offrir une exp\u00e9rience web personnalis\u00e9e et s\u00e9curis\u00e9e, tout en garantissant le respect de votre vie priv\u00e9e sur notre site.","og_url":"https:\/\/cosafe.com\/fr\/politique-culinaire\/","og_site_name":"Cosafe","article_publisher":"https:\/\/www.facebook.com\/cosafe.technology\/","article_modified_time":"2023-11-02T12:16:17+00:00","og_image":[{"width":1200,"height":675,"url":"https:\/\/cosafe.com\/wp-content\/uploads\/2025\/12\/cosafe-sharing-2.png","type":"image\/png"}],"twitter_card":"summary_large_image","twitter_misc":{"Dur\u00e9e de lecture estim\u00e9e":"4 minutes"},"schema":{"@context":"https:\/\/schema.org","@graph":[{"@type":"WebPage","@id":"https:\/\/cosafe.com\/fr\/politique-culinaire\/","url":"https:\/\/cosafe.com\/fr\/politique-culinaire\/","name":"Politique culinaire de Cosafe","isPartOf":{"@id":"https:\/\/cosafe.com\/fr\/#website"},"datePublished":"2023-06-08T14:37:27+00:00","dateModified":"2023-11-02T12:16:17+00:00","description":"Notre politique en mati\u00e8re de cookies d\u00e9crit la mani\u00e8re dont nous utilisons les cookies pour vous offrir une exp\u00e9rience web personnalis\u00e9e et s\u00e9curis\u00e9e, tout en garantissant le respect de votre vie priv\u00e9e sur notre site.","breadcrumb":{"@id":"https:\/\/cosafe.com\/fr\/politique-culinaire\/#breadcrumb"},"inLanguage":"fr-FR","potentialAction":[{"@type":"ReadAction","target":["https:\/\/cosafe.com\/fr\/politique-culinaire\/"]}]},{"@type":"BreadcrumbList","@id":"https:\/\/cosafe.com\/fr\/politique-culinaire\/#breadcrumb","itemListElement":[{"@type":"ListItem","position":1,"name":"Home","item":"https:\/\/cosafe.com\/fr\/"},{"@type":"ListItem","position":2,"name":"Politique culinaire"}]},{"@type":"WebSite","@id":"https:\/\/cosafe.com\/fr\/#website","url":"https:\/\/cosafe.com\/fr\/","name":"Cosafe","description":"Alarms, Incident Management &amp; Smart Communication","publisher":{"@id":"https:\/\/cosafe.com\/fr\/#organization"},"potentialAction":[{"@type":"SearchAction","target":{"@type":"EntryPoint","urlTemplate":"https:\/\/cosafe.com\/fr\/?s={search_term_string}"},"query-input":{"@type":"PropertyValueSpecification","valueRequired":true,"valueName":"search_term_string"}}],"inLanguage":"fr-FR"},{"@type":"Organization","@id":"https:\/\/cosafe.com\/fr\/#organization","name":"Cosafe","url":"https:\/\/cosafe.com\/fr\/","logo":{"@type":"ImageObject","inLanguage":"fr-FR","@id":"https:\/\/cosafe.com\/fr\/#\/schema\/logo\/image\/","url":"https:\/\/cosafe.com\/wp-content\/uploads\/2021\/10\/cosafe-admin-logo2.png","contentUrl":"https:\/\/cosafe.com\/wp-content\/uploads\/2021\/10\/cosafe-admin-logo2.png","width":250,"height":61,"caption":"Cosafe"},"image":{"@id":"https:\/\/cosafe.com\/fr\/#\/schema\/logo\/image\/"},"sameAs":["https:\/\/www.facebook.com\/cosafe.technology\/","https:\/\/se.linkedin.com\/company\/cosafe"]}]}},"_links":{"self":[{"href":"https:\/\/cosafe.com\/fr\/wp-json\/wp\/v2\/pages\/19915","targetHints":{"allow":["GET"]}}],"collection":[{"href":"https:\/\/cosafe.com\/fr\/wp-json\/wp\/v2\/pages"}],"about":[{"href":"https:\/\/cosafe.com\/fr\/wp-json\/wp\/v2\/types\/page"}],"author":[{"embeddable":true,"href":"https:\/\/cosafe.com\/fr\/wp-json\/wp\/v2\/users\/1"}],"replies":[{"embeddable":true,"href":"https:\/\/cosafe.com\/fr\/wp-json\/wp\/v2\/comments?post=19915"}],"version-history":[{"count":0,"href":"https:\/\/cosafe.com\/fr\/wp-json\/wp\/v2\/pages\/19915\/revisions"}],"wp:attachment":[{"href":"https:\/\/cosafe.com\/fr\/wp-json\/wp\/v2\/media?parent=19915"}],"curies":[{"name":"wp","href":"https:\/\/api.w.org\/{rel}","templated":true}]}}