{"id":19136,"date":"2022-06-19T11:58:59","date_gmt":"2022-06-19T11:58:59","guid":{"rendered":"https:\/\/cosafe.com\/een-demo-boeken\/"},"modified":"2025-03-04T16:35:17","modified_gmt":"2025-03-04T16:35:17","slug":"een-demo-boeken","status":"publish","type":"page","link":"https:\/\/cosafe.com\/nl\/een-demo-boeken\/","title":{"rendered":"Een demo boeken"},"content":{"rendered":"\t\t<div data-elementor-type=\"wp-page\" data-elementor-id=\"19136\" class=\"elementor elementor-19136 elementor-8710\" data-elementor-post-type=\"page\">\n\t\t\t\t\t\t<section class=\"elementor-section elementor-top-section elementor-element elementor-element-37bf6d8 elementor-section-boxed elementor-section-height-default elementor-section-height-default\" data-id=\"37bf6d8\" data-element_type=\"section\" data-e-type=\"section\" data-settings=\"{&quot;background_background&quot;:&quot;classic&quot;}\">\n\t\t\t\t\t\t<div class=\"elementor-container elementor-column-gap-default\">\n\t\t\t\t\t<div class=\"elementor-column elementor-col-50 elementor-top-column elementor-element elementor-element-7749d0b\" data-id=\"7749d0b\" data-element_type=\"column\" data-e-type=\"column\" data-settings=\"{&quot;animation&quot;:&quot;none&quot;}\">\n\t\t\t<div class=\"elementor-widget-wrap elementor-element-populated\">\n\t\t\t\t\t\t<div class=\"elementor-element elementor-element-9372a5a elementor-widget elementor-widget-heading\" data-id=\"9372a5a\" data-element_type=\"widget\" data-e-type=\"widget\" data-widget_type=\"heading.default\">\n\t\t\t\t<div class=\"elementor-widget-container\">\n\t\t\t\t\t<h1 class=\"elementor-heading-title elementor-size-default\">Boek een demo met een van onze experts<\/h1>\t\t\t\t<\/div>\n\t\t\t\t<\/div>\n\t\t\t\t<div class=\"elementor-element elementor-element-f3cffc2 elementor-widget elementor-widget-text-editor\" data-id=\"f3cffc2\" data-element_type=\"widget\" data-e-type=\"widget\" data-widget_type=\"text-editor.default\">\n\t\t\t\t<div class=\"elementor-widget-container\">\n\t\t\t\t\t\t\t\t\t<p>We willen meer weten over uw uitdagingen en hoe we u kunnen helpen uw paraatheid en communicatie bij kritieke incidenten te verbeteren.<\/p><p>We vertellen je hoe honderden andere klanten ons platform gebruiken om incidenten te waarschuwen, beheren en voorkomen.<\/p>\t\t\t\t\t\t\t\t<\/div>\n\t\t\t\t<\/div>\n\t\t\t\t<section class=\"elementor-section elementor-inner-section elementor-element elementor-element-fa6bef3 elementor-section-full_width elementor-section-content-space-between elementor-section-height-default elementor-section-height-default\" data-id=\"fa6bef3\" data-element_type=\"section\" data-e-type=\"section\">\n\t\t\t\t\t\t<div class=\"elementor-container elementor-column-gap-narrow\">\n\t\t\t\t\t<div class=\"elementor-column elementor-col-100 elementor-inner-column elementor-element elementor-element-362f2a7\" data-id=\"362f2a7\" data-element_type=\"column\" data-e-type=\"column\">\n\t\t\t<div class=\"elementor-widget-wrap elementor-element-populated\">\n\t\t\t\t\t\t<div class=\"elementor-element elementor-element-de40a42 elementor-align-center elementor-widget__width-auto elementor-widget-tablet__width-initial elementor-tablet-align-left elementor-mobile-align-left elementor-widget elementor-widget-button\" data-id=\"de40a42\" data-element_type=\"widget\" data-e-type=\"widget\" data-widget_type=\"button.default\">\n\t\t\t\t<div class=\"elementor-widget-container\">\n\t\t\t\t\t\t\t\t\t<div class=\"elementor-button-wrapper\">\n\t\t\t\t\t<a class=\"elementor-button elementor-button-link elementor-size-sm elementor-animation-grow\" href=\"#plan-een-meeting\">\n\t\t\t\t\t\t<span class=\"elementor-button-content-wrapper\">\n\t\t\t\t\t\t\t\t\t<span class=\"elementor-button-text\">Plan een meeting<\/span>\n\t\t\t\t\t<\/span>\n\t\t\t\t\t<\/a>\n\t\t\t\t<\/div>\n\t\t\t\t\t\t\t\t<\/div>\n\t\t\t\t<\/div>\n\t\t\t\t\t<\/div>\n\t\t<\/div>\n\t\t\t\t\t<\/div>\n\t\t<\/section>\n\t\t\t\t<section class=\"elementor-section elementor-inner-section elementor-element elementor-element-8dad82c elementor-section-boxed elementor-section-height-default elementor-section-height-default\" data-id=\"8dad82c\" data-element_type=\"section\" data-e-type=\"section\">\n\t\t\t\t\t\t<div class=\"elementor-container elementor-column-gap-default\">\n\t\t\t\t\t<div class=\"elementor-column elementor-col-100 elementor-inner-column elementor-element elementor-element-46aa4e2\" data-id=\"46aa4e2\" data-element_type=\"column\" data-e-type=\"column\">\n\t\t\t<div class=\"elementor-widget-wrap elementor-element-populated\">\n\t\t\t\t\t\t<div class=\"elementor-element elementor-element-3e92c5e elementor-widget elementor-widget-text-editor\" data-id=\"3e92c5e\" data-element_type=\"widget\" data-e-type=\"widget\" data-widget_type=\"text-editor.default\">\n\t\t\t\t<div class=\"elementor-widget-container\">\n\t\t\t\t\t\t\t\t\t<p>Je kunt ook een consultatie boeken door ons te bellen op <a href=\"tel:+460840940020\">+46 08 409 400 20<\/a> of een e-mail te sturen naar <a href=\"mailto:info@cosafe.com\">info@cosafe.com<\/a>.<\/p>\t\t\t\t\t\t\t\t<\/div>\n\t\t\t\t<\/div>\n\t\t\t\t\t<\/div>\n\t\t<\/div>\n\t\t\t\t\t<\/div>\n\t\t<\/section>\n\t\t\t\t\t<\/div>\n\t\t<\/div>\n\t\t\t\t<div class=\"elementor-column elementor-col-50 elementor-top-column elementor-element elementor-element-409ff67\" data-id=\"409ff67\" data-element_type=\"column\" data-e-type=\"column\">\n\t\t\t<div class=\"elementor-widget-wrap elementor-element-populated\">\n\t\t\t\t\t\t<div class=\"elementor-element elementor-element-5a62bc4 animated-slow elementor-invisible elementor-widget elementor-widget-image\" data-id=\"5a62bc4\" data-element_type=\"widget\" data-e-type=\"widget\" data-settings=\"{&quot;_animation&quot;:&quot;fadeIn&quot;}\" data-widget_type=\"image.default\">\n\t\t\t\t<div class=\"elementor-widget-container\">\n\t\t\t\t\t\t\t\t\t\t\t\t\t\t\t<img loading=\"lazy\" loading=\"lazy\" decoding=\"async\" width=\"2560\" height=\"1710\" data-src=\"https:\/\/cosafe.com\/wp-content\/uploads\/2025\/02\/alexis-nicou-medarbetare-cosafe-1-1.webp\" class=\"attachment-full size-full wp-image-33471 lazyload\" alt=\"\" data-srcset=\"https:\/\/cosafe.com\/wp-content\/uploads\/2025\/02\/alexis-nicou-medarbetare-cosafe-1-1.webp 2560w, https:\/\/cosafe.com\/wp-content\/uploads\/2025\/02\/alexis-nicou-medarbetare-cosafe-1-1-300x200.webp 300w, https:\/\/cosafe.com\/wp-content\/uploads\/2025\/02\/alexis-nicou-medarbetare-cosafe-1-1-1024x684.webp 1024w, https:\/\/cosafe.com\/wp-content\/uploads\/2025\/02\/alexis-nicou-medarbetare-cosafe-1-1-768x513.webp 768w, https:\/\/cosafe.com\/wp-content\/uploads\/2025\/02\/alexis-nicou-medarbetare-cosafe-1-1-1536x1026.webp 1536w, https:\/\/cosafe.com\/wp-content\/uploads\/2025\/02\/alexis-nicou-medarbetare-cosafe-1-1-2048x1368.webp 2048w\" data-sizes=\"auto, (max-width: 2560px) 100vw, 2560px\" src=\"data:image\/gif;base64,R0lGODlhAQABAAAAACH5BAEKAAEALAAAAAABAAEAAAICTAEAOw==\" style=\"--smush-placeholder-width: 2560px; --smush-placeholder-aspect-ratio: 2560\/1710;\" \/><noscript><img loading=\"lazy\" loading=\"lazy\" decoding=\"async\" width=\"2560\" height=\"1710\" src=\"https:\/\/cosafe.com\/wp-content\/uploads\/2025\/02\/alexis-nicou-medarbetare-cosafe-1-1.webp\" class=\"attachment-full size-full wp-image-33471\" alt=\"\" srcset=\"https:\/\/cosafe.com\/wp-content\/uploads\/2025\/02\/alexis-nicou-medarbetare-cosafe-1-1.webp 2560w, https:\/\/cosafe.com\/wp-content\/uploads\/2025\/02\/alexis-nicou-medarbetare-cosafe-1-1-300x200.webp 300w, https:\/\/cosafe.com\/wp-content\/uploads\/2025\/02\/alexis-nicou-medarbetare-cosafe-1-1-1024x684.webp 1024w, https:\/\/cosafe.com\/wp-content\/uploads\/2025\/02\/alexis-nicou-medarbetare-cosafe-1-1-768x513.webp 768w, https:\/\/cosafe.com\/wp-content\/uploads\/2025\/02\/alexis-nicou-medarbetare-cosafe-1-1-1536x1026.webp 1536w, https:\/\/cosafe.com\/wp-content\/uploads\/2025\/02\/alexis-nicou-medarbetare-cosafe-1-1-2048x1368.webp 2048w\" sizes=\"auto, (max-width: 2560px) 100vw, 2560px\" \/><\/noscript>\t\t\t\t\t\t\t\t\t\t\t\t\t\t\t<\/div>\n\t\t\t\t<\/div>\n\t\t\t\t\t<\/div>\n\t\t<\/div>\n\t\t\t\t\t<\/div>\n\t\t<\/section>\n\t\t\t\t<section class=\"elementor-section elementor-top-section elementor-element elementor-element-6d9cb4e elementor-section-boxed elementor-section-height-default elementor-section-height-default\" data-id=\"6d9cb4e\" data-element_type=\"section\" data-e-type=\"section\" id=\"plan-een-meeting\" data-settings=\"{&quot;background_background&quot;:&quot;classic&quot;}\">\n\t\t\t\t\t\t<div class=\"elementor-container elementor-column-gap-default\">\n\t\t\t\t\t<div class=\"elementor-column elementor-col-100 elementor-top-column elementor-element elementor-element-0b0c859\" data-id=\"0b0c859\" data-element_type=\"column\" data-e-type=\"column\">\n\t\t\t<div class=\"elementor-widget-wrap elementor-element-populated\">\n\t\t\t\t\t\t<section class=\"elementor-section elementor-inner-section elementor-element elementor-element-df8ebb7 elementor-section-boxed elementor-section-height-default elementor-section-height-default\" data-id=\"df8ebb7\" data-element_type=\"section\" data-e-type=\"section\">\n\t\t\t\t\t\t<div class=\"elementor-container elementor-column-gap-default\">\n\t\t\t\t\t<div class=\"elementor-column elementor-col-100 elementor-inner-column elementor-element elementor-element-7b2f215\" data-id=\"7b2f215\" data-element_type=\"column\" data-e-type=\"column\">\n\t\t\t<div class=\"elementor-widget-wrap elementor-element-populated\">\n\t\t\t\t\t\t<div class=\"elementor-element elementor-element-ab4a781 elementor-widget elementor-widget-heading\" data-id=\"ab4a781\" data-element_type=\"widget\" data-e-type=\"widget\" data-widget_type=\"heading.default\">\n\t\t\t\t<div class=\"elementor-widget-container\">\n\t\t\t\t\t<h2 class=\"elementor-heading-title elementor-size-default\">Kies een tijdstip dat jou uitkomt<\/h2>\t\t\t\t<\/div>\n\t\t\t\t<\/div>\n\t\t\t\t\t<\/div>\n\t\t<\/div>\n\t\t\t\t\t<\/div>\n\t\t<\/section>\n\t\t\t\t<div class=\"elementor-element elementor-element-3d712dd elementor-widget elementor-widget-html\" data-id=\"3d712dd\" data-element_type=\"widget\" data-e-type=\"widget\" data-widget_type=\"html.default\">\n\t\t\t\t<div class=\"elementor-widget-container\">\n\t\t\t\t\t<!-- Start of Meetings Embed Script -->\n    <div class=\"meetings-iframe-container\" data-src=\"https:\/\/meetings-eu1.hubspot.com\/info-cosafe\/55-min-demo-web-meeting?embed=true\"><\/div>\n    <script type=\"text\/javascript\" src=\"https:\/\/static.hsappstatic.net\/MeetingsEmbed\/ex\/MeetingsEmbedCode.js\"><\/script>\n  <!-- End of Meetings Embed Script -->\t\t\t\t<\/div>\n\t\t\t\t<\/div>\n\t\t\t\t\t<\/div>\n\t\t<\/div>\n\t\t\t\t\t<\/div>\n\t\t<\/section>\n\t\t\t\t<\/div>\n\t\t","protected":false},"excerpt":{"rendered":"<p>Boek een demo met een van onze experts We willen meer weten over uw uitdagingen en hoe we u kunnen helpen uw paraatheid en communicatie bij kritieke incidenten te verbeteren. We vertellen je hoe honderden andere klanten ons platform gebruiken om incidenten te waarschuwen, beheren en voorkomen. Plan een meeting Je kunt ook een consultatie [&hellip;]<\/p>\n","protected":false},"author":1,"featured_media":0,"parent":0,"menu_order":0,"comment_status":"closed","ping_status":"closed","template":"","meta":{"_acf_changed":false,"content-type":"","site-sidebar-layout":"no-sidebar","site-content-layout":"page-builder","ast-site-content-layout":"full-width-container","site-content-style":"unboxed","site-sidebar-style":"unboxed","ast-global-header-display":"","ast-banner-title-visibility":"","ast-main-header-display":"","ast-hfb-above-header-display":"","ast-hfb-below-header-display":"","ast-hfb-mobile-header-display":"","site-post-title":"disabled","ast-breadcrumbs-content":"","ast-featured-img":"disabled","footer-sml-layout":"","theme-transparent-header-meta":"default","adv-header-id-meta":"","stick-header-meta":"default","header-above-stick-meta":"","header-main-stick-meta":"","header-below-stick-meta":"","astra-migrate-meta-layouts":"default","ast-page-background-enabled":"default","ast-page-background-meta":{"desktop":{"background-color":"var(--ast-global-color-4)","background-image":"","background-repeat":"repeat","background-position":"center center","background-size":"auto","background-attachment":"scroll","background-type":"","background-media":"","overlay-type":"","overlay-color":"","overlay-opacity":"","overlay-gradient":""},"tablet":{"background-color":"","background-image":"","background-repeat":"repeat","background-position":"center center","background-size":"auto","background-attachment":"scroll","background-type":"","background-media":"","overlay-type":"","overlay-color":"","overlay-opacity":"","overlay-gradient":""},"mobile":{"background-color":"","background-image":"","background-repeat":"repeat","background-position":"center center","background-size":"auto","background-attachment":"scroll","background-type":"","background-media":"","overlay-type":"","overlay-color":"","overlay-opacity":"","overlay-gradient":""}},"ast-content-background-meta":{"desktop":{"background-color":"var(--ast-global-color-5)","background-image":"","background-repeat":"repeat","background-position":"center center","background-size":"auto","background-attachment":"scroll","background-type":"","background-media":"","overlay-type":"","overlay-color":"","overlay-opacity":"","overlay-gradient":""},"tablet":{"background-color":"var(--ast-global-color-5)","background-image":"","background-repeat":"repeat","background-position":"center center","background-size":"auto","background-attachment":"scroll","background-type":"","background-media":"","overlay-type":"","overlay-color":"","overlay-opacity":"","overlay-gradient":""},"mobile":{"background-color":"var(--ast-global-color-5)","background-image":"","background-repeat":"repeat","background-position":"center center","background-size":"auto","background-attachment":"scroll","background-type":"","background-media":"","overlay-type":"","overlay-color":"","overlay-opacity":"","overlay-gradient":""}},"footnotes":""},"class_list":["post-19136","page","type-page","status-publish","hentry"],"acf":[],"yoast_head":"<!-- This site is optimized with the Yoast SEO plugin v27.4 - https:\/\/yoast.com\/product\/yoast-seo-wordpress\/ -->\n<title>Cosafe | Prata met een van onze specialisten<\/title>\n<meta name=\"description\" content=\"Vi vill hj\u00e4lpa er att f\u00f6rb\u00e4ttra er beredskap och kommunikation vid kritiska h\u00e4ndelser och incidenter. De beste manier om een demonstratie te geven!\" \/>\n<meta name=\"robots\" content=\"index, follow, max-snippet:-1, max-image-preview:large, max-video-preview:-1\" \/>\n<link rel=\"canonical\" href=\"https:\/\/cosafe.com\/nl\/een-demo-boeken\/\" \/>\n<meta property=\"og:locale\" content=\"nl_NL\" \/>\n<meta property=\"og:type\" content=\"article\" \/>\n<meta property=\"og:title\" content=\"Cosafe | Prata met een van onze specialisten\" \/>\n<meta property=\"og:description\" content=\"Vi vill hj\u00e4lpa er att f\u00f6rb\u00e4ttra er beredskap och kommunikation vid kritiska h\u00e4ndelser och incidenter. De beste manier om een demonstratie te geven!\" \/>\n<meta property=\"og:url\" content=\"https:\/\/cosafe.com\/nl\/een-demo-boeken\/\" \/>\n<meta property=\"og:site_name\" content=\"Cosafe\" \/>\n<meta property=\"article:publisher\" content=\"https:\/\/www.facebook.com\/cosafe.technology\/\" \/>\n<meta property=\"article:modified_time\" content=\"2025-03-04T16:35:17+00:00\" \/>\n<meta property=\"og:image\" content=\"https:\/\/cosafe.com\/wp-content\/uploads\/2025\/02\/alexis-nicou-medarbetare-cosafe-1-1.webp\" \/>\n\t<meta property=\"og:image:width\" content=\"2560\" \/>\n\t<meta property=\"og:image:height\" content=\"1710\" \/>\n\t<meta property=\"og:image:type\" content=\"image\/webp\" \/>\n<meta name=\"twitter:card\" content=\"summary_large_image\" \/>\n<script type=\"application\/ld+json\" class=\"yoast-schema-graph\">{\"@context\":\"https:\\\/\\\/schema.org\",\"@graph\":[{\"@type\":\"WebPage\",\"@id\":\"https:\\\/\\\/cosafe.com\\\/nl\\\/een-demo-boeken\\\/\",\"url\":\"https:\\\/\\\/cosafe.com\\\/nl\\\/een-demo-boeken\\\/\",\"name\":\"Cosafe | Prata met een van onze specialisten\",\"isPartOf\":{\"@id\":\"https:\\\/\\\/cosafe.com\\\/nl\\\/#website\"},\"primaryImageOfPage\":{\"@id\":\"https:\\\/\\\/cosafe.com\\\/nl\\\/een-demo-boeken\\\/#primaryimage\"},\"image\":{\"@id\":\"https:\\\/\\\/cosafe.com\\\/nl\\\/een-demo-boeken\\\/#primaryimage\"},\"thumbnailUrl\":\"https:\\\/\\\/cosafe.com\\\/wp-content\\\/uploads\\\/2025\\\/02\\\/alexis-nicou-medarbetare-cosafe-1-1.webp\",\"datePublished\":\"2022-06-19T11:58:59+00:00\",\"dateModified\":\"2025-03-04T16:35:17+00:00\",\"description\":\"Vi vill hj\u00e4lpa er att f\u00f6rb\u00e4ttra er beredskap och kommunikation vid kritiska h\u00e4ndelser och incidenter. De beste manier om een demonstratie te geven!\",\"breadcrumb\":{\"@id\":\"https:\\\/\\\/cosafe.com\\\/nl\\\/een-demo-boeken\\\/#breadcrumb\"},\"inLanguage\":\"nl-NL\",\"potentialAction\":[{\"@type\":\"ReadAction\",\"target\":[\"https:\\\/\\\/cosafe.com\\\/nl\\\/een-demo-boeken\\\/\"]}]},{\"@type\":\"ImageObject\",\"inLanguage\":\"nl-NL\",\"@id\":\"https:\\\/\\\/cosafe.com\\\/nl\\\/een-demo-boeken\\\/#primaryimage\",\"url\":\"https:\\\/\\\/cosafe.com\\\/wp-content\\\/uploads\\\/2025\\\/02\\\/alexis-nicou-medarbetare-cosafe-1-1.webp\",\"contentUrl\":\"https:\\\/\\\/cosafe.com\\\/wp-content\\\/uploads\\\/2025\\\/02\\\/alexis-nicou-medarbetare-cosafe-1-1.webp\"},{\"@type\":\"BreadcrumbList\",\"@id\":\"https:\\\/\\\/cosafe.com\\\/nl\\\/een-demo-boeken\\\/#breadcrumb\",\"itemListElement\":[{\"@type\":\"ListItem\",\"position\":1,\"name\":\"Home\",\"item\":\"https:\\\/\\\/cosafe.com\\\/nl\\\/cosafe-de-nieuwe-manier-om-kritieke-gebeurtenissen-te-waarschuwen-beheren-en-voorkomen\\\/\"},{\"@type\":\"ListItem\",\"position\":2,\"name\":\"Een demo boeken\"}]},{\"@type\":\"WebSite\",\"@id\":\"https:\\\/\\\/cosafe.com\\\/nl\\\/#website\",\"url\":\"https:\\\/\\\/cosafe.com\\\/nl\\\/\",\"name\":\"Cosafe\",\"description\":\"Alarms, Incident Management &amp; Smart Communication\",\"publisher\":{\"@id\":\"https:\\\/\\\/cosafe.com\\\/nl\\\/#organization\"},\"potentialAction\":[{\"@type\":\"SearchAction\",\"target\":{\"@type\":\"EntryPoint\",\"urlTemplate\":\"https:\\\/\\\/cosafe.com\\\/nl\\\/?s={search_term_string}\"},\"query-input\":{\"@type\":\"PropertyValueSpecification\",\"valueRequired\":true,\"valueName\":\"search_term_string\"}}],\"inLanguage\":\"nl-NL\"},{\"@type\":\"Organization\",\"@id\":\"https:\\\/\\\/cosafe.com\\\/nl\\\/#organization\",\"name\":\"Cosafe\",\"url\":\"https:\\\/\\\/cosafe.com\\\/nl\\\/\",\"logo\":{\"@type\":\"ImageObject\",\"inLanguage\":\"nl-NL\",\"@id\":\"https:\\\/\\\/cosafe.com\\\/nl\\\/#\\\/schema\\\/logo\\\/image\\\/\",\"url\":\"https:\\\/\\\/cosafe.com\\\/wp-content\\\/uploads\\\/2021\\\/10\\\/cosafe-admin-logo2.png\",\"contentUrl\":\"https:\\\/\\\/cosafe.com\\\/wp-content\\\/uploads\\\/2021\\\/10\\\/cosafe-admin-logo2.png\",\"width\":250,\"height\":61,\"caption\":\"Cosafe\"},\"image\":{\"@id\":\"https:\\\/\\\/cosafe.com\\\/nl\\\/#\\\/schema\\\/logo\\\/image\\\/\"},\"sameAs\":[\"https:\\\/\\\/www.facebook.com\\\/cosafe.technology\\\/\",\"https:\\\/\\\/se.linkedin.com\\\/company\\\/cosafe\"]}]}<\/script>\n<!-- \/ Yoast SEO plugin. -->","yoast_head_json":{"title":"Cosafe | Prata met een van onze specialisten","description":"Vi vill hj\u00e4lpa er att f\u00f6rb\u00e4ttra er beredskap och kommunikation vid kritiska h\u00e4ndelser och incidenter. De beste manier om een demonstratie te geven!","robots":{"index":"index","follow":"follow","max-snippet":"max-snippet:-1","max-image-preview":"max-image-preview:large","max-video-preview":"max-video-preview:-1"},"canonical":"https:\/\/cosafe.com\/nl\/een-demo-boeken\/","og_locale":"nl_NL","og_type":"article","og_title":"Cosafe | Prata met een van onze specialisten","og_description":"Vi vill hj\u00e4lpa er att f\u00f6rb\u00e4ttra er beredskap och kommunikation vid kritiska h\u00e4ndelser och incidenter. De beste manier om een demonstratie te geven!","og_url":"https:\/\/cosafe.com\/nl\/een-demo-boeken\/","og_site_name":"Cosafe","article_publisher":"https:\/\/www.facebook.com\/cosafe.technology\/","article_modified_time":"2025-03-04T16:35:17+00:00","og_image":[{"width":2560,"height":1710,"url":"https:\/\/cosafe.com\/wp-content\/uploads\/2025\/02\/alexis-nicou-medarbetare-cosafe-1-1.webp","type":"image\/webp"}],"twitter_card":"summary_large_image","schema":{"@context":"https:\/\/schema.org","@graph":[{"@type":"WebPage","@id":"https:\/\/cosafe.com\/nl\/een-demo-boeken\/","url":"https:\/\/cosafe.com\/nl\/een-demo-boeken\/","name":"Cosafe | Prata met een van onze specialisten","isPartOf":{"@id":"https:\/\/cosafe.com\/nl\/#website"},"primaryImageOfPage":{"@id":"https:\/\/cosafe.com\/nl\/een-demo-boeken\/#primaryimage"},"image":{"@id":"https:\/\/cosafe.com\/nl\/een-demo-boeken\/#primaryimage"},"thumbnailUrl":"https:\/\/cosafe.com\/wp-content\/uploads\/2025\/02\/alexis-nicou-medarbetare-cosafe-1-1.webp","datePublished":"2022-06-19T11:58:59+00:00","dateModified":"2025-03-04T16:35:17+00:00","description":"Vi vill hj\u00e4lpa er att f\u00f6rb\u00e4ttra er beredskap och kommunikation vid kritiska h\u00e4ndelser och incidenter. De beste manier om een demonstratie te geven!","breadcrumb":{"@id":"https:\/\/cosafe.com\/nl\/een-demo-boeken\/#breadcrumb"},"inLanguage":"nl-NL","potentialAction":[{"@type":"ReadAction","target":["https:\/\/cosafe.com\/nl\/een-demo-boeken\/"]}]},{"@type":"ImageObject","inLanguage":"nl-NL","@id":"https:\/\/cosafe.com\/nl\/een-demo-boeken\/#primaryimage","url":"https:\/\/cosafe.com\/wp-content\/uploads\/2025\/02\/alexis-nicou-medarbetare-cosafe-1-1.webp","contentUrl":"https:\/\/cosafe.com\/wp-content\/uploads\/2025\/02\/alexis-nicou-medarbetare-cosafe-1-1.webp"},{"@type":"BreadcrumbList","@id":"https:\/\/cosafe.com\/nl\/een-demo-boeken\/#breadcrumb","itemListElement":[{"@type":"ListItem","position":1,"name":"Home","item":"https:\/\/cosafe.com\/nl\/cosafe-de-nieuwe-manier-om-kritieke-gebeurtenissen-te-waarschuwen-beheren-en-voorkomen\/"},{"@type":"ListItem","position":2,"name":"Een demo boeken"}]},{"@type":"WebSite","@id":"https:\/\/cosafe.com\/nl\/#website","url":"https:\/\/cosafe.com\/nl\/","name":"Cosafe","description":"Alarms, Incident Management &amp; Smart Communication","publisher":{"@id":"https:\/\/cosafe.com\/nl\/#organization"},"potentialAction":[{"@type":"SearchAction","target":{"@type":"EntryPoint","urlTemplate":"https:\/\/cosafe.com\/nl\/?s={search_term_string}"},"query-input":{"@type":"PropertyValueSpecification","valueRequired":true,"valueName":"search_term_string"}}],"inLanguage":"nl-NL"},{"@type":"Organization","@id":"https:\/\/cosafe.com\/nl\/#organization","name":"Cosafe","url":"https:\/\/cosafe.com\/nl\/","logo":{"@type":"ImageObject","inLanguage":"nl-NL","@id":"https:\/\/cosafe.com\/nl\/#\/schema\/logo\/image\/","url":"https:\/\/cosafe.com\/wp-content\/uploads\/2021\/10\/cosafe-admin-logo2.png","contentUrl":"https:\/\/cosafe.com\/wp-content\/uploads\/2021\/10\/cosafe-admin-logo2.png","width":250,"height":61,"caption":"Cosafe"},"image":{"@id":"https:\/\/cosafe.com\/nl\/#\/schema\/logo\/image\/"},"sameAs":["https:\/\/www.facebook.com\/cosafe.technology\/","https:\/\/se.linkedin.com\/company\/cosafe"]}]}},"_links":{"self":[{"href":"https:\/\/cosafe.com\/nl\/wp-json\/wp\/v2\/pages\/19136","targetHints":{"allow":["GET"]}}],"collection":[{"href":"https:\/\/cosafe.com\/nl\/wp-json\/wp\/v2\/pages"}],"about":[{"href":"https:\/\/cosafe.com\/nl\/wp-json\/wp\/v2\/types\/page"}],"author":[{"embeddable":true,"href":"https:\/\/cosafe.com\/nl\/wp-json\/wp\/v2\/users\/1"}],"replies":[{"embeddable":true,"href":"https:\/\/cosafe.com\/nl\/wp-json\/wp\/v2\/comments?post=19136"}],"version-history":[{"count":0,"href":"https:\/\/cosafe.com\/nl\/wp-json\/wp\/v2\/pages\/19136\/revisions"}],"wp:attachment":[{"href":"https:\/\/cosafe.com\/nl\/wp-json\/wp\/v2\/media?parent=19136"}],"curies":[{"name":"wp","href":"https:\/\/api.w.org\/{rel}","templated":true}]}}