{"id":24392,"date":"2022-06-19T11:58:59","date_gmt":"2022-06-19T11:58:59","guid":{"rendered":"https:\/\/cosafe.com\/book-a-demo\/"},"modified":"2026-04-13T09:20:30","modified_gmt":"2026-04-13T09:20:30","slug":"boka-demo","status":"publish","type":"page","link":"https:\/\/cosafe.com\/sv\/boka-demo\/","title":{"rendered":"Boka demo"},"content":{"rendered":"\t\t<div data-elementor-type=\"wp-page\" data-elementor-id=\"24392\" class=\"elementor elementor-24392 elementor-8710\" data-elementor-post-type=\"page\">\n\t\t\t\t\t\t<section class=\"elementor-section elementor-top-section elementor-element elementor-element-79c4a63 elementor-section-boxed elementor-section-height-default elementor-section-height-default\" data-id=\"79c4a63\" data-element_type=\"section\" data-e-type=\"section\" data-settings=\"{&quot;background_background&quot;:&quot;classic&quot;}\">\n\t\t\t\t\t\t<div class=\"elementor-container elementor-column-gap-default\">\n\t\t\t\t\t<div class=\"elementor-column elementor-col-50 elementor-top-column elementor-element elementor-element-7427ce8\" data-id=\"7427ce8\" data-element_type=\"column\" data-e-type=\"column\" data-settings=\"{&quot;animation&quot;:&quot;none&quot;}\">\n\t\t\t<div class=\"elementor-widget-wrap elementor-element-populated\">\n\t\t\t\t\t\t<div class=\"elementor-element elementor-element-81a4231 elementor-widget elementor-widget-heading\" data-id=\"81a4231\" data-element_type=\"widget\" data-e-type=\"widget\" data-widget_type=\"heading.default\">\n\t\t\t\t<div class=\"elementor-widget-container\">\n\t\t\t\t\t<h1 class=\"elementor-heading-title elementor-size-default\">Boka demo<\/h1>\t\t\t\t<\/div>\n\t\t\t\t<\/div>\n\t\t\t\t<div class=\"elementor-element elementor-element-54f6694 elementor-widget elementor-widget-text-editor\" data-id=\"54f6694\" data-element_type=\"widget\" data-e-type=\"widget\" data-widget_type=\"text-editor.default\">\n\t\t\t\t<div class=\"elementor-widget-container\">\n\t\t\t\t\t\t\t\t\t<p>Vi vill veta mer om era utmaningar och hur vi kan hj\u00e4lpa er att f\u00f6rb\u00e4ttra er beredskap och kommunikation vid kritiska h\u00e4ndelser.\u00a0<\/p><p>Vi ber\u00e4ttar hur hundratals andra kunder anv\u00e4nder v\u00e5r plattform f\u00f6r att larma, hantera och f\u00f6rebygga incidenter.<\/p>\t\t\t\t\t\t\t\t<\/div>\n\t\t\t\t<\/div>\n\t\t\t\t<section class=\"elementor-section elementor-inner-section elementor-element elementor-element-6b4deae elementor-section-full_width elementor-section-content-space-between elementor-section-height-default elementor-section-height-default\" data-id=\"6b4deae\" data-element_type=\"section\" data-e-type=\"section\">\n\t\t\t\t\t\t<div class=\"elementor-container elementor-column-gap-narrow\">\n\t\t\t\t\t<div class=\"elementor-column elementor-col-100 elementor-inner-column elementor-element elementor-element-e2eb643\" data-id=\"e2eb643\" data-element_type=\"column\" data-e-type=\"column\">\n\t\t\t<div class=\"elementor-widget-wrap elementor-element-populated\">\n\t\t\t\t\t\t<div class=\"elementor-element elementor-element-044efb1 elementor-align-center elementor-widget__width-auto elementor-widget-tablet__width-initial elementor-tablet-align-left elementor-mobile-align-left elementor-widget elementor-widget-button\" data-id=\"044efb1\" data-element_type=\"widget\" data-e-type=\"widget\" data-widget_type=\"button.default\">\n\t\t\t\t<div class=\"elementor-widget-container\">\n\t\t\t\t\t\t\t\t\t<div class=\"elementor-button-wrapper\">\n\t\t\t\t\t<a class=\"elementor-button elementor-button-link elementor-size-sm elementor-animation-grow\" href=\"#moteskalender\">\n\t\t\t\t\t\t<span class=\"elementor-button-content-wrapper\">\n\t\t\t\t\t\t\t\t\t<span class=\"elementor-button-text\">M\u00f6teskalender<\/span>\n\t\t\t\t\t<\/span>\n\t\t\t\t\t<\/a>\n\t\t\t\t<\/div>\n\t\t\t\t\t\t\t\t<\/div>\n\t\t\t\t<\/div>\n\t\t\t\t\t<\/div>\n\t\t<\/div>\n\t\t\t\t\t<\/div>\n\t\t<\/section>\n\t\t\t\t<section class=\"elementor-section elementor-inner-section elementor-element elementor-element-70ea0eb elementor-section-boxed elementor-section-height-default elementor-section-height-default\" data-id=\"70ea0eb\" data-element_type=\"section\" data-e-type=\"section\">\n\t\t\t\t\t\t<div class=\"elementor-container elementor-column-gap-default\">\n\t\t\t\t\t<div class=\"elementor-column elementor-col-100 elementor-inner-column elementor-element elementor-element-c8f0c0c\" data-id=\"c8f0c0c\" data-element_type=\"column\" data-e-type=\"column\">\n\t\t\t<div class=\"elementor-widget-wrap elementor-element-populated\">\n\t\t\t\t\t\t<div class=\"elementor-element elementor-element-6735f3b elementor-widget elementor-widget-text-editor\" data-id=\"6735f3b\" data-element_type=\"widget\" data-e-type=\"widget\" data-widget_type=\"text-editor.default\">\n\t\t\t\t<div class=\"elementor-widget-container\">\n\t\t\t\t\t\t\t\t\t<p>Du kan ocks\u00e5 boka en genomg\u00e5ng genom att ringa oss p\u00e5 <a href=\"tel:+46840940020\">+46 8 409 400 20<\/a>\u00a0eller mejla <a href=\"mailto:info@cosafe.com\" rel=\"noopener\">info@cosafe.com<\/a>.<\/p>\t\t\t\t\t\t\t\t<\/div>\n\t\t\t\t<\/div>\n\t\t\t\t\t<\/div>\n\t\t<\/div>\n\t\t\t\t\t<\/div>\n\t\t<\/section>\n\t\t\t\t\t<\/div>\n\t\t<\/div>\n\t\t\t\t<div class=\"elementor-column elementor-col-50 elementor-top-column elementor-element elementor-element-43b9a72\" data-id=\"43b9a72\" data-element_type=\"column\" data-e-type=\"column\">\n\t\t\t<div class=\"elementor-widget-wrap elementor-element-populated\">\n\t\t\t\t\t\t<div class=\"elementor-element elementor-element-72c47ec animated-slow elementor-invisible elementor-widget elementor-widget-image\" data-id=\"72c47ec\" data-element_type=\"widget\" data-e-type=\"widget\" data-settings=\"{&quot;_animation&quot;:&quot;fadeIn&quot;}\" data-widget_type=\"image.default\">\n\t\t\t\t<div class=\"elementor-widget-container\">\n\t\t\t\t\t\t\t\t\t\t\t\t\t\t\t<img loading=\"lazy\" loading=\"lazy\" decoding=\"async\" width=\"2560\" height=\"1710\" data-src=\"https:\/\/cosafe.com\/wp-content\/uploads\/2025\/01\/alexis-nicou-medarbetare-cosafe.webp\" class=\"attachment-full size-full wp-image-30134 lazyload\" alt=\"Alexis Nicou tillsammans med medarbetare p\u00e5 Cosafe.\" data-srcset=\"https:\/\/cosafe.com\/wp-content\/uploads\/2025\/01\/alexis-nicou-medarbetare-cosafe.webp 2560w, https:\/\/cosafe.com\/wp-content\/uploads\/2025\/01\/alexis-nicou-medarbetare-cosafe-300x200.webp 300w, https:\/\/cosafe.com\/wp-content\/uploads\/2025\/01\/alexis-nicou-medarbetare-cosafe-1024x684.webp 1024w, https:\/\/cosafe.com\/wp-content\/uploads\/2025\/01\/alexis-nicou-medarbetare-cosafe-768x513.webp 768w, https:\/\/cosafe.com\/wp-content\/uploads\/2025\/01\/alexis-nicou-medarbetare-cosafe-1536x1026.webp 1536w, https:\/\/cosafe.com\/wp-content\/uploads\/2025\/01\/alexis-nicou-medarbetare-cosafe-2048x1368.webp 2048w\" data-sizes=\"auto, (max-width: 2560px) 100vw, 2560px\" src=\"data:image\/gif;base64,R0lGODlhAQABAAAAACH5BAEKAAEALAAAAAABAAEAAAICTAEAOw==\" style=\"--smush-placeholder-width: 2560px; --smush-placeholder-aspect-ratio: 2560\/1710;\" \/><noscript><img loading=\"lazy\" loading=\"lazy\" decoding=\"async\" width=\"2560\" height=\"1710\" src=\"https:\/\/cosafe.com\/wp-content\/uploads\/2025\/01\/alexis-nicou-medarbetare-cosafe.webp\" class=\"attachment-full size-full wp-image-30134\" alt=\"Alexis Nicou tillsammans med medarbetare p\u00e5 Cosafe.\" srcset=\"https:\/\/cosafe.com\/wp-content\/uploads\/2025\/01\/alexis-nicou-medarbetare-cosafe.webp 2560w, https:\/\/cosafe.com\/wp-content\/uploads\/2025\/01\/alexis-nicou-medarbetare-cosafe-300x200.webp 300w, https:\/\/cosafe.com\/wp-content\/uploads\/2025\/01\/alexis-nicou-medarbetare-cosafe-1024x684.webp 1024w, https:\/\/cosafe.com\/wp-content\/uploads\/2025\/01\/alexis-nicou-medarbetare-cosafe-768x513.webp 768w, https:\/\/cosafe.com\/wp-content\/uploads\/2025\/01\/alexis-nicou-medarbetare-cosafe-1536x1026.webp 1536w, https:\/\/cosafe.com\/wp-content\/uploads\/2025\/01\/alexis-nicou-medarbetare-cosafe-2048x1368.webp 2048w\" sizes=\"auto, (max-width: 2560px) 100vw, 2560px\" \/><\/noscript>\t\t\t\t\t\t\t\t\t\t\t\t\t\t\t<\/div>\n\t\t\t\t<\/div>\n\t\t\t\t\t<\/div>\n\t\t<\/div>\n\t\t\t\t\t<\/div>\n\t\t<\/section>\n\t\t\t\t<section class=\"elementor-section elementor-top-section elementor-element elementor-element-6d3c1e7 elementor-section-boxed elementor-section-height-default elementor-section-height-default\" data-id=\"6d3c1e7\" data-element_type=\"section\" data-e-type=\"section\" id=\"moteskalender\" data-settings=\"{&quot;background_background&quot;:&quot;classic&quot;}\">\n\t\t\t\t\t\t<div class=\"elementor-container elementor-column-gap-default\">\n\t\t\t\t\t<div class=\"elementor-column elementor-col-100 elementor-top-column elementor-element elementor-element-bbf6985\" data-id=\"bbf6985\" data-element_type=\"column\" data-e-type=\"column\">\n\t\t\t<div class=\"elementor-widget-wrap elementor-element-populated\">\n\t\t\t\t\t\t<section class=\"elementor-section elementor-inner-section elementor-element elementor-element-ca63723 elementor-section-boxed elementor-section-height-default elementor-section-height-default\" data-id=\"ca63723\" data-element_type=\"section\" data-e-type=\"section\" id=\"moteskalendern\">\n\t\t\t\t\t\t<div class=\"elementor-container elementor-column-gap-default\">\n\t\t\t\t\t<div class=\"elementor-column elementor-col-100 elementor-inner-column elementor-element elementor-element-7e8f3a1\" data-id=\"7e8f3a1\" data-element_type=\"column\" data-e-type=\"column\">\n\t\t\t<div class=\"elementor-widget-wrap elementor-element-populated\">\n\t\t\t\t\t\t<div class=\"elementor-element elementor-element-05f8d16 elementor-widget elementor-widget-heading\" data-id=\"05f8d16\" data-element_type=\"widget\" data-e-type=\"widget\" data-widget_type=\"heading.default\">\n\t\t\t\t<div class=\"elementor-widget-container\">\n\t\t\t\t\t<h2 class=\"elementor-heading-title elementor-size-default\">V\u00e4lj en m\u00f6testid som passar dig<\/h2>\t\t\t\t<\/div>\n\t\t\t\t<\/div>\n\t\t\t\t<div class=\"elementor-element elementor-element-6a2b8d4 e-transform elementor-widget elementor-widget-html\" data-id=\"6a2b8d4\" data-element_type=\"widget\" data-e-type=\"widget\" data-settings=\"{&quot;_transform_translateX_effect_mobile&quot;:{&quot;unit&quot;:&quot;px&quot;,&quot;size&quot;:-24,&quot;sizes&quot;:[]},&quot;_transform_translateX_effect&quot;:{&quot;unit&quot;:&quot;px&quot;,&quot;size&quot;:&quot;&quot;,&quot;sizes&quot;:[]},&quot;_transform_translateX_effect_tablet&quot;:{&quot;unit&quot;:&quot;px&quot;,&quot;size&quot;:&quot;&quot;,&quot;sizes&quot;:[]},&quot;_transform_translateY_effect&quot;:{&quot;unit&quot;:&quot;px&quot;,&quot;size&quot;:&quot;&quot;,&quot;sizes&quot;:[]},&quot;_transform_translateY_effect_tablet&quot;:{&quot;unit&quot;:&quot;px&quot;,&quot;size&quot;:&quot;&quot;,&quot;sizes&quot;:[]},&quot;_transform_translateY_effect_mobile&quot;:{&quot;unit&quot;:&quot;px&quot;,&quot;size&quot;:&quot;&quot;,&quot;sizes&quot;:[]}}\" data-widget_type=\"html.default\">\n\t\t\t\t<div class=\"elementor-widget-container\">\n\t\t\t\t\t<!-- Start of Meetings Embed Script -->\n    <div class=\"meetings-iframe-container\" data-src=\"https:\/\/meetings-eu1.hubspot.com\/info-cosafe\/55-min-demo-web-meeting?embed=true\"><\/div>\n    <script type=\"text\/javascript\" src=\"https:\/\/static.hsappstatic.net\/MeetingsEmbed\/ex\/MeetingsEmbedCode.js\"><\/script>\n  <!-- End of Meetings Embed Script -->\n\t\t\t\t<\/div>\n\t\t\t\t<\/div>\n\t\t\t\t\t<\/div>\n\t\t<\/div>\n\t\t\t\t\t<\/div>\n\t\t<\/section>\n\t\t\t\t\t<\/div>\n\t\t<\/div>\n\t\t\t\t\t<\/div>\n\t\t<\/section>\n\t\t\t\t<\/div>\n\t\t","protected":false},"excerpt":{"rendered":"<p>Boka demo Vi vill veta mer om era utmaningar och hur vi kan hj\u00e4lpa er att f\u00f6rb\u00e4ttra er beredskap och kommunikation vid kritiska h\u00e4ndelser. Vi ber\u00e4ttar hur hundratals andra kunder anv\u00e4nder v\u00e5r plattform f\u00f6r att larma, hantera och f\u00f6rebygga incidenter. M\u00f6teskalender Du kan ocks\u00e5 boka en genomg\u00e5ng genom att ringa oss p\u00e5 +46 8 409 [&hellip;]<\/p>\n","protected":false},"author":1,"featured_media":36430,"parent":0,"menu_order":0,"comment_status":"closed","ping_status":"closed","template":"","meta":{"_acf_changed":false,"content-type":"","site-sidebar-layout":"no-sidebar","site-content-layout":"page-builder","ast-site-content-layout":"full-width-container","site-content-style":"unboxed","site-sidebar-style":"unboxed","ast-global-header-display":"","ast-banner-title-visibility":"","ast-main-header-display":"","ast-hfb-above-header-display":"","ast-hfb-below-header-display":"","ast-hfb-mobile-header-display":"","site-post-title":"disabled","ast-breadcrumbs-content":"","ast-featured-img":"disabled","footer-sml-layout":"","theme-transparent-header-meta":"default","adv-header-id-meta":"","stick-header-meta":"default","header-above-stick-meta":"","header-main-stick-meta":"","header-below-stick-meta":"","astra-migrate-meta-layouts":"set","ast-page-background-enabled":"default","ast-page-background-meta":{"desktop":{"background-color":"var(--ast-global-color-4)","background-image":"","background-repeat":"repeat","background-position":"center center","background-size":"auto","background-attachment":"scroll","background-type":"","background-media":"","overlay-type":"","overlay-color":"","overlay-opacity":"","overlay-gradient":""},"tablet":{"background-color":"","background-image":"","background-repeat":"repeat","background-position":"center center","background-size":"auto","background-attachment":"scroll","background-type":"","background-media":"","overlay-type":"","overlay-color":"","overlay-opacity":"","overlay-gradient":""},"mobile":{"background-color":"","background-image":"","background-repeat":"repeat","background-position":"center center","background-size":"auto","background-attachment":"scroll","background-type":"","background-media":"","overlay-type":"","overlay-color":"","overlay-opacity":"","overlay-gradient":""}},"ast-content-background-meta":{"desktop":{"background-color":"var(--ast-global-color-5)","background-image":"","background-repeat":"repeat","background-position":"center center","background-size":"auto","background-attachment":"scroll","background-type":"","background-media":"","overlay-type":"","overlay-color":"","overlay-opacity":"","overlay-gradient":""},"tablet":{"background-color":"var(--ast-global-color-5)","background-image":"","background-repeat":"repeat","background-position":"center center","background-size":"auto","background-attachment":"scroll","background-type":"","background-media":"","overlay-type":"","overlay-color":"","overlay-opacity":"","overlay-gradient":""},"mobile":{"background-color":"var(--ast-global-color-5)","background-image":"","background-repeat":"repeat","background-position":"center center","background-size":"auto","background-attachment":"scroll","background-type":"","background-media":"","overlay-type":"","overlay-color":"","overlay-opacity":"","overlay-gradient":""}},"footnotes":""},"class_list":["post-24392","page","type-page","status-publish","has-post-thumbnail","hentry"],"acf":[],"yoast_head":"<!-- This site is optimized with the Yoast SEO plugin v27.5 - https:\/\/yoast.com\/product\/yoast-seo-wordpress\/ -->\n<title>Cosafe | Prata med en av v\u00e5ra specialister<\/title>\n<meta name=\"description\" content=\"Vi vill hj\u00e4lpa er att f\u00f6rb\u00e4ttra er beredskap och kommunikation vid kritiska h\u00e4ndelser och incidenter. Ta f\u00f6rsta steget och boka demo med oss!\" \/>\n<meta name=\"robots\" content=\"index, follow, max-snippet:-1, max-image-preview:large, max-video-preview:-1\" \/>\n<link rel=\"canonical\" href=\"https:\/\/cosafe.com\/sv\/boka-demo\/\" \/>\n<meta property=\"og:locale\" content=\"sv_SE\" \/>\n<meta property=\"og:type\" content=\"article\" \/>\n<meta property=\"og:title\" content=\"Cosafe | Prata med en av v\u00e5ra specialister\" \/>\n<meta property=\"og:description\" content=\"Vi vill hj\u00e4lpa er att f\u00f6rb\u00e4ttra er beredskap och kommunikation vid kritiska h\u00e4ndelser och incidenter. Ta f\u00f6rsta steget och boka demo med oss!\" \/>\n<meta property=\"og:url\" content=\"https:\/\/cosafe.com\/sv\/boka-demo\/\" \/>\n<meta property=\"og:site_name\" content=\"Cosafe\" \/>\n<meta property=\"article:publisher\" content=\"https:\/\/www.facebook.com\/cosafe.technology\/\" \/>\n<meta property=\"article:modified_time\" content=\"2026-04-13T09:20:30+00:00\" \/>\n<meta property=\"og:image\" content=\"https:\/\/cosafe.com\/wp-content\/uploads\/2025\/12\/cosafe-sharing-1.png\" \/>\n\t<meta property=\"og:image:width\" content=\"1200\" \/>\n\t<meta property=\"og:image:height\" content=\"675\" \/>\n\t<meta property=\"og:image:type\" content=\"image\/png\" \/>\n<meta name=\"twitter:card\" content=\"summary_large_image\" \/>\n<meta name=\"twitter:label1\" content=\"Ber\u00e4knad l\u00e4stid\" \/>\n\t<meta name=\"twitter:data1\" content=\"1 minut\" \/>\n<script type=\"application\/ld+json\" class=\"yoast-schema-graph\">{\"@context\":\"https:\\\/\\\/schema.org\",\"@graph\":[{\"@type\":\"WebPage\",\"@id\":\"https:\\\/\\\/cosafe.com\\\/sv\\\/boka-demo\\\/\",\"url\":\"https:\\\/\\\/cosafe.com\\\/sv\\\/boka-demo\\\/\",\"name\":\"Cosafe | Prata med en av v\u00e5ra specialister\",\"isPartOf\":{\"@id\":\"https:\\\/\\\/cosafe.com\\\/sv\\\/#website\"},\"primaryImageOfPage\":{\"@id\":\"https:\\\/\\\/cosafe.com\\\/sv\\\/boka-demo\\\/#primaryimage\"},\"image\":{\"@id\":\"https:\\\/\\\/cosafe.com\\\/sv\\\/boka-demo\\\/#primaryimage\"},\"thumbnailUrl\":\"https:\\\/\\\/cosafe.com\\\/wp-content\\\/uploads\\\/2025\\\/12\\\/cosafe-sharing-1.png\",\"datePublished\":\"2022-06-19T11:58:59+00:00\",\"dateModified\":\"2026-04-13T09:20:30+00:00\",\"description\":\"Vi vill hj\u00e4lpa er att f\u00f6rb\u00e4ttra er beredskap och kommunikation vid kritiska h\u00e4ndelser och incidenter. Ta f\u00f6rsta steget och boka demo med oss!\",\"breadcrumb\":{\"@id\":\"https:\\\/\\\/cosafe.com\\\/sv\\\/boka-demo\\\/#breadcrumb\"},\"inLanguage\":\"sv-SE\",\"potentialAction\":[{\"@type\":\"ReadAction\",\"target\":[\"https:\\\/\\\/cosafe.com\\\/sv\\\/boka-demo\\\/\"]}]},{\"@type\":\"ImageObject\",\"inLanguage\":\"sv-SE\",\"@id\":\"https:\\\/\\\/cosafe.com\\\/sv\\\/boka-demo\\\/#primaryimage\",\"url\":\"https:\\\/\\\/cosafe.com\\\/wp-content\\\/uploads\\\/2025\\\/12\\\/cosafe-sharing-1.png\",\"contentUrl\":\"https:\\\/\\\/cosafe.com\\\/wp-content\\\/uploads\\\/2025\\\/12\\\/cosafe-sharing-1.png\",\"width\":1200,\"height\":675},{\"@type\":\"BreadcrumbList\",\"@id\":\"https:\\\/\\\/cosafe.com\\\/sv\\\/boka-demo\\\/#breadcrumb\",\"itemListElement\":[{\"@type\":\"ListItem\",\"position\":1,\"name\":\"Home\",\"item\":\"https:\\\/\\\/cosafe.com\\\/sv\\\/\"},{\"@type\":\"ListItem\",\"position\":2,\"name\":\"Boka demo\"}]},{\"@type\":\"WebSite\",\"@id\":\"https:\\\/\\\/cosafe.com\\\/sv\\\/#website\",\"url\":\"https:\\\/\\\/cosafe.com\\\/sv\\\/\",\"name\":\"Cosafe\",\"description\":\"Alarms, Incident Management &amp; Smart Communication\",\"publisher\":{\"@id\":\"https:\\\/\\\/cosafe.com\\\/sv\\\/#organization\"},\"potentialAction\":[{\"@type\":\"SearchAction\",\"target\":{\"@type\":\"EntryPoint\",\"urlTemplate\":\"https:\\\/\\\/cosafe.com\\\/sv\\\/?s={search_term_string}\"},\"query-input\":{\"@type\":\"PropertyValueSpecification\",\"valueRequired\":true,\"valueName\":\"search_term_string\"}}],\"inLanguage\":\"sv-SE\"},{\"@type\":\"Organization\",\"@id\":\"https:\\\/\\\/cosafe.com\\\/sv\\\/#organization\",\"name\":\"Cosafe\",\"url\":\"https:\\\/\\\/cosafe.com\\\/sv\\\/\",\"logo\":{\"@type\":\"ImageObject\",\"inLanguage\":\"sv-SE\",\"@id\":\"https:\\\/\\\/cosafe.com\\\/sv\\\/#\\\/schema\\\/logo\\\/image\\\/\",\"url\":\"https:\\\/\\\/cosafe.com\\\/wp-content\\\/uploads\\\/2021\\\/10\\\/cosafe-admin-logo2.png\",\"contentUrl\":\"https:\\\/\\\/cosafe.com\\\/wp-content\\\/uploads\\\/2021\\\/10\\\/cosafe-admin-logo2.png\",\"width\":250,\"height\":61,\"caption\":\"Cosafe\"},\"image\":{\"@id\":\"https:\\\/\\\/cosafe.com\\\/sv\\\/#\\\/schema\\\/logo\\\/image\\\/\"},\"sameAs\":[\"https:\\\/\\\/www.facebook.com\\\/cosafe.technology\\\/\",\"https:\\\/\\\/se.linkedin.com\\\/company\\\/cosafe\"]}]}<\/script>\n<!-- \/ Yoast SEO plugin. -->","yoast_head_json":{"title":"Cosafe | Prata med en av v\u00e5ra specialister","description":"Vi vill hj\u00e4lpa er att f\u00f6rb\u00e4ttra er beredskap och kommunikation vid kritiska h\u00e4ndelser och incidenter. Ta f\u00f6rsta steget och boka demo med oss!","robots":{"index":"index","follow":"follow","max-snippet":"max-snippet:-1","max-image-preview":"max-image-preview:large","max-video-preview":"max-video-preview:-1"},"canonical":"https:\/\/cosafe.com\/sv\/boka-demo\/","og_locale":"sv_SE","og_type":"article","og_title":"Cosafe | Prata med en av v\u00e5ra specialister","og_description":"Vi vill hj\u00e4lpa er att f\u00f6rb\u00e4ttra er beredskap och kommunikation vid kritiska h\u00e4ndelser och incidenter. Ta f\u00f6rsta steget och boka demo med oss!","og_url":"https:\/\/cosafe.com\/sv\/boka-demo\/","og_site_name":"Cosafe","article_publisher":"https:\/\/www.facebook.com\/cosafe.technology\/","article_modified_time":"2026-04-13T09:20:30+00:00","og_image":[{"width":1200,"height":675,"url":"https:\/\/cosafe.com\/wp-content\/uploads\/2025\/12\/cosafe-sharing-1.png","type":"image\/png"}],"twitter_card":"summary_large_image","twitter_misc":{"Ber\u00e4knad l\u00e4stid":"1 minut"},"schema":{"@context":"https:\/\/schema.org","@graph":[{"@type":"WebPage","@id":"https:\/\/cosafe.com\/sv\/boka-demo\/","url":"https:\/\/cosafe.com\/sv\/boka-demo\/","name":"Cosafe | Prata med en av v\u00e5ra specialister","isPartOf":{"@id":"https:\/\/cosafe.com\/sv\/#website"},"primaryImageOfPage":{"@id":"https:\/\/cosafe.com\/sv\/boka-demo\/#primaryimage"},"image":{"@id":"https:\/\/cosafe.com\/sv\/boka-demo\/#primaryimage"},"thumbnailUrl":"https:\/\/cosafe.com\/wp-content\/uploads\/2025\/12\/cosafe-sharing-1.png","datePublished":"2022-06-19T11:58:59+00:00","dateModified":"2026-04-13T09:20:30+00:00","description":"Vi vill hj\u00e4lpa er att f\u00f6rb\u00e4ttra er beredskap och kommunikation vid kritiska h\u00e4ndelser och incidenter. Ta f\u00f6rsta steget och boka demo med oss!","breadcrumb":{"@id":"https:\/\/cosafe.com\/sv\/boka-demo\/#breadcrumb"},"inLanguage":"sv-SE","potentialAction":[{"@type":"ReadAction","target":["https:\/\/cosafe.com\/sv\/boka-demo\/"]}]},{"@type":"ImageObject","inLanguage":"sv-SE","@id":"https:\/\/cosafe.com\/sv\/boka-demo\/#primaryimage","url":"https:\/\/cosafe.com\/wp-content\/uploads\/2025\/12\/cosafe-sharing-1.png","contentUrl":"https:\/\/cosafe.com\/wp-content\/uploads\/2025\/12\/cosafe-sharing-1.png","width":1200,"height":675},{"@type":"BreadcrumbList","@id":"https:\/\/cosafe.com\/sv\/boka-demo\/#breadcrumb","itemListElement":[{"@type":"ListItem","position":1,"name":"Home","item":"https:\/\/cosafe.com\/sv\/"},{"@type":"ListItem","position":2,"name":"Boka demo"}]},{"@type":"WebSite","@id":"https:\/\/cosafe.com\/sv\/#website","url":"https:\/\/cosafe.com\/sv\/","name":"Cosafe","description":"Alarms, Incident Management &amp; Smart Communication","publisher":{"@id":"https:\/\/cosafe.com\/sv\/#organization"},"potentialAction":[{"@type":"SearchAction","target":{"@type":"EntryPoint","urlTemplate":"https:\/\/cosafe.com\/sv\/?s={search_term_string}"},"query-input":{"@type":"PropertyValueSpecification","valueRequired":true,"valueName":"search_term_string"}}],"inLanguage":"sv-SE"},{"@type":"Organization","@id":"https:\/\/cosafe.com\/sv\/#organization","name":"Cosafe","url":"https:\/\/cosafe.com\/sv\/","logo":{"@type":"ImageObject","inLanguage":"sv-SE","@id":"https:\/\/cosafe.com\/sv\/#\/schema\/logo\/image\/","url":"https:\/\/cosafe.com\/wp-content\/uploads\/2021\/10\/cosafe-admin-logo2.png","contentUrl":"https:\/\/cosafe.com\/wp-content\/uploads\/2021\/10\/cosafe-admin-logo2.png","width":250,"height":61,"caption":"Cosafe"},"image":{"@id":"https:\/\/cosafe.com\/sv\/#\/schema\/logo\/image\/"},"sameAs":["https:\/\/www.facebook.com\/cosafe.technology\/","https:\/\/se.linkedin.com\/company\/cosafe"]}]}},"_links":{"self":[{"href":"https:\/\/cosafe.com\/sv\/wp-json\/wp\/v2\/pages\/24392","targetHints":{"allow":["GET"]}}],"collection":[{"href":"https:\/\/cosafe.com\/sv\/wp-json\/wp\/v2\/pages"}],"about":[{"href":"https:\/\/cosafe.com\/sv\/wp-json\/wp\/v2\/types\/page"}],"author":[{"embeddable":true,"href":"https:\/\/cosafe.com\/sv\/wp-json\/wp\/v2\/users\/1"}],"replies":[{"embeddable":true,"href":"https:\/\/cosafe.com\/sv\/wp-json\/wp\/v2\/comments?post=24392"}],"version-history":[{"count":4,"href":"https:\/\/cosafe.com\/sv\/wp-json\/wp\/v2\/pages\/24392\/revisions"}],"predecessor-version":[{"id":36689,"href":"https:\/\/cosafe.com\/sv\/wp-json\/wp\/v2\/pages\/24392\/revisions\/36689"}],"wp:featuredmedia":[{"embeddable":true,"href":"https:\/\/cosafe.com\/sv\/wp-json\/wp\/v2\/media\/36430"}],"wp:attachment":[{"href":"https:\/\/cosafe.com\/sv\/wp-json\/wp\/v2\/media?parent=24392"}],"curies":[{"name":"wp","href":"https:\/\/api.w.org\/{rel}","templated":true}]}}