{"id":25305,"date":"2024-06-26T08:01:25","date_gmt":"2024-06-26T08:01:25","guid":{"rendered":"https:\/\/cosafe.com\/?page_id=25305"},"modified":"2024-06-26T08:06:12","modified_gmt":"2024-06-26T08:06:12","slug":"cosi","status":"publish","type":"page","link":"https:\/\/cosafe.com\/sv\/cosi\/","title":{"rendered":"CoSafe Sustainability Initiative (CoSI)"},"content":{"rendered":"\t\t<div data-elementor-type=\"wp-page\" data-elementor-id=\"25305\" class=\"elementor elementor-25305\" data-elementor-post-type=\"page\">\n\t\t\t\t\t\t<section class=\"elementor-section elementor-top-section elementor-element elementor-element-f3480c3 elementor-section-boxed elementor-section-height-default elementor-section-height-default\" data-id=\"f3480c3\" data-element_type=\"section\" data-e-type=\"section\">\n\t\t\t\t\t\t<div class=\"elementor-container elementor-column-gap-default\">\n\t\t\t\t\t<div class=\"elementor-column elementor-col-100 elementor-top-column elementor-element elementor-element-bc59205\" data-id=\"bc59205\" data-element_type=\"column\" data-e-type=\"column\">\n\t\t\t<div class=\"elementor-widget-wrap elementor-element-populated\">\n\t\t\t\t\t\t<div class=\"elementor-element elementor-element-a04965d elementor-widget elementor-widget-heading\" data-id=\"a04965d\" data-element_type=\"widget\" data-e-type=\"widget\" data-widget_type=\"heading.default\">\n\t\t\t\t<div class=\"elementor-widget-container\">\n\t\t\t\t\t<h1 class=\"elementor-heading-title elementor-size-default\">Cosafe Sustainability Initiative (CoSI)<\/h1>\t\t\t\t<\/div>\n\t\t\t\t<\/div>\n\t\t\t\t\t<\/div>\n\t\t<\/div>\n\t\t\t\t\t<\/div>\n\t\t<\/section>\n\t\t\t\t<section class=\"elementor-section elementor-top-section elementor-element elementor-element-1368a20 elementor-section-boxed elementor-section-height-default elementor-section-height-default\" data-id=\"1368a20\" data-element_type=\"section\" data-e-type=\"section\">\n\t\t\t\t\t\t<div class=\"elementor-container elementor-column-gap-default\">\n\t\t\t\t\t<div class=\"elementor-column elementor-col-100 elementor-top-column elementor-element elementor-element-40b5c67\" data-id=\"40b5c67\" data-element_type=\"column\" data-e-type=\"column\">\n\t\t\t<div class=\"elementor-widget-wrap elementor-element-populated\">\n\t\t\t\t\t\t<div class=\"elementor-element elementor-element-899023b elementor-widget elementor-widget-text-editor\" data-id=\"899023b\" data-element_type=\"widget\" data-e-type=\"widget\" data-widget_type=\"text-editor.default\">\n\t\t\t\t<div class=\"elementor-widget-container\">\n\t\t\t\t\t\t\t\t\t<p>Cosafe Sustainability Initiative (CoSI) v\u00e4nder sig till ideella f\u00f6reningar och v\u00e4lg\u00f6renhetsorganisationer som vill anv\u00e4nda v\u00e5r innovativa och digitala kommunikations- och s\u00e4kerhetsplattform Cosafe f\u00f6r att f\u00f6rb\u00e4ttra organisationens f\u00f6rebyggande arbetsmilj\u00f6- och beredskapsarbete samt m\u00f6jligg\u00f6ra modern och smart kommunikation i kritiska situationer.<\/p><p>Mot bakgrund av Agenda 2030:s globala m\u00e5l f\u00f6r en h\u00e5llbar utveckling har vi skapat detta initiativ som syftar till att bidra till \u00f6kad samh\u00e4llsnytta, ett tryggare och s\u00e4krare samh\u00e4lle samt utveckling inom ekonomisk, social och milj\u00f6m\u00e4ssig h\u00e5llbarhet.<\/p><p>Roslagens Sj\u00f6v\u00e4rnsk\u00e5r \u00e4r ett exempel p\u00e5 en ideell f\u00f6rening som anv\u00e4nder Cosafe inom ramen f\u00f6r det h\u00e4r initiativet. L\u00e4s mer om deras erfarenhet\u00a0<a href=\"https:\/\/cosafe.se\/kundcase\/roslagens-sjovarnskar-anvander-cosafe-for-att-kalla-in-jourbesattning\/\" target=\"_blank\" rel=\"noopener\">h\u00e4r<\/a>.<\/p><p>V\u00e4lkommen att ans\u00f6ka om ett kostnadsfritt 24 m\u00e5n Cosafe abonnemang f\u00f6r maximalt 100 anv\u00e4ndare. Systemet \u00e4r en molntj\u00e4nst och kan enkelt anv\u00e4ndas p\u00e5 era befintliga mobiler, l\u00e4splattor eller datorer.<\/p><p>Klicka p\u00e5 l\u00e4nken f\u00f6r att skicka in er ans\u00f6kan till <a href=\"https:\/\/forms.clickup.com\/f\/2ga03-1275\/5T4J8TSD9IF3ZUHV9T\">Cosafe Sustainability Initiative (CoSI)<\/a><\/p>\t\t\t\t\t\t\t\t<\/div>\n\t\t\t\t<\/div>\n\t\t\t\t\t<\/div>\n\t\t<\/div>\n\t\t\t\t\t<\/div>\n\t\t<\/section>\n\t\t\t\t<section class=\"elementor-section elementor-top-section elementor-element elementor-element-ea0a236 elementor-section-content-middle elementor-section-boxed elementor-section-height-default elementor-section-height-default\" data-id=\"ea0a236\" data-element_type=\"section\" data-e-type=\"section\">\n\t\t\t\t\t\t<div class=\"elementor-container elementor-column-gap-no\">\n\t\t\t\t\t<div class=\"elementor-column elementor-col-50 elementor-top-column elementor-element elementor-element-2e5f399\" data-id=\"2e5f399\" data-element_type=\"column\" data-e-type=\"column\">\n\t\t\t<div class=\"elementor-widget-wrap elementor-element-populated\">\n\t\t\t\t\t\t<div class=\"elementor-element elementor-element-723d356 elementor-widget elementor-widget-image\" data-id=\"723d356\" data-element_type=\"widget\" data-e-type=\"widget\" data-widget_type=\"image.default\">\n\t\t\t\t<div class=\"elementor-widget-container\">\n\t\t\t\t\t\t\t\t\t\t\t\t\t\t\t<img loading=\"lazy\" loading=\"lazy\" decoding=\"async\" width=\"1130\" height=\"1130\" data-src=\"https:\/\/cosafe.com\/wp-content\/uploads\/2024\/06\/Alexis_fyrkant.jpg\" class=\"attachment-full size-full wp-image-25307 lazyload\" alt=\"\" data-srcset=\"https:\/\/cosafe.com\/wp-content\/uploads\/2024\/06\/Alexis_fyrkant.jpg 1130w, https:\/\/cosafe.com\/wp-content\/uploads\/2024\/06\/Alexis_fyrkant-300x300.jpg 300w, https:\/\/cosafe.com\/wp-content\/uploads\/2024\/06\/Alexis_fyrkant-1024x1024.jpg 1024w, https:\/\/cosafe.com\/wp-content\/uploads\/2024\/06\/Alexis_fyrkant-150x150.jpg 150w, https:\/\/cosafe.com\/wp-content\/uploads\/2024\/06\/Alexis_fyrkant-768x768.jpg 768w\" data-sizes=\"auto, (max-width: 1130px) 100vw, 1130px\" src=\"data:image\/gif;base64,R0lGODlhAQABAAAAACH5BAEKAAEALAAAAAABAAEAAAICTAEAOw==\" style=\"--smush-placeholder-width: 1130px; --smush-placeholder-aspect-ratio: 1130\/1130;\" \/><noscript><img loading=\"lazy\" loading=\"lazy\" decoding=\"async\" width=\"1130\" height=\"1130\" src=\"https:\/\/cosafe.com\/wp-content\/uploads\/2024\/06\/Alexis_fyrkant.jpg\" class=\"attachment-full size-full wp-image-25307\" alt=\"\" srcset=\"https:\/\/cosafe.com\/wp-content\/uploads\/2024\/06\/Alexis_fyrkant.jpg 1130w, https:\/\/cosafe.com\/wp-content\/uploads\/2024\/06\/Alexis_fyrkant-300x300.jpg 300w, https:\/\/cosafe.com\/wp-content\/uploads\/2024\/06\/Alexis_fyrkant-1024x1024.jpg 1024w, https:\/\/cosafe.com\/wp-content\/uploads\/2024\/06\/Alexis_fyrkant-150x150.jpg 150w, https:\/\/cosafe.com\/wp-content\/uploads\/2024\/06\/Alexis_fyrkant-768x768.jpg 768w\" sizes=\"auto, (max-width: 1130px) 100vw, 1130px\" \/><\/noscript>\t\t\t\t\t\t\t\t\t\t\t\t\t\t\t<\/div>\n\t\t\t\t<\/div>\n\t\t\t\t\t<\/div>\n\t\t<\/div>\n\t\t\t\t<div class=\"elementor-column elementor-col-50 elementor-top-column elementor-element elementor-element-6266027\" data-id=\"6266027\" data-element_type=\"column\" data-e-type=\"column\">\n\t\t\t<div class=\"elementor-widget-wrap elementor-element-populated\">\n\t\t\t\t\t\t<div class=\"elementor-element elementor-element-94401b0 elementor-view-default elementor-widget elementor-widget-icon\" data-id=\"94401b0\" data-element_type=\"widget\" data-e-type=\"widget\" data-widget_type=\"icon.default\">\n\t\t\t\t<div class=\"elementor-widget-container\">\n\t\t\t\t\t\t\t<div class=\"elementor-icon-wrapper\">\n\t\t\t<div class=\"elementor-icon\">\n\t\t\t<svg aria-hidden=\"true\" class=\"e-font-icon-svg e-fas-quote-left\" viewBox=\"0 0 512 512\" xmlns=\"http:\/\/www.w3.org\/2000\/svg\"><path d=\"M464 256h-80v-64c0-35.3 28.7-64 64-64h8c13.3 0 24-10.7 24-24V56c0-13.3-10.7-24-24-24h-8c-88.4 0-160 71.6-160 160v240c0 26.5 21.5 48 48 48h128c26.5 0 48-21.5 48-48V304c0-26.5-21.5-48-48-48zm-288 0H96v-64c0-35.3 28.7-64 64-64h8c13.3 0 24-10.7 24-24V56c0-13.3-10.7-24-24-24h-8C71.6 32 0 103.6 0 192v240c0 26.5 21.5 48 48 48h128c26.5 0 48-21.5 48-48V304c0-26.5-21.5-48-48-48z\"><\/path><\/svg>\t\t\t<\/div>\n\t\t<\/div>\n\t\t\t\t\t\t<\/div>\n\t\t\t\t<\/div>\n\t\t\t\t<div class=\"elementor-element elementor-element-61c4f52 elementor-widget elementor-widget-text-editor\" data-id=\"61c4f52\" data-element_type=\"widget\" data-e-type=\"widget\" data-widget_type=\"text-editor.default\">\n\t\t\t\t<div class=\"elementor-widget-container\">\n\t\t\t\t\t\t\t\t\t<p><em>Genom initiativet f\u00e5r Cosafe som f\u00f6retag tillsammans med alla medarbetare m\u00f6jligheten att bidra med en konkret, kraftfull och handlingskraftig insats f\u00f6r ideella organisationer och dess eldsj\u00e4lar runt om i Sverige. Agenda 2030 bidrar till att forma den framtid som dagens barn och unga ska leva i. Vi \u00e4r glada \u00f6ver att vi funnit ett litet s\u00e4tt att bidra till det.<\/em><\/p>\t\t\t\t\t\t\t\t<\/div>\n\t\t\t\t<\/div>\n\t\t\t\t<div class=\"elementor-element elementor-element-c081066 elementor-widget elementor-widget-heading\" data-id=\"c081066\" data-element_type=\"widget\" data-e-type=\"widget\" data-widget_type=\"heading.default\">\n\t\t\t\t<div class=\"elementor-widget-container\">\n\t\t\t\t\t<h2 class=\"elementor-heading-title elementor-size-default\">Alexis Nicou<\/h2>\t\t\t\t<\/div>\n\t\t\t\t<\/div>\n\t\t\t\t<div class=\"elementor-element elementor-element-3682732 elementor-widget elementor-widget-heading\" data-id=\"3682732\" data-element_type=\"widget\" data-e-type=\"widget\" data-widget_type=\"heading.default\">\n\t\t\t\t<div class=\"elementor-widget-container\">\n\t\t\t\t\t<h2 class=\"elementor-heading-title elementor-size-default\">CEO &amp; co-founder<\/h2>\t\t\t\t<\/div>\n\t\t\t\t<\/div>\n\t\t\t\t\t<\/div>\n\t\t<\/div>\n\t\t\t\t\t<\/div>\n\t\t<\/section>\n\t\t\t\t<\/div>\n\t\t","protected":false},"excerpt":{"rendered":"<p>Cosafe Sustainability Initiative (CoSI) Cosafe Sustainability Initiative (CoSI) v\u00e4nder sig till ideella f\u00f6reningar och v\u00e4lg\u00f6renhetsorganisationer som vill anv\u00e4nda v\u00e5r innovativa och digitala kommunikations- och s\u00e4kerhetsplattform Cosafe f\u00f6r att f\u00f6rb\u00e4ttra organisationens f\u00f6rebyggande arbetsmilj\u00f6- och beredskapsarbete samt m\u00f6jligg\u00f6ra modern och smart kommunikation i kritiska situationer. Mot bakgrund av Agenda 2030:s globala m\u00e5l f\u00f6r en h\u00e5llbar utveckling har [&hellip;]<\/p>\n","protected":false},"author":26,"featured_media":0,"parent":0,"menu_order":0,"comment_status":"closed","ping_status":"closed","template":"","meta":{"_acf_changed":false,"content-type":"","site-sidebar-layout":"no-sidebar","site-content-layout":"page-builder","ast-site-content-layout":"full-width-container","site-content-style":"default","site-sidebar-style":"default","ast-global-header-display":"","ast-banner-title-visibility":"","ast-main-header-display":"","ast-hfb-above-header-display":"","ast-hfb-below-header-display":"","ast-hfb-mobile-header-display":"","site-post-title":"disabled","ast-breadcrumbs-content":"","ast-featured-img":"disabled","footer-sml-layout":"","theme-transparent-header-meta":"default","adv-header-id-meta":"","stick-header-meta":"default","header-above-stick-meta":"","header-main-stick-meta":"","header-below-stick-meta":"","astra-migrate-meta-layouts":"set","ast-page-background-enabled":"default","ast-page-background-meta":{"desktop":{"background-color":"var(--ast-global-color-4)","background-image":"","background-repeat":"repeat","background-position":"center center","background-size":"auto","background-attachment":"scroll","background-type":"","background-media":"","overlay-type":"","overlay-color":"","overlay-opacity":"","overlay-gradient":""},"tablet":{"background-color":"","background-image":"","background-repeat":"repeat","background-position":"center center","background-size":"auto","background-attachment":"scroll","background-type":"","background-media":"","overlay-type":"","overlay-color":"","overlay-opacity":"","overlay-gradient":""},"mobile":{"background-color":"","background-image":"","background-repeat":"repeat","background-position":"center center","background-size":"auto","background-attachment":"scroll","background-type":"","background-media":"","overlay-type":"","overlay-color":"","overlay-opacity":"","overlay-gradient":""}},"ast-content-background-meta":{"desktop":{"background-color":"var(--ast-global-color-5)","background-image":"","background-repeat":"repeat","background-position":"center center","background-size":"auto","background-attachment":"scroll","background-type":"","background-media":"","overlay-type":"","overlay-color":"","overlay-opacity":"","overlay-gradient":""},"tablet":{"background-color":"var(--ast-global-color-5)","background-image":"","background-repeat":"repeat","background-position":"center center","background-size":"auto","background-attachment":"scroll","background-type":"","background-media":"","overlay-type":"","overlay-color":"","overlay-opacity":"","overlay-gradient":""},"mobile":{"background-color":"var(--ast-global-color-5)","background-image":"","background-repeat":"repeat","background-position":"center center","background-size":"auto","background-attachment":"scroll","background-type":"","background-media":"","overlay-type":"","overlay-color":"","overlay-opacity":"","overlay-gradient":""}},"footnotes":""},"class_list":["post-25305","page","type-page","status-publish","hentry"],"acf":[],"yoast_head":"<!-- This site is optimized with the Yoast SEO plugin v27.4 - https:\/\/yoast.com\/product\/yoast-seo-wordpress\/ -->\n<title>Cosafe Sustainability Initiative (CoSI)<\/title>\n<meta name=\"description\" content=\"Cosafe Sustainability Initiative (CoSI) - ans\u00f6k om ett kostnadsfritt 24 m\u00e5n Cosafe abonnemang v\u00e4rde 135 000 kr.\" \/>\n<meta name=\"robots\" content=\"index, follow, max-snippet:-1, max-image-preview:large, max-video-preview:-1\" \/>\n<link rel=\"canonical\" href=\"https:\/\/cosafe.com\/sv\/cosi\/\" \/>\n<meta property=\"og:locale\" content=\"sv_SE\" \/>\n<meta property=\"og:type\" content=\"article\" \/>\n<meta property=\"og:title\" content=\"Cosafe Sustainability Initiative (CoSI)\" \/>\n<meta property=\"og:description\" content=\"Cosafe Sustainability Initiative (CoSI) - ans\u00f6k om ett kostnadsfritt 24 m\u00e5n Cosafe abonnemang v\u00e4rde 135 000 kr.\" \/>\n<meta property=\"og:url\" content=\"https:\/\/cosafe.com\/sv\/cosi\/\" \/>\n<meta property=\"og:site_name\" content=\"Cosafe\" \/>\n<meta property=\"article:publisher\" content=\"https:\/\/www.facebook.com\/cosafe.technology\/\" \/>\n<meta property=\"article:modified_time\" content=\"2024-06-26T08:06:12+00:00\" \/>\n<meta property=\"og:image\" content=\"https:\/\/cosafe.com\/wp-content\/uploads\/2024\/06\/Alexis_fyrkant.jpg\" \/>\n<meta name=\"twitter:card\" content=\"summary_large_image\" \/>\n<meta name=\"twitter:label1\" content=\"Ber\u00e4knad l\u00e4stid\" \/>\n\t<meta name=\"twitter:data1\" content=\"1 minut\" \/>\n<script type=\"application\/ld+json\" class=\"yoast-schema-graph\">{\"@context\":\"https:\\\/\\\/schema.org\",\"@graph\":[{\"@type\":\"WebPage\",\"@id\":\"https:\\\/\\\/cosafe.com\\\/sv\\\/cosi\\\/\",\"url\":\"https:\\\/\\\/cosafe.com\\\/sv\\\/cosi\\\/\",\"name\":\"Cosafe Sustainability Initiative (CoSI)\",\"isPartOf\":{\"@id\":\"https:\\\/\\\/cosafe.com\\\/sv\\\/#website\"},\"primaryImageOfPage\":{\"@id\":\"https:\\\/\\\/cosafe.com\\\/sv\\\/cosi\\\/#primaryimage\"},\"image\":{\"@id\":\"https:\\\/\\\/cosafe.com\\\/sv\\\/cosi\\\/#primaryimage\"},\"thumbnailUrl\":\"https:\\\/\\\/cosafe.com\\\/wp-content\\\/uploads\\\/2024\\\/06\\\/Alexis_fyrkant.jpg\",\"datePublished\":\"2024-06-26T08:01:25+00:00\",\"dateModified\":\"2024-06-26T08:06:12+00:00\",\"description\":\"Cosafe Sustainability Initiative (CoSI) - ans\u00f6k om ett kostnadsfritt 24 m\u00e5n Cosafe abonnemang v\u00e4rde 135 000 kr.\",\"breadcrumb\":{\"@id\":\"https:\\\/\\\/cosafe.com\\\/sv\\\/cosi\\\/#breadcrumb\"},\"inLanguage\":\"sv-SE\",\"potentialAction\":[{\"@type\":\"ReadAction\",\"target\":[\"https:\\\/\\\/cosafe.com\\\/sv\\\/cosi\\\/\"]}]},{\"@type\":\"ImageObject\",\"inLanguage\":\"sv-SE\",\"@id\":\"https:\\\/\\\/cosafe.com\\\/sv\\\/cosi\\\/#primaryimage\",\"url\":\"https:\\\/\\\/cosafe.com\\\/wp-content\\\/uploads\\\/2024\\\/06\\\/Alexis_fyrkant.jpg\",\"contentUrl\":\"https:\\\/\\\/cosafe.com\\\/wp-content\\\/uploads\\\/2024\\\/06\\\/Alexis_fyrkant.jpg\"},{\"@type\":\"BreadcrumbList\",\"@id\":\"https:\\\/\\\/cosafe.com\\\/sv\\\/cosi\\\/#breadcrumb\",\"itemListElement\":[{\"@type\":\"ListItem\",\"position\":1,\"name\":\"Home\",\"item\":\"https:\\\/\\\/cosafe.com\\\/sv\\\/\"},{\"@type\":\"ListItem\",\"position\":2,\"name\":\"CoSafe Sustainability Initiative (CoSI)\"}]},{\"@type\":\"WebSite\",\"@id\":\"https:\\\/\\\/cosafe.com\\\/sv\\\/#website\",\"url\":\"https:\\\/\\\/cosafe.com\\\/sv\\\/\",\"name\":\"Cosafe\",\"description\":\"Alarms, Incident Management &amp; Smart Communication\",\"publisher\":{\"@id\":\"https:\\\/\\\/cosafe.com\\\/sv\\\/#organization\"},\"potentialAction\":[{\"@type\":\"SearchAction\",\"target\":{\"@type\":\"EntryPoint\",\"urlTemplate\":\"https:\\\/\\\/cosafe.com\\\/sv\\\/?s={search_term_string}\"},\"query-input\":{\"@type\":\"PropertyValueSpecification\",\"valueRequired\":true,\"valueName\":\"search_term_string\"}}],\"inLanguage\":\"sv-SE\"},{\"@type\":\"Organization\",\"@id\":\"https:\\\/\\\/cosafe.com\\\/sv\\\/#organization\",\"name\":\"Cosafe\",\"url\":\"https:\\\/\\\/cosafe.com\\\/sv\\\/\",\"logo\":{\"@type\":\"ImageObject\",\"inLanguage\":\"sv-SE\",\"@id\":\"https:\\\/\\\/cosafe.com\\\/sv\\\/#\\\/schema\\\/logo\\\/image\\\/\",\"url\":\"https:\\\/\\\/cosafe.com\\\/wp-content\\\/uploads\\\/2021\\\/10\\\/cosafe-admin-logo2.png\",\"contentUrl\":\"https:\\\/\\\/cosafe.com\\\/wp-content\\\/uploads\\\/2021\\\/10\\\/cosafe-admin-logo2.png\",\"width\":250,\"height\":61,\"caption\":\"Cosafe\"},\"image\":{\"@id\":\"https:\\\/\\\/cosafe.com\\\/sv\\\/#\\\/schema\\\/logo\\\/image\\\/\"},\"sameAs\":[\"https:\\\/\\\/www.facebook.com\\\/cosafe.technology\\\/\",\"https:\\\/\\\/se.linkedin.com\\\/company\\\/cosafe\"]}]}<\/script>\n<!-- \/ Yoast SEO plugin. -->","yoast_head_json":{"title":"Cosafe Sustainability Initiative (CoSI)","description":"Cosafe Sustainability Initiative (CoSI) - ans\u00f6k om ett kostnadsfritt 24 m\u00e5n Cosafe abonnemang v\u00e4rde 135 000 kr.","robots":{"index":"index","follow":"follow","max-snippet":"max-snippet:-1","max-image-preview":"max-image-preview:large","max-video-preview":"max-video-preview:-1"},"canonical":"https:\/\/cosafe.com\/sv\/cosi\/","og_locale":"sv_SE","og_type":"article","og_title":"Cosafe Sustainability Initiative (CoSI)","og_description":"Cosafe Sustainability Initiative (CoSI) - ans\u00f6k om ett kostnadsfritt 24 m\u00e5n Cosafe abonnemang v\u00e4rde 135 000 kr.","og_url":"https:\/\/cosafe.com\/sv\/cosi\/","og_site_name":"Cosafe","article_publisher":"https:\/\/www.facebook.com\/cosafe.technology\/","article_modified_time":"2024-06-26T08:06:12+00:00","og_image":[{"url":"https:\/\/cosafe.com\/wp-content\/uploads\/2024\/06\/Alexis_fyrkant.jpg","type":"","width":"","height":""}],"twitter_card":"summary_large_image","twitter_misc":{"Ber\u00e4knad l\u00e4stid":"1 minut"},"schema":{"@context":"https:\/\/schema.org","@graph":[{"@type":"WebPage","@id":"https:\/\/cosafe.com\/sv\/cosi\/","url":"https:\/\/cosafe.com\/sv\/cosi\/","name":"Cosafe Sustainability Initiative (CoSI)","isPartOf":{"@id":"https:\/\/cosafe.com\/sv\/#website"},"primaryImageOfPage":{"@id":"https:\/\/cosafe.com\/sv\/cosi\/#primaryimage"},"image":{"@id":"https:\/\/cosafe.com\/sv\/cosi\/#primaryimage"},"thumbnailUrl":"https:\/\/cosafe.com\/wp-content\/uploads\/2024\/06\/Alexis_fyrkant.jpg","datePublished":"2024-06-26T08:01:25+00:00","dateModified":"2024-06-26T08:06:12+00:00","description":"Cosafe Sustainability Initiative (CoSI) - ans\u00f6k om ett kostnadsfritt 24 m\u00e5n Cosafe abonnemang v\u00e4rde 135 000 kr.","breadcrumb":{"@id":"https:\/\/cosafe.com\/sv\/cosi\/#breadcrumb"},"inLanguage":"sv-SE","potentialAction":[{"@type":"ReadAction","target":["https:\/\/cosafe.com\/sv\/cosi\/"]}]},{"@type":"ImageObject","inLanguage":"sv-SE","@id":"https:\/\/cosafe.com\/sv\/cosi\/#primaryimage","url":"https:\/\/cosafe.com\/wp-content\/uploads\/2024\/06\/Alexis_fyrkant.jpg","contentUrl":"https:\/\/cosafe.com\/wp-content\/uploads\/2024\/06\/Alexis_fyrkant.jpg"},{"@type":"BreadcrumbList","@id":"https:\/\/cosafe.com\/sv\/cosi\/#breadcrumb","itemListElement":[{"@type":"ListItem","position":1,"name":"Home","item":"https:\/\/cosafe.com\/sv\/"},{"@type":"ListItem","position":2,"name":"CoSafe Sustainability Initiative (CoSI)"}]},{"@type":"WebSite","@id":"https:\/\/cosafe.com\/sv\/#website","url":"https:\/\/cosafe.com\/sv\/","name":"Cosafe","description":"Alarms, Incident Management &amp; Smart Communication","publisher":{"@id":"https:\/\/cosafe.com\/sv\/#organization"},"potentialAction":[{"@type":"SearchAction","target":{"@type":"EntryPoint","urlTemplate":"https:\/\/cosafe.com\/sv\/?s={search_term_string}"},"query-input":{"@type":"PropertyValueSpecification","valueRequired":true,"valueName":"search_term_string"}}],"inLanguage":"sv-SE"},{"@type":"Organization","@id":"https:\/\/cosafe.com\/sv\/#organization","name":"Cosafe","url":"https:\/\/cosafe.com\/sv\/","logo":{"@type":"ImageObject","inLanguage":"sv-SE","@id":"https:\/\/cosafe.com\/sv\/#\/schema\/logo\/image\/","url":"https:\/\/cosafe.com\/wp-content\/uploads\/2021\/10\/cosafe-admin-logo2.png","contentUrl":"https:\/\/cosafe.com\/wp-content\/uploads\/2021\/10\/cosafe-admin-logo2.png","width":250,"height":61,"caption":"Cosafe"},"image":{"@id":"https:\/\/cosafe.com\/sv\/#\/schema\/logo\/image\/"},"sameAs":["https:\/\/www.facebook.com\/cosafe.technology\/","https:\/\/se.linkedin.com\/company\/cosafe"]}]}},"_links":{"self":[{"href":"https:\/\/cosafe.com\/sv\/wp-json\/wp\/v2\/pages\/25305","targetHints":{"allow":["GET"]}}],"collection":[{"href":"https:\/\/cosafe.com\/sv\/wp-json\/wp\/v2\/pages"}],"about":[{"href":"https:\/\/cosafe.com\/sv\/wp-json\/wp\/v2\/types\/page"}],"author":[{"embeddable":true,"href":"https:\/\/cosafe.com\/sv\/wp-json\/wp\/v2\/users\/26"}],"replies":[{"embeddable":true,"href":"https:\/\/cosafe.com\/sv\/wp-json\/wp\/v2\/comments?post=25305"}],"version-history":[{"count":0,"href":"https:\/\/cosafe.com\/sv\/wp-json\/wp\/v2\/pages\/25305\/revisions"}],"wp:attachment":[{"href":"https:\/\/cosafe.com\/sv\/wp-json\/wp\/v2\/media?parent=25305"}],"curies":[{"name":"wp","href":"https:\/\/api.w.org\/{rel}","templated":true}]}}