{"id":25378,"date":"2024-06-26T09:24:59","date_gmt":"2024-06-26T09:24:59","guid":{"rendered":"https:\/\/cosafe.com\/?page_id=25378"},"modified":"2024-07-01T06:24:49","modified_gmt":"2024-07-01T06:24:49","slug":"tack-for-din-bokning-webbinarium","status":"publish","type":"page","link":"https:\/\/cosafe.com\/sv\/tack-for-din-bokning-webbinarium\/","title":{"rendered":"Tack f\u00f6r din bokning webinar"},"content":{"rendered":"\t\t<div data-elementor-type=\"wp-page\" data-elementor-id=\"25378\" class=\"elementor elementor-25378\" data-elementor-post-type=\"page\">\n\t\t\t\t\t\t<section class=\"elementor-section elementor-top-section elementor-element elementor-element-1f5ef4d elementor-section-boxed elementor-section-height-default elementor-section-height-default\" data-id=\"1f5ef4d\" data-element_type=\"section\" data-e-type=\"section\" data-settings=\"{&quot;background_background&quot;:&quot;classic&quot;}\">\n\t\t\t\t\t\t<div class=\"elementor-container elementor-column-gap-default\">\n\t\t\t\t\t<div class=\"elementor-column elementor-col-50 elementor-top-column elementor-element elementor-element-947163c elementor-invisible\" data-id=\"947163c\" data-element_type=\"column\" data-e-type=\"column\" data-settings=\"{&quot;animation&quot;:&quot;fadeInUp&quot;}\">\n\t\t\t<div class=\"elementor-widget-wrap elementor-element-populated\">\n\t\t\t\t\t\t<div class=\"elementor-element elementor-element-5c98a9a elementor-widget elementor-widget-heading\" data-id=\"5c98a9a\" data-element_type=\"widget\" data-e-type=\"widget\" data-widget_type=\"heading.default\">\n\t\t\t\t<div class=\"elementor-widget-container\">\n\t\t\t\t\t<h1 class=\"elementor-heading-title elementor-size-default\">Tack f\u00f6r din bokning!<\/h1>\t\t\t\t<\/div>\n\t\t\t\t<\/div>\n\t\t\t\t<div class=\"elementor-element elementor-element-ee0ea04 elementor-widget elementor-widget-text-editor\" data-id=\"ee0ea04\" data-element_type=\"widget\" data-e-type=\"widget\" data-widget_type=\"text-editor.default\">\n\t\t\t\t<div class=\"elementor-widget-container\">\n\t\t\t\t\t\t\t\t\t<p><span style=\"font-style: inherit; font-weight: inherit; color: var( --e-global-color-abc2ef3 );\">Vi har skickat en kalenderinbjudan till den e-postadress du angett (om du inte f\u00e5tt mejlet, kolla din spambox).<\/span><\/p>\n<p><strong><span style=\"font-style: inherit; color: var( --e-global-color-abc2ef3 );\">Varmt v\u00e4lkommen!<br>Team Cosafe<\/span><\/strong><\/p>\t\t\t\t\t\t\t\t<\/div>\n\t\t\t\t<\/div>\n\t\t\t\t\t<\/div>\n\t\t<\/div>\n\t\t\t\t<div class=\"elementor-column elementor-col-50 elementor-top-column elementor-element elementor-element-1868955\" data-id=\"1868955\" data-element_type=\"column\" data-e-type=\"column\">\n\t\t\t<div class=\"elementor-widget-wrap elementor-element-populated\">\n\t\t\t\t\t\t<div class=\"elementor-element elementor-element-d4cf5c4 animated-slow elementor-invisible elementor-widget elementor-widget-image\" data-id=\"d4cf5c4\" data-element_type=\"widget\" data-e-type=\"widget\" data-settings=\"{&quot;_animation&quot;:&quot;fadeIn&quot;}\" data-widget_type=\"image.default\">\n\t\t\t\t<div class=\"elementor-widget-container\">\n\t\t\t\t\t\t\t\t\t\t\t\t\t\t\t<img loading=\"lazy\" loading=\"lazy\" decoding=\"async\" width=\"800\" height=\"640\" data-src=\"https:\/\/cosafe.com\/wp-content\/uploads\/2024\/06\/share-insights1.jpg\" class=\"attachment-full size-full wp-image-24604 lazyload\" alt=\"\" data-srcset=\"https:\/\/cosafe.com\/wp-content\/uploads\/2024\/06\/share-insights1.jpg 800w, https:\/\/cosafe.com\/wp-content\/uploads\/2024\/06\/share-insights1-300x240.jpg 300w, https:\/\/cosafe.com\/wp-content\/uploads\/2024\/06\/share-insights1-768x614.jpg 768w\" data-sizes=\"auto, (max-width: 800px) 100vw, 800px\" src=\"data:image\/gif;base64,R0lGODlhAQABAAAAACH5BAEKAAEALAAAAAABAAEAAAICTAEAOw==\" style=\"--smush-placeholder-width: 800px; --smush-placeholder-aspect-ratio: 800\/640;\" \/><noscript><img loading=\"lazy\" loading=\"lazy\" decoding=\"async\" width=\"800\" height=\"640\" src=\"https:\/\/cosafe.com\/wp-content\/uploads\/2024\/06\/share-insights1.jpg\" class=\"attachment-full size-full wp-image-24604\" alt=\"\" srcset=\"https:\/\/cosafe.com\/wp-content\/uploads\/2024\/06\/share-insights1.jpg 800w, https:\/\/cosafe.com\/wp-content\/uploads\/2024\/06\/share-insights1-300x240.jpg 300w, https:\/\/cosafe.com\/wp-content\/uploads\/2024\/06\/share-insights1-768x614.jpg 768w\" sizes=\"auto, (max-width: 800px) 100vw, 800px\" \/><\/noscript>\t\t\t\t\t\t\t\t\t\t\t\t\t\t\t<\/div>\n\t\t\t\t<\/div>\n\t\t\t\t\t<\/div>\n\t\t<\/div>\n\t\t\t\t\t<\/div>\n\t\t<\/section>\n\t\t\t\t<section class=\"elementor-section elementor-top-section elementor-element elementor-element-a0c341b elementor-section-content-middle elementor-section-boxed elementor-section-height-default elementor-section-height-default\" data-id=\"a0c341b\" data-element_type=\"section\" data-e-type=\"section\" data-settings=\"{&quot;motion_fx_motion_fx_scrolling&quot;:&quot;yes&quot;,&quot;background_background&quot;:&quot;classic&quot;,&quot;motion_fx_devices&quot;:[&quot;desktop&quot;,&quot;tablet&quot;,&quot;mobile&quot;]}\">\n\t\t\t\t\t\t<div class=\"elementor-container elementor-column-gap-no\">\n\t\t\t\t\t<div class=\"elementor-column elementor-col-100 elementor-top-column elementor-element elementor-element-5419ceb\" data-id=\"5419ceb\" data-element_type=\"column\" data-e-type=\"column\">\n\t\t\t<div class=\"elementor-widget-wrap elementor-element-populated\">\n\t\t\t\t\t\t<div class=\"elementor-element elementor-element-e082ba2 elementor-widget elementor-widget-global elementor-global-6191 elementor-widget-heading\" data-id=\"e082ba2\" data-element_type=\"widget\" data-e-type=\"widget\" data-widget_type=\"heading.default\">\n\t\t\t\t<div class=\"elementor-widget-container\">\n\t\t\t\t\t<h2 class=\"elementor-heading-title elementor-size-default\">Trusted by organizations of all sizes across private and public sectors<\/h2>\t\t\t\t<\/div>\n\t\t\t\t<\/div>\n\t\t\t\t<div class=\"elementor-element elementor-element-9a0b8a5 elementor-widget-divider--view-line elementor-widget elementor-widget-divider\" data-id=\"9a0b8a5\" data-element_type=\"widget\" data-e-type=\"widget\" data-widget_type=\"divider.default\">\n\t\t\t\t<div class=\"elementor-widget-container\">\n\t\t\t\t\t\t\t<div class=\"elementor-divider\">\n\t\t\t<span class=\"elementor-divider-separator\">\n\t\t\t\t\t\t<\/span>\n\t\t<\/div>\n\t\t\t\t\t\t<\/div>\n\t\t\t\t<\/div>\n\t\t\t\t<section class=\"elementor-section elementor-inner-section elementor-element elementor-element-5725125 elementor-section-content-middle elementor-section-boxed elementor-section-height-default elementor-section-height-default\" data-id=\"5725125\" data-element_type=\"section\" data-e-type=\"section\">\n\t\t\t\t\t\t<div class=\"elementor-container elementor-column-gap-no\">\n\t\t\t\t\t<div class=\"elementor-column elementor-col-100 elementor-inner-column elementor-element elementor-element-ccc7860\" data-id=\"ccc7860\" data-element_type=\"column\" data-e-type=\"column\">\n\t\t\t<div class=\"elementor-widget-wrap elementor-element-populated\">\n\t\t\t\t\t\t<div class=\"elementor-element elementor-element-89a0682 elementor-skin-carousel elementor-pagination-type-bullets elementor-pagination-position-outside elementor-widget elementor-widget-global elementor-global-6178 elementor-widget-media-carousel\" data-id=\"89a0682\" data-element_type=\"widget\" data-e-type=\"widget\" data-settings=\"{&quot;slides_per_view&quot;:&quot;5&quot;,&quot;space_between&quot;:{&quot;unit&quot;:&quot;px&quot;,&quot;size&quot;:0,&quot;sizes&quot;:[]},&quot;skin&quot;:&quot;carousel&quot;,&quot;effect&quot;:&quot;slide&quot;,&quot;pagination&quot;:&quot;bullets&quot;,&quot;speed&quot;:500,&quot;autoplay&quot;:&quot;yes&quot;,&quot;autoplay_speed&quot;:5000,&quot;loop&quot;:&quot;yes&quot;,&quot;pause_on_hover&quot;:&quot;yes&quot;,&quot;pause_on_interaction&quot;:&quot;yes&quot;,&quot;space_between_tablet&quot;:{&quot;unit&quot;:&quot;px&quot;,&quot;size&quot;:10,&quot;sizes&quot;:[]},&quot;space_between_mobile&quot;:{&quot;unit&quot;:&quot;px&quot;,&quot;size&quot;:10,&quot;sizes&quot;:[]}}\" data-widget_type=\"media-carousel.default\">\n\t\t\t\t<div class=\"elementor-widget-container\">\n\t\t\t\t\t\t\t\t\t<div class=\"elementor-swiper\">\n\t\t\t\t\t<div class=\"elementor-main-swiper swiper\" role=\"region\" aria-roledescription=\"carousel\" aria-label=\"Bildspel\">\n\t\t\t\t<div class=\"swiper-wrapper\">\n\t\t\t\t\t\t\t\t\t\t\t<div class=\"swiper-slide\" role=\"group\" aria-roledescription=\"slide\">\n\t\t\t\t\t\t\t\t\t<div class=\"elementor-carousel-image lazyload\" role=\"img\" aria-label=\"Ovako-300x192-1.jpg\" style=\"background-image:inherit\" data-bg-image=\"url(&#039;https:\/\/cosafe.com\/wp-content\/uploads\/2022\/05\/Ovako-300x192-1.jpg&#039;)\">\n\n\t\t\t\n\t\t\t\t\t<\/div>\n\t\t\t\t\t\t\t\t<\/div>\n\t\t\t\t\t\t\t\t\t\t\t<div class=\"swiper-slide\" role=\"group\" aria-roledescription=\"slide\">\n\t\t\t\t\t\t\t\t\t<div class=\"elementor-carousel-image lazyload\" role=\"img\" aria-label=\"cocacola\" style=\"background-image:inherit\" data-bg-image=\"url(&#039;https:\/\/cosafe.com\/wp-content\/uploads\/2024\/01\/cocacola.png&#039;)\">\n\n\t\t\t\n\t\t\t\t\t<\/div>\n\t\t\t\t\t\t\t\t<\/div>\n\t\t\t\t\t\t\t\t\t\t\t<div class=\"swiper-slide\" role=\"group\" aria-roledescription=\"slide\">\n\t\t\t\t\t\t\t\t\t<div class=\"elementor-carousel-image lazyload\" role=\"img\" aria-label=\"bild-pa-roda-korsets-hogskolas-logotyp_eng_nyhet\" style=\"background-image:inherit\" data-bg-image=\"url(&#039;https:\/\/cosafe.com\/wp-content\/uploads\/2024\/01\/bild-pa-roda-korsets-hogskolas-logotyp_eng_nyhet-e1705330312383.jpg&#039;)\">\n\n\t\t\t\n\t\t\t\t\t<\/div>\n\t\t\t\t\t\t\t\t<\/div>\n\t\t\t\t\t\t\t\t\t\t\t<div class=\"swiper-slide\" role=\"group\" aria-roledescription=\"slide\">\n\t\t\t\t\t\t\t\t\t<div class=\"elementor-carousel-image lazyload\" role=\"img\" aria-label=\"BV banco\" style=\"background-image:inherit\" data-bg-image=\"url(&#039;https:\/\/cosafe.com\/wp-content\/uploads\/2024\/01\/BV-banco-e1705326482322.png&#039;)\">\n\n\t\t\t\n\t\t\t\t\t<\/div>\n\t\t\t\t\t\t\t\t<\/div>\n\t\t\t\t\t\t\t\t\t\t\t<div class=\"swiper-slide\" role=\"group\" aria-roledescription=\"slide\">\n\t\t\t\t\t\t\t\t\t<div class=\"elementor-carousel-image lazyload\" role=\"img\" aria-label=\"Church_of_Sweden_logo.svg\" style=\"background-image:inherit\" data-bg-image=\"url(&#039;https:\/\/cosafe.com\/wp-content\/uploads\/2024\/01\/Church_of_Sweden_logo.svg.png&#039;)\">\n\n\t\t\t\n\t\t\t\t\t<\/div>\n\t\t\t\t\t\t\t\t<\/div>\n\t\t\t\t\t\t\t\t\t\t\t<div class=\"swiper-slide\" role=\"group\" aria-roledescription=\"slide\">\n\t\t\t\t\t\t\t\t\t<div class=\"elementor-carousel-image lazyload\" role=\"img\" aria-label=\"live\" style=\"background-image:inherit\" data-bg-image=\"url(&#039;https:\/\/cosafe.com\/wp-content\/uploads\/2024\/01\/live.png&#039;)\">\n\n\t\t\t\n\t\t\t\t\t<\/div>\n\t\t\t\t\t\t\t\t<\/div>\n\t\t\t\t\t\t\t\t\t\t\t<div class=\"swiper-slide\" role=\"group\" aria-roledescription=\"slide\">\n\t\t\t\t\t\t\t\t\t<div class=\"elementor-carousel-image lazyload\" role=\"img\" aria-label=\"absolutcompany\" style=\"background-image:inherit\" data-bg-image=\"url(&#039;https:\/\/cosafe.com\/wp-content\/uploads\/2024\/01\/absolutcompany-e1705326433456.png&#039;)\">\n\n\t\t\t\n\t\t\t\t\t<\/div>\n\t\t\t\t\t\t\t\t<\/div>\n\t\t\t\t\t\t\t\t\t\t\t<div class=\"swiper-slide\" role=\"group\" aria-roledescription=\"slide\">\n\t\t\t\t\t\t\t\t\t<div class=\"elementor-carousel-image lazyload\" role=\"img\" aria-label=\"Stockholms_Universitet_logo.svg\" style=\"background-image:inherit\" data-bg-image=\"url(&#039;https:\/\/cosafe.com\/wp-content\/uploads\/2024\/01\/Stockholms_Universitet_logo.svg.png&#039;)\">\n\n\t\t\t\n\t\t\t\t\t<\/div>\n\t\t\t\t\t\t\t\t<\/div>\n\t\t\t\t\t\t\t\t\t\t\t<div class=\"swiper-slide\" role=\"group\" aria-roledescription=\"slide\">\n\t\t\t\t\t\t\t\t\t<div class=\"elementor-carousel-image lazyload\" role=\"img\" aria-label=\"GOOL\" style=\"background-image:inherit\" data-bg-image=\"url(&#039;https:\/\/cosafe.com\/wp-content\/uploads\/2024\/01\/GOOL.png&#039;)\">\n\n\t\t\t\n\t\t\t\t\t<\/div>\n\t\t\t\t\t\t\t\t<\/div>\n\t\t\t\t\t\t\t\t\t\t\t<div class=\"swiper-slide\" role=\"group\" aria-roledescription=\"slide\">\n\t\t\t\t\t\t\t\t\t<div class=\"elementor-carousel-image lazyload\" role=\"img\" aria-label=\"download\" style=\"background-image:inherit\" data-bg-image=\"url(&#039;https:\/\/cosafe.com\/wp-content\/uploads\/2024\/01\/download.jpeg&#039;)\">\n\n\t\t\t\n\t\t\t\t\t<\/div>\n\t\t\t\t\t\t\t\t<\/div>\n\t\t\t\t\t\t\t\t\t\t\t<div class=\"swiper-slide\" role=\"group\" aria-roledescription=\"slide\">\n\t\t\t\t\t\t\t\t\t<div class=\"elementor-carousel-image lazyload\" role=\"img\" aria-label=\"stockholms-stad_logo.png\" style=\"background-image:inherit\" data-bg-image=\"url(&#039;https:\/\/cosafe.com\/wp-content\/uploads\/2023\/07\/stockholms-stad_logo.png&#039;)\">\n\n\t\t\t\n\t\t\t\t\t<\/div>\n\t\t\t\t\t\t\t\t<\/div>\n\t\t\t\t\t\t\t\t\t\t\t<div class=\"swiper-slide\" role=\"group\" aria-roledescription=\"slide\">\n\t\t\t\t\t\t\t\t\t<div class=\"elementor-carousel-image lazyload\" role=\"img\" aria-label=\"DSS-Logo_positiv\" style=\"background-image:inherit\" data-bg-image=\"url(&#039;https:\/\/cosafe.com\/wp-content\/uploads\/2024\/01\/DSS-Logo_positiv.jpg&#039;)\">\n\n\t\t\t\n\t\t\t\t\t<\/div>\n\t\t\t\t\t\t\t\t<\/div>\n\t\t\t\t\t\t\t\t\t\t\t<div class=\"swiper-slide\" role=\"group\" aria-roledescription=\"slide\">\n\t\t\t\t\t\t\t\t\t<div class=\"elementor-carousel-image lazyload\" role=\"img\" aria-label=\"cosan\" style=\"background-image:inherit\" data-bg-image=\"url(&#039;https:\/\/cosafe.com\/wp-content\/uploads\/2024\/01\/cosan.png&#039;)\">\n\n\t\t\t\n\t\t\t\t\t<\/div>\n\t\t\t\t\t\t\t\t<\/div>\n\t\t\t\t\t\t\t\t\t\t\t<div class=\"swiper-slide\" role=\"group\" aria-roledescription=\"slide\">\n\t\t\t\t\t\t\t\t\t<div class=\"elementor-carousel-image lazyload\" role=\"img\" aria-label=\"Swe opera\" style=\"background-image:inherit\" data-bg-image=\"url(&#039;https:\/\/cosafe.com\/wp-content\/uploads\/2024\/01\/download.png&#039;)\">\n\n\t\t\t\n\t\t\t\t\t<\/div>\n\t\t\t\t\t\t\t\t<\/div>\n\t\t\t\t\t\t\t\t\t\t\t<div class=\"swiper-slide\" role=\"group\" aria-roledescription=\"slide\">\n\t\t\t\t\t\t\t\t\t<div class=\"elementor-carousel-image lazyload\" role=\"img\" aria-label=\"eng skolan\" style=\"background-image:inherit\" data-bg-image=\"url(&#039;https:\/\/cosafe.com\/wp-content\/uploads\/2024\/01\/eng-skolan.png&#039;)\">\n\n\t\t\t\n\t\t\t\t\t<\/div>\n\t\t\t\t\t\t\t\t<\/div>\n\t\t\t\t\t\t\t\t\t<\/div>\n\t\t\t\t\t\t\t\t\t\t\t\t\t\t\t\t\t\t\t\t<div class=\"swiper-pagination\"><\/div>\n\t\t\t\t\t\t\t\t\t\t\t\t<\/div>\n\t\t\t\t<\/div>\n\t\t\t\t\t\t\t\t<\/div>\n\t\t\t\t<\/div>\n\t\t\t\t\t<\/div>\n\t\t<\/div>\n\t\t\t\t\t<\/div>\n\t\t<\/section>\n\t\t\t\t\t<\/div>\n\t\t<\/div>\n\t\t\t\t\t<\/div>\n\t\t<\/section>\n\t\t\t\t<\/div>\n\t\t","protected":false},"excerpt":{"rendered":"<p>Tack f\u00f6r din bokning! Vi har skickat en kalenderinbjudan till den e-postadress du angett (om du inte f\u00e5tt mejlet, kolla din spambox). Varmt v\u00e4lkommen!Team Cosafe Trusted by organizations of all sizes across private and public sectors<\/p>\n","protected":false},"author":26,"featured_media":0,"parent":0,"menu_order":0,"comment_status":"closed","ping_status":"closed","template":"","meta":{"_acf_changed":false,"content-type":"","site-sidebar-layout":"no-sidebar","site-content-layout":"page-builder","ast-site-content-layout":"full-width-container","site-content-style":"default","site-sidebar-style":"default","ast-global-header-display":"","ast-banner-title-visibility":"","ast-main-header-display":"","ast-hfb-above-header-display":"","ast-hfb-below-header-display":"","ast-hfb-mobile-header-display":"","site-post-title":"disabled","ast-breadcrumbs-content":"","ast-featured-img":"disabled","footer-sml-layout":"","theme-transparent-header-meta":"default","adv-header-id-meta":"","stick-header-meta":"default","header-above-stick-meta":"","header-main-stick-meta":"","header-below-stick-meta":"","astra-migrate-meta-layouts":"set","ast-page-background-enabled":"default","ast-page-background-meta":{"desktop":{"background-color":"var(--ast-global-color-4)","background-image":"","background-repeat":"repeat","background-position":"center center","background-size":"auto","background-attachment":"scroll","background-type":"","background-media":"","overlay-type":"","overlay-color":"","overlay-opacity":"","overlay-gradient":""},"tablet":{"background-color":"","background-image":"","background-repeat":"repeat","background-position":"center center","background-size":"auto","background-attachment":"scroll","background-type":"","background-media":"","overlay-type":"","overlay-color":"","overlay-opacity":"","overlay-gradient":""},"mobile":{"background-color":"","background-image":"","background-repeat":"repeat","background-position":"center center","background-size":"auto","background-attachment":"scroll","background-type":"","background-media":"","overlay-type":"","overlay-color":"","overlay-opacity":"","overlay-gradient":""}},"ast-content-background-meta":{"desktop":{"background-color":"var(--ast-global-color-5)","background-image":"","background-repeat":"repeat","background-position":"center center","background-size":"auto","background-attachment":"scroll","background-type":"","background-media":"","overlay-type":"","overlay-color":"","overlay-opacity":"","overlay-gradient":""},"tablet":{"background-color":"var(--ast-global-color-5)","background-image":"","background-repeat":"repeat","background-position":"center center","background-size":"auto","background-attachment":"scroll","background-type":"","background-media":"","overlay-type":"","overlay-color":"","overlay-opacity":"","overlay-gradient":""},"mobile":{"background-color":"var(--ast-global-color-5)","background-image":"","background-repeat":"repeat","background-position":"center center","background-size":"auto","background-attachment":"scroll","background-type":"","background-media":"","overlay-type":"","overlay-color":"","overlay-opacity":"","overlay-gradient":""}},"footnotes":""},"class_list":["post-25378","page","type-page","status-publish","hentry"],"acf":[],"yoast_head":"<!-- This site is optimized with the Yoast SEO plugin v27.5 - https:\/\/yoast.com\/product\/yoast-seo-wordpress\/ -->\n<title>Kunder | Cosafe larmapp, krishantering och kommunikation<\/title>\n<meta name=\"description\" content=\"Cosafe har m\u00e5nga kunder bland sm\u00e5 och stora f\u00f6retag samt kommuner, skolor, myndigheter i Sverige och utomlands.\" \/>\n<meta name=\"robots\" content=\"index, follow, max-snippet:-1, max-image-preview:large, max-video-preview:-1\" \/>\n<link rel=\"canonical\" href=\"https:\/\/cosafe.com\/sv\/tack-for-din-bokning-webbinarium\/\" \/>\n<meta property=\"og:locale\" content=\"sv_SE\" \/>\n<meta property=\"og:type\" content=\"article\" \/>\n<meta property=\"og:title\" content=\"Kunder | Cosafe larmapp, krishantering och kommunikation\" \/>\n<meta property=\"og:description\" content=\"Cosafe har m\u00e5nga kunder bland sm\u00e5 och stora f\u00f6retag samt kommuner, skolor, myndigheter i Sverige och utomlands.\" \/>\n<meta property=\"og:url\" content=\"https:\/\/cosafe.com\/sv\/tack-for-din-bokning-webbinarium\/\" \/>\n<meta property=\"og:site_name\" content=\"Cosafe\" \/>\n<meta property=\"article:publisher\" content=\"https:\/\/www.facebook.com\/cosafe.technology\/\" \/>\n<meta property=\"article:modified_time\" content=\"2024-07-01T06:24:49+00:00\" \/>\n<meta property=\"og:image\" content=\"https:\/\/cosafe.com\/wp-content\/uploads\/2024\/06\/share-insights1.jpg\" \/>\n<meta name=\"twitter:card\" content=\"summary_large_image\" \/>\n<script type=\"application\/ld+json\" class=\"yoast-schema-graph\">{\"@context\":\"https:\\\/\\\/schema.org\",\"@graph\":[{\"@type\":\"WebPage\",\"@id\":\"https:\\\/\\\/cosafe.com\\\/sv\\\/tack-for-din-bokning-webbinarium\\\/\",\"url\":\"https:\\\/\\\/cosafe.com\\\/sv\\\/tack-for-din-bokning-webbinarium\\\/\",\"name\":\"Kunder | Cosafe larmapp, krishantering och kommunikation\",\"isPartOf\":{\"@id\":\"https:\\\/\\\/cosafe.com\\\/sv\\\/#website\"},\"primaryImageOfPage\":{\"@id\":\"https:\\\/\\\/cosafe.com\\\/sv\\\/tack-for-din-bokning-webbinarium\\\/#primaryimage\"},\"image\":{\"@id\":\"https:\\\/\\\/cosafe.com\\\/sv\\\/tack-for-din-bokning-webbinarium\\\/#primaryimage\"},\"thumbnailUrl\":\"https:\\\/\\\/cosafe.com\\\/wp-content\\\/uploads\\\/2024\\\/06\\\/share-insights1.jpg\",\"datePublished\":\"2024-06-26T09:24:59+00:00\",\"dateModified\":\"2024-07-01T06:24:49+00:00\",\"description\":\"Cosafe har m\u00e5nga kunder bland sm\u00e5 och stora f\u00f6retag samt kommuner, skolor, myndigheter i Sverige och utomlands.\",\"breadcrumb\":{\"@id\":\"https:\\\/\\\/cosafe.com\\\/sv\\\/tack-for-din-bokning-webbinarium\\\/#breadcrumb\"},\"inLanguage\":\"sv-SE\",\"potentialAction\":[{\"@type\":\"ReadAction\",\"target\":[\"https:\\\/\\\/cosafe.com\\\/sv\\\/tack-for-din-bokning-webbinarium\\\/\"]}]},{\"@type\":\"ImageObject\",\"inLanguage\":\"sv-SE\",\"@id\":\"https:\\\/\\\/cosafe.com\\\/sv\\\/tack-for-din-bokning-webbinarium\\\/#primaryimage\",\"url\":\"https:\\\/\\\/cosafe.com\\\/wp-content\\\/uploads\\\/2024\\\/06\\\/share-insights1.jpg\",\"contentUrl\":\"https:\\\/\\\/cosafe.com\\\/wp-content\\\/uploads\\\/2024\\\/06\\\/share-insights1.jpg\"},{\"@type\":\"BreadcrumbList\",\"@id\":\"https:\\\/\\\/cosafe.com\\\/sv\\\/tack-for-din-bokning-webbinarium\\\/#breadcrumb\",\"itemListElement\":[{\"@type\":\"ListItem\",\"position\":1,\"name\":\"Home\",\"item\":\"https:\\\/\\\/cosafe.com\\\/sv\\\/\"},{\"@type\":\"ListItem\",\"position\":2,\"name\":\"Tack f\u00f6r din bokning webinar\"}]},{\"@type\":\"WebSite\",\"@id\":\"https:\\\/\\\/cosafe.com\\\/sv\\\/#website\",\"url\":\"https:\\\/\\\/cosafe.com\\\/sv\\\/\",\"name\":\"Cosafe\",\"description\":\"Alarms, Incident Management &amp; Smart Communication\",\"publisher\":{\"@id\":\"https:\\\/\\\/cosafe.com\\\/sv\\\/#organization\"},\"potentialAction\":[{\"@type\":\"SearchAction\",\"target\":{\"@type\":\"EntryPoint\",\"urlTemplate\":\"https:\\\/\\\/cosafe.com\\\/sv\\\/?s={search_term_string}\"},\"query-input\":{\"@type\":\"PropertyValueSpecification\",\"valueRequired\":true,\"valueName\":\"search_term_string\"}}],\"inLanguage\":\"sv-SE\"},{\"@type\":\"Organization\",\"@id\":\"https:\\\/\\\/cosafe.com\\\/sv\\\/#organization\",\"name\":\"Cosafe\",\"url\":\"https:\\\/\\\/cosafe.com\\\/sv\\\/\",\"logo\":{\"@type\":\"ImageObject\",\"inLanguage\":\"sv-SE\",\"@id\":\"https:\\\/\\\/cosafe.com\\\/sv\\\/#\\\/schema\\\/logo\\\/image\\\/\",\"url\":\"https:\\\/\\\/cosafe.com\\\/wp-content\\\/uploads\\\/2021\\\/10\\\/cosafe-admin-logo2.png\",\"contentUrl\":\"https:\\\/\\\/cosafe.com\\\/wp-content\\\/uploads\\\/2021\\\/10\\\/cosafe-admin-logo2.png\",\"width\":250,\"height\":61,\"caption\":\"Cosafe\"},\"image\":{\"@id\":\"https:\\\/\\\/cosafe.com\\\/sv\\\/#\\\/schema\\\/logo\\\/image\\\/\"},\"sameAs\":[\"https:\\\/\\\/www.facebook.com\\\/cosafe.technology\\\/\",\"https:\\\/\\\/se.linkedin.com\\\/company\\\/cosafe\"]}]}<\/script>\n<!-- \/ Yoast SEO plugin. -->","yoast_head_json":{"title":"Kunder | Cosafe larmapp, krishantering och kommunikation","description":"Cosafe har m\u00e5nga kunder bland sm\u00e5 och stora f\u00f6retag samt kommuner, skolor, myndigheter i Sverige och utomlands.","robots":{"index":"index","follow":"follow","max-snippet":"max-snippet:-1","max-image-preview":"max-image-preview:large","max-video-preview":"max-video-preview:-1"},"canonical":"https:\/\/cosafe.com\/sv\/tack-for-din-bokning-webbinarium\/","og_locale":"sv_SE","og_type":"article","og_title":"Kunder | Cosafe larmapp, krishantering och kommunikation","og_description":"Cosafe har m\u00e5nga kunder bland sm\u00e5 och stora f\u00f6retag samt kommuner, skolor, myndigheter i Sverige och utomlands.","og_url":"https:\/\/cosafe.com\/sv\/tack-for-din-bokning-webbinarium\/","og_site_name":"Cosafe","article_publisher":"https:\/\/www.facebook.com\/cosafe.technology\/","article_modified_time":"2024-07-01T06:24:49+00:00","og_image":[{"url":"https:\/\/cosafe.com\/wp-content\/uploads\/2024\/06\/share-insights1.jpg","type":"","width":"","height":""}],"twitter_card":"summary_large_image","schema":{"@context":"https:\/\/schema.org","@graph":[{"@type":"WebPage","@id":"https:\/\/cosafe.com\/sv\/tack-for-din-bokning-webbinarium\/","url":"https:\/\/cosafe.com\/sv\/tack-for-din-bokning-webbinarium\/","name":"Kunder | Cosafe larmapp, krishantering och kommunikation","isPartOf":{"@id":"https:\/\/cosafe.com\/sv\/#website"},"primaryImageOfPage":{"@id":"https:\/\/cosafe.com\/sv\/tack-for-din-bokning-webbinarium\/#primaryimage"},"image":{"@id":"https:\/\/cosafe.com\/sv\/tack-for-din-bokning-webbinarium\/#primaryimage"},"thumbnailUrl":"https:\/\/cosafe.com\/wp-content\/uploads\/2024\/06\/share-insights1.jpg","datePublished":"2024-06-26T09:24:59+00:00","dateModified":"2024-07-01T06:24:49+00:00","description":"Cosafe har m\u00e5nga kunder bland sm\u00e5 och stora f\u00f6retag samt kommuner, skolor, myndigheter i Sverige och utomlands.","breadcrumb":{"@id":"https:\/\/cosafe.com\/sv\/tack-for-din-bokning-webbinarium\/#breadcrumb"},"inLanguage":"sv-SE","potentialAction":[{"@type":"ReadAction","target":["https:\/\/cosafe.com\/sv\/tack-for-din-bokning-webbinarium\/"]}]},{"@type":"ImageObject","inLanguage":"sv-SE","@id":"https:\/\/cosafe.com\/sv\/tack-for-din-bokning-webbinarium\/#primaryimage","url":"https:\/\/cosafe.com\/wp-content\/uploads\/2024\/06\/share-insights1.jpg","contentUrl":"https:\/\/cosafe.com\/wp-content\/uploads\/2024\/06\/share-insights1.jpg"},{"@type":"BreadcrumbList","@id":"https:\/\/cosafe.com\/sv\/tack-for-din-bokning-webbinarium\/#breadcrumb","itemListElement":[{"@type":"ListItem","position":1,"name":"Home","item":"https:\/\/cosafe.com\/sv\/"},{"@type":"ListItem","position":2,"name":"Tack f\u00f6r din bokning webinar"}]},{"@type":"WebSite","@id":"https:\/\/cosafe.com\/sv\/#website","url":"https:\/\/cosafe.com\/sv\/","name":"Cosafe","description":"Alarms, Incident Management &amp; Smart Communication","publisher":{"@id":"https:\/\/cosafe.com\/sv\/#organization"},"potentialAction":[{"@type":"SearchAction","target":{"@type":"EntryPoint","urlTemplate":"https:\/\/cosafe.com\/sv\/?s={search_term_string}"},"query-input":{"@type":"PropertyValueSpecification","valueRequired":true,"valueName":"search_term_string"}}],"inLanguage":"sv-SE"},{"@type":"Organization","@id":"https:\/\/cosafe.com\/sv\/#organization","name":"Cosafe","url":"https:\/\/cosafe.com\/sv\/","logo":{"@type":"ImageObject","inLanguage":"sv-SE","@id":"https:\/\/cosafe.com\/sv\/#\/schema\/logo\/image\/","url":"https:\/\/cosafe.com\/wp-content\/uploads\/2021\/10\/cosafe-admin-logo2.png","contentUrl":"https:\/\/cosafe.com\/wp-content\/uploads\/2021\/10\/cosafe-admin-logo2.png","width":250,"height":61,"caption":"Cosafe"},"image":{"@id":"https:\/\/cosafe.com\/sv\/#\/schema\/logo\/image\/"},"sameAs":["https:\/\/www.facebook.com\/cosafe.technology\/","https:\/\/se.linkedin.com\/company\/cosafe"]}]}},"_links":{"self":[{"href":"https:\/\/cosafe.com\/sv\/wp-json\/wp\/v2\/pages\/25378","targetHints":{"allow":["GET"]}}],"collection":[{"href":"https:\/\/cosafe.com\/sv\/wp-json\/wp\/v2\/pages"}],"about":[{"href":"https:\/\/cosafe.com\/sv\/wp-json\/wp\/v2\/types\/page"}],"author":[{"embeddable":true,"href":"https:\/\/cosafe.com\/sv\/wp-json\/wp\/v2\/users\/26"}],"replies":[{"embeddable":true,"href":"https:\/\/cosafe.com\/sv\/wp-json\/wp\/v2\/comments?post=25378"}],"version-history":[{"count":0,"href":"https:\/\/cosafe.com\/sv\/wp-json\/wp\/v2\/pages\/25378\/revisions"}],"wp:attachment":[{"href":"https:\/\/cosafe.com\/sv\/wp-json\/wp\/v2\/media?parent=25378"}],"curies":[{"name":"wp","href":"https:\/\/api.w.org\/{rel}","templated":true}]}}